{"id":9092,"date":"2023-04-03T14:57:14","date_gmt":"2023-04-03T14:57:14","guid":{"rendered":"https:\/\/curriculum.nbed.ca\/?page_id=9092"},"modified":"2025-10-31T17:50:24","modified_gmt":"2025-10-31T17:50:24","slug":"arts-langagiers-en-immersion-francaise-9-12","status":"publish","type":"page","link":"https:\/\/curriculum.nbed.ca\/fr\/domaines-dapprentissage\/secondaire\/langues-et-arts-de-la-langue\/francais-langue-seconde\/arts-langagiers-en-immersion-francaise-9-12\/","title":{"rendered":"Arts langagiers en immersion francaise 9"},"content":{"rendered":"<div class=\"g-container\">\n<p>Le cours <em>Arts langagiers en immersion fran\u00e7aise 9 <\/em>(point d\u2019entr\u00e9e 1<sup>re<\/sup> ann\u00e9e\/point d&rsquo;entr\u00e9e 6<sup>e<\/sup> ann\u00e9e) met l\u2019accent sur l&rsquo;enseignement et l&rsquo;apprentissage \u00e0 travers les riches perspectives de la culture et une analyse critique du monde qui nous entoure. Les apprenants acqui\u00e8rent les comp\u00e9tences n\u00e9cessaires pour communiquer de fa\u00e7on autonome en fran\u00e7ais, tant \u00e0 des fins personnelles qu\u2019abstraites. En les encourageant \u00e0 suivre le processus d\u2019apprentissage interculturel, on les pr\u00e9pare \u00e0 devenir des citoyens du monde tout en leur offrant des exp\u00e9riences d\u2019apprentissage engageantes et personnalis\u00e9es. Les apprenants s\u2019expriment avec confiance sur des sujets familiers, tout en d\u00e9veloppant leurs comp\u00e9tences pour aborder des textes plus complexes et abstraits.<\/p>\n<\/div>","protected":false},"excerpt":{"rendered":"<p>Le cours Arts langagiers en immersion fran\u00e7aise 9 (point d\u2019entr\u00e9e 1re ann\u00e9e\/point d&rsquo;entr\u00e9e 6e ann\u00e9e) met l\u2019accent sur l&rsquo;enseignement et l&rsquo;apprentissage \u00e0 travers les riches perspectives de la culture et une analyse critique du monde qui nous entoure. Les apprenants acqui\u00e8rent les comp\u00e9tences n\u00e9cessaires pour communiquer de fa\u00e7on autonome en fran\u00e7ais, tant \u00e0 des fins [&hellip;]<\/p>\n","protected":false},"author":8,"featured_media":0,"parent":8870,"menu_order":0,"comment_status":"closed","ping_status":"closed","template":"pages\/template-subject.php","meta":{"_acf_changed":false,"footnotes":""},"class_list":["post-9092","page","type-page","status-publish","hentry"],"acf":[],"_links":{"self":[{"href":"https:\/\/curriculum.nbed.ca\/fr\/wp-json\/wp\/v2\/pages\/9092","targetHints":{"allow":["GET"]}}],"collection":[{"href":"https:\/\/curriculum.nbed.ca\/fr\/wp-json\/wp\/v2\/pages"}],"about":[{"href":"https:\/\/curriculum.nbed.ca\/fr\/wp-json\/wp\/v2\/types\/page"}],"author":[{"embeddable":true,"href":"https:\/\/curriculum.nbed.ca\/fr\/wp-json\/wp\/v2\/users\/8"}],"replies":[{"embeddable":true,"href":"https:\/\/curriculum.nbed.ca\/fr\/wp-json\/wp\/v2\/comments?post=9092"}],"version-history":[{"count":27,"href":"https:\/\/curriculum.nbed.ca\/fr\/wp-json\/wp\/v2\/pages\/9092\/revisions"}],"predecessor-version":[{"id":11000,"href":"https:\/\/curriculum.nbed.ca\/fr\/wp-json\/wp\/v2\/pages\/9092\/revisions\/11000"}],"up":[{"embeddable":true,"href":"https:\/\/curriculum.nbed.ca\/fr\/wp-json\/wp\/v2\/pages\/8870"}],"wp:attachment":[{"href":"https:\/\/curriculum.nbed.ca\/fr\/wp-json\/wp\/v2\/media?parent=9092"}],"curies":[{"name":"wp","href":"https:\/\/api.w.org\/{rel}","templated":true}]}}