{"id":8961,"date":"2023-04-03T14:57:14","date_gmt":"2023-04-03T14:57:14","guid":{"rendered":"https:\/\/curriculum.nbed.ca\/?page_id=8961"},"modified":"2025-08-26T19:13:37","modified_gmt":"2025-08-26T19:13:37","slug":"musique-populaire-110-120","status":"publish","type":"page","link":"https:\/\/curriculum.nbed.ca\/fr\/domaines-dapprentissage\/secondaire\/arts-creatifs\/musique-populaire-110-120\/","title":{"rendered":"Musique populaire\u00a0110 \/ 120"},"content":{"rendered":"<div class=\"g-container\">\n<p>Le cours <strong><em>Musique populaire\u202f110\/120 <\/em><\/strong>est destin\u00e9 aux personnes apprenantes qui ont r\u00e9ussi le cours <strong><em>Civisme<\/em><\/strong> et qui savent d\u00e9j\u00e0 jouer d\u2019un instrument que ce soit le chant, un instrument traditionnel ou \u00e0 l\u2019aide d\u2019une station audio num\u00e9rique. Le cours <strong><em>Civisme<\/em><\/strong> aidera les apprenants \u00e0 d\u00e9velopper une compr\u00e9hension historique, essentielle pour explorer et comprendre l\u2019industrie musicale, son \u00e9volution, son influence sur la soci\u00e9t\u00e9, ainsi que sa r\u00e9action face aux diff\u00e9rents mouvements et \u00e9v\u00e9nements qui l\u2019ont marqu\u00e9e.&nbsp;<\/p>\n<\/div>\n\n<div class=\"g-container\">\n<p>Les gens, peu importe leur origine, leur genre ou leur situation g\u00e9ographique, ont toujours utilis\u00e9 la musique pour raconter leur histoire, leur culture et les \u00e9v\u00e9nements qui marquent leur vie. Dans le cours <strong><em>Musique populaire\u202f110\/120<\/em><\/strong><em>, <\/em>les personnes apprenantes<em> <\/em>d\u00e9couvrent<strong> <\/strong>comment les grands \u00e9v\u00e9nements mondiaux influencent la musique populaire, et comment cette musique, \u00e0 son tour, agit sur la culture et la soci\u00e9t\u00e9. \u00c0 travers des recherches, les personnes apprenantes approfondissent leur compr\u00e9hension des diff\u00e9rents styles musicaux ainsi que des changements sociaux et culturels qui les accompagnent.&nbsp;<\/p>\n<\/div>\n\n<div class=\"g-container\">\n<p>Le cours <strong><em>Musique populaire\u202f110\/120<\/em><\/strong> explore la culture musicale \u00e0 travers les \u00e9l\u00e9ments de la musique, les instruments, et le r\u00f4le important de l\u2019industrie musicale, des promoteurs, des artistes et des compositeurs. Les personnes apprenantes ont aussi l\u2019occasion de cr\u00e9er ou de reproduire de la musique afin de montrer qu\u2019ils comprennent bien les caract\u00e9ristiques propres \u00e0 un genre donn\u00e9. Contrairement aux autres cours facultatifs de musique, l\u2019\u00e9valuation porte surtout sur le processus d\u2019apprentissage et de la cr\u00e9ation, plut\u00f4t que sur le produit final.&nbsp;<\/p>\n<\/div>","protected":false},"excerpt":{"rendered":"<p>Le cours Musique populaire\u202f110\/120 est destin\u00e9 aux personnes apprenantes qui ont r\u00e9ussi le cours Civisme et qui savent d\u00e9j\u00e0 jouer d\u2019un instrument que ce soit le chant, un instrument traditionnel ou \u00e0 l\u2019aide d\u2019une station audio num\u00e9rique. Le cours Civisme aidera les apprenants \u00e0 d\u00e9velopper une compr\u00e9hension historique, essentielle pour explorer et comprendre l\u2019industrie musicale, [&hellip;]<\/p>\n","protected":false},"author":8,"featured_media":0,"parent":2517,"menu_order":0,"comment_status":"closed","ping_status":"closed","template":"pages\/template-subject.php","meta":{"_acf_changed":false,"footnotes":""},"class_list":["post-8961","page","type-page","status-publish","hentry"],"acf":[],"_links":{"self":[{"href":"https:\/\/curriculum.nbed.ca\/fr\/wp-json\/wp\/v2\/pages\/8961","targetHints":{"allow":["GET"]}}],"collection":[{"href":"https:\/\/curriculum.nbed.ca\/fr\/wp-json\/wp\/v2\/pages"}],"about":[{"href":"https:\/\/curriculum.nbed.ca\/fr\/wp-json\/wp\/v2\/types\/page"}],"author":[{"embeddable":true,"href":"https:\/\/curriculum.nbed.ca\/fr\/wp-json\/wp\/v2\/users\/8"}],"replies":[{"embeddable":true,"href":"https:\/\/curriculum.nbed.ca\/fr\/wp-json\/wp\/v2\/comments?post=8961"}],"version-history":[{"count":9,"href":"https:\/\/curriculum.nbed.ca\/fr\/wp-json\/wp\/v2\/pages\/8961\/revisions"}],"predecessor-version":[{"id":10726,"href":"https:\/\/curriculum.nbed.ca\/fr\/wp-json\/wp\/v2\/pages\/8961\/revisions\/10726"}],"up":[{"embeddable":true,"href":"https:\/\/curriculum.nbed.ca\/fr\/wp-json\/wp\/v2\/pages\/2517"}],"wp:attachment":[{"href":"https:\/\/curriculum.nbed.ca\/fr\/wp-json\/wp\/v2\/media?parent=8961"}],"curies":[{"name":"wp","href":"https:\/\/api.w.org\/{rel}","templated":true}]}}