{"id":8870,"date":"2024-10-10T19:43:19","date_gmt":"2024-10-10T19:43:19","guid":{"rendered":"https:\/\/curriculum.nbed.ca\/?page_id=8870"},"modified":"2025-09-05T20:04:44","modified_gmt":"2025-09-05T20:04:44","slug":"francais-langue-seconde","status":"publish","type":"page","link":"https:\/\/curriculum.nbed.ca\/fr\/domaines-dapprentissage\/secondaire\/langues-et-arts-de-la-langue\/francais-langue-seconde\/","title":{"rendered":"Fran\u00e7ais langue seconde"},"content":{"rendered":"<div class=\"g-container\">\n<p>Les <strong>Arts langagiers en immersion fran\u00e7aise<\/strong>&nbsp;permettent aux apprenants en immersion de d\u00e9velopper des comp\u00e9tences de plus en plus avanc\u00e9es en litt\u00e9ratie, y compris en communication orale.<\/p>\n<\/div>\n\n<div class=\"g-container\">\n<p><\/p>\n<\/div>\n\n<div class=\"g-container\">\n<ul class=\"wp-block-list\">\n<li><a href=\"https:\/\/curriculum.nbed.ca\/fr\/domaines-dapprentissage\/secondaire\/langues-et-arts-de-la-langue\/francais-langue-seconde\/arts-langagiers-en-immersion-francaise-9-12\/\" data-type=\"link\" data-id=\"https:\/\/curriculum.nbed.ca\/fr\/domaines-dapprentissage\/secondaire\/langues-et-arts-de-la-langue\/francais-langue-seconde\/arts-langagiers-en-immersion-francaise-9-pe1\/\">Arts langagiers en immersion fran\u00e7aise 9<\/a><\/li>\n\n\n\n<li><a href=\"https:\/\/curriculum.nbed.ca\/fr\/domaines-dapprentissage\/secondaire\/langues-et-arts-de-la-langue\/francais-langue-seconde\/arts-langagiers-en-immersion-francaise-10\/\">Arts langagiers en immersion fran\u00e7aise 10<\/a> &#8211; Retir\u00e9 \u00e0 la fin de l&rsquo;ann\u00e9e scolaire 2025-26<\/li>\n\n\n\n<li><a href=\"https:\/\/curriculum.nbed.ca\/fr\/domaines-dapprentissage\/secondaire\/langues-et-arts-de-la-langue\/francais-langue-seconde\/arts-langagiers-en-immersion-francaise-11\/\">Arts langagiers en immersion fran\u00e7aise 11<\/a><\/li>\n\n\n\n<li><a href=\"https:\/\/curriculum.nbed.ca\/fr\/domaines-dapprentissage\/secondaire\/langues-et-arts-de-la-langue\/francais-langue-seconde\/arts-langagiers-en-immersion-francaise-12\/\">Arts langagiers en immersion fran\u00e7aise 12<\/a><\/li>\n<\/ul>\n<\/div>\n\n<div class=\"g-container\">\n<p>Le <strong>Fran\u00e7ais post-intensif<\/strong>&nbsp;(FPI) renforce les bases linguistiques acquises avec des le\u00e7ons interactives et pratiques.&nbsp;<\/p>\n<\/div>\n\n<div class=\"g-container\">\n<ul class=\"wp-block-list\">\n<li><a href=\"https:\/\/curriculum.nbed.ca\/fr\/domaines-dapprentissage\/secondaire\/langues-et-arts-de-la-langue\/francais-langue-seconde\/francais-langue-seconde-9-fpi\/\">Fran\u00e7ais langue seconde 9 (FPI)<\/a><\/li>\n\n\n\n<li><a href=\"https:\/\/curriculum.nbed.ca\/fr\/domaines-dapprentissage\/secondaire\/langues-et-arts-de-la-langue\/francais-langue-seconde\/francais-langue-seconde-10-fpi\/\">Fran\u00e7ais langue seconde 10 (FPI)<\/a><\/li>\n\n\n\n<li><a href=\"https:\/\/curriculum.nbed.ca\/fr\/domaines-dapprentissage\/secondaire\/langues-et-arts-de-la-langue\/francais-langue-seconde\/francais-langue-seconde-11-post-intensif\/\">Fran\u00e7ais langue seconde 11 (FPI)<\/a><\/li>\n\n\n\n<li><a href=\"https:\/\/curriculum.nbed.ca\/fr\/domaines-dapprentissage\/secondaire\/langues-et-arts-de-la-langue\/francais-langue-seconde\/francais-langue-seconde-12-post-intensif\/\">Fran\u00e7ais langue seconde 12 (FPI)<\/a><\/li>\n<\/ul>\n<\/div>\n\n<div class=\"g-container\">\n<p>De plus, les cours de <strong>Fran\u00e7ais langue additionnelle&nbsp;110 <\/strong>(A1.1 et A1.2) introduisent des comp\u00e9tences linguistiques fondamentales pour les nouveaux apprenants de fran\u00e7ais. Finalement, les cours de <strong>Techniques de communication orale 110\/120<\/strong>&nbsp;servent \u00e0 accro\u00eetre la confiance de l\u2019apprenant lorsqu\u2019il s\u2019exprime et interagit gr\u00e2ce \u00e0 l\u2019utilisation authentique de la langue fran\u00e7aise<\/p>\n<\/div>\n\n<div class=\"g-container\">\n<ul class=\"wp-block-list\">\n<li><a href=\"https:\/\/curriculum.nbed.ca\/fr\/domaines-dapprentissage\/secondaire\/langues-et-arts-de-la-langue\/francais-langue-seconde\/francais-langue-additionnelle-110-essentiels-a1-1\/\">Fran\u00e7ais langue additionnelle 110 Essentiels A1.1<\/a><\/li>\n\n\n\n<li><a href=\"https:\/\/curriculum.nbed.ca\/fr\/domaines-dapprentissage\/secondaire\/langues-et-arts-de-la-langue\/francais-langue-seconde\/francais-langue-additionnelle-110-essentiels-a1-2\/\">Fran\u00e7ais langue additionnelle 110 Essentiels A1.2<\/a><\/li>\n\n\n\n<li><a href=\"https:\/\/curriculum.nbed.ca\/fr\/domaines-dapprentissage\/secondaire\/langues-et-arts-de-la-langue\/francais-langue-seconde\/techniques-de-communication-orale-110\/\">Techniques de communication orale 110<\/a><\/li>\n\n\n\n<li><a href=\"https:\/\/curriculum.nbed.ca\/fr\/domaines-dapprentissage\/secondaire\/langues-et-arts-de-la-langue\/francais-langue-seconde\/techniques-de-communication-orale-120\/\">Techniques de communication orale 120<\/a><\/li>\n<\/ul>\n<\/div>\n\n<div class=\"g-container\">\n<p class=\"has-white-color has-text-color has-background has-link-color wp-elements-2edb6c0154f3a5fbcc5264c160312055\" style=\"background:linear-gradient(135deg,rgb(1,105,96) 0%,rgb(255,255,255) 99%)\"><strong>Pour le personnel \u00e9ducatif<\/strong><\/p>\n<\/div>\n\n<div class=\"g-container\">\n<p><strong>Document d\u2019accompagnement :<\/strong><\/p>\n<\/div>\n\n<div class=\"g-container\">\n<ul class=\"wp-block-list\">\n<li><a href=\"https:\/\/nbed.sharepoint.com\/:b:\/r\/sites\/InDevelopment\/FILA\/Companion%20Guides\/ImmersionInterm%C3%A9diaireSecondaire_CompGuide_20250711_v2.0_Final_2028.pdf?csf=1&amp;web=1&amp;e=vnYN0G\" data-type=\"link\" data-id=\"https:\/\/nbed.sharepoint.com\/:b:\/r\/sites\/InDevelopment\/FILA\/Companion%20Guides\/ImmersionInterm%C3%A9diaireSecondaire_CompGuide_20250711_v2.0_Final_2028.pdf?csf=1&amp;web=1&amp;e=vnYN0G\" target=\"_blank\" rel=\"noreferrer noopener\">Programme d&rsquo;immersion fran\u00e7aise 6e \u00e0 12e ann\u00e9e<\/a><\/li>\n\n\n\n<li><a href=\"https:\/\/nbed.sharepoint.com\/:f:\/r\/sites\/Test880\/Shared%20Documents\/1.6%20Immersion%20fran%C3%A7aise%20(6e-12e)\/Documents%20d%27accompagnement%20-%20Companion%20Documents\/FI%20Language%20Arts%206-12?csf=1&amp;web=1&amp;e=SjELE3\" data-type=\"link\" data-id=\"https:\/\/nbed.sharepoint.com\/:f:\/r\/sites\/Test880\/Shared%20Documents\/1.6%20Immersion%20fran%C3%A7aise%20(6e-12e)\/Documents%20d%27accompagnement%20-%20Companion%20Documents?csf=1&amp;web=1&amp;e=zjnyAK\" target=\"_blank\" rel=\"noreferrer noopener\">Art du langage en immersion fran\u00e7aise 6e \u00e0 12e ann\u00e9e<\/a><\/li>\n<\/ul>\n<\/div>\n\n<div class=\"g-container\">\n<p><strong>FSL Central:<\/strong> Une \u00e9quipe Microsoft pour les ressources en FLS, les documents essentiels, les occasions d\u2019apprentissage, les annonces et les \u00e9changes p\u00e9dagogiques.<\/p>\n<\/div>\n\n<div class=\"g-container\">\n<ul class=\"wp-block-list\">\n<li><a href=\"https:\/\/teams.microsoft.com\/l\/team\/19%3A3c69308c90c54927bd3bc6fef2f8e587%40thread.tacv2\/conversations?groupId=f1bad269-58a4-43ee-8c6f-13721b11cd25&amp;tenantId=4d2b5fdf-c4d2-4911-8709-68cc2f465c9f\">FSL Central<\/a><\/li>\n<\/ul>\n<\/div>\n\n<div class=\"g-container\">\n<p><strong>PL Hub:<\/strong> Des occasions de perfectionnement professionnel et des ressources offertes par les districts scolaires anglophones, le NBTA, l\u2019AEI, le MEDPE et d\u2019autres partenaires en \u00e9ducation.<\/p>\n<\/div>\n\n<div class=\"g-container\">\n<ul class=\"wp-block-list\">\n<li><a href=\"https:\/\/plhub.nbed.ca\/curriculum-learning-areas\/?dfg_page=1&amp;dfg_filter=232\" target=\"_blank\" rel=\"noreferrer noopener\">Fran\u00e7ais langue seconde<\/a><\/li>\n<\/ul>\n<\/div>","protected":false},"excerpt":{"rendered":"<p>Les Arts langagiers en immersion fran\u00e7aise&nbsp;permettent aux apprenants en immersion de d\u00e9velopper des comp\u00e9tences de plus en plus avanc\u00e9es en litt\u00e9ratie, y compris en communication orale. Le Fran\u00e7ais post-intensif&nbsp;(FPI) renforce les bases linguistiques acquises avec des le\u00e7ons interactives et pratiques.&nbsp; De plus, les cours de Fran\u00e7ais langue additionnelle&nbsp;110 (A1.1 et A1.2) introduisent des comp\u00e9tences linguistiques [&hellip;]<\/p>\n","protected":false},"author":6,"featured_media":0,"parent":2464,"menu_order":0,"comment_status":"closed","ping_status":"closed","template":"pages\/template-subject.php","meta":{"_acf_changed":false,"footnotes":""},"class_list":["post-8870","page","type-page","status-publish","hentry"],"acf":[],"_links":{"self":[{"href":"https:\/\/curriculum.nbed.ca\/fr\/wp-json\/wp\/v2\/pages\/8870","targetHints":{"allow":["GET"]}}],"collection":[{"href":"https:\/\/curriculum.nbed.ca\/fr\/wp-json\/wp\/v2\/pages"}],"about":[{"href":"https:\/\/curriculum.nbed.ca\/fr\/wp-json\/wp\/v2\/types\/page"}],"author":[{"embeddable":true,"href":"https:\/\/curriculum.nbed.ca\/fr\/wp-json\/wp\/v2\/users\/6"}],"replies":[{"embeddable":true,"href":"https:\/\/curriculum.nbed.ca\/fr\/wp-json\/wp\/v2\/comments?post=8870"}],"version-history":[{"count":22,"href":"https:\/\/curriculum.nbed.ca\/fr\/wp-json\/wp\/v2\/pages\/8870\/revisions"}],"predecessor-version":[{"id":10853,"href":"https:\/\/curriculum.nbed.ca\/fr\/wp-json\/wp\/v2\/pages\/8870\/revisions\/10853"}],"up":[{"embeddable":true,"href":"https:\/\/curriculum.nbed.ca\/fr\/wp-json\/wp\/v2\/pages\/2464"}],"wp:attachment":[{"href":"https:\/\/curriculum.nbed.ca\/fr\/wp-json\/wp\/v2\/media?parent=8870"}],"curies":[{"name":"wp","href":"https:\/\/api.w.org\/{rel}","templated":true}]}}