{"id":8845,"date":"2024-10-09T18:37:34","date_gmt":"2024-10-09T18:37:34","guid":{"rendered":"https:\/\/curriculum.nbed.ca\/?page_id=8845"},"modified":"2025-09-05T20:01:52","modified_gmt":"2025-09-05T20:01:52","slug":"francais-langue-seconde","status":"publish","type":"page","link":"https:\/\/curriculum.nbed.ca\/fr\/domaines-dapprentissage\/primaire\/francais-langue-seconde\/","title":{"rendered":"Fran\u00e7ais langue seconde"},"content":{"rendered":"<div class=\"g-container\">\n<h2 class=\"wp-block-heading\">Programmes d&rsquo;\u00e9tudes<\/h2>\n<\/div>\n\n<div class=\"g-container\">\n<p><strong>Immersion fran\u00e7aise<\/strong> : Le cours <em>Art du langage en immersion fran\u00e7aise<\/em> est obligatoire pour les apprenants inscrits au programme d\u2019immersion pr\u00e9coce. Ce programme offre des comp\u00e9tences de base appuy\u00e9es par la recherche pour les jeunes apprenants qui apprennent dans une langue additionnelle.<\/p>\n<\/div>\n\n<div class=\"g-container\">\n<p><a href=\"https:\/\/curriculum.nbed.ca\/fr\/domaines-dapprentissage\/primaire\/francais-langue-seconde\/art-du-langage-en-immersion-francaise\/\">\u2794 Art du langage en immersion fran\u00e7aise (point d&rsquo;entr\u00e9e 1re ann\u00e9e)<\/a><\/p>\n<\/div>\n\n<div class=\"g-container\">\n<p><strong>Exp\u00e9riences d&rsquo;apprentissage du fran\u00e7ais : <\/strong>Exp\u00e9riences d\u2019apprentissage du fran\u00e7ais vise \u00e0 cr\u00e9er un environnement positif et enrichissant pour que les apprenants d\u00e9veloppent leurs comp\u00e9tences en fran\u00e7ais.<\/p>\n<\/div>\n\n<div class=\"g-container\">\n<p>\u2794 <a href=\"https:\/\/curriculum.nbed.ca\/fr\/domaines-dapprentissage\/primaire\/francais-langue-seconde\/experiences-dapprentissage-du-francais\/\">Exp\u00e9riences d&rsquo;apprentissage du fran\u00e7ais<\/a><\/p>\n<\/div>\n\n<div class=\"g-container\">\n<h2 class=\"wp-block-heading\">Autres ressources<\/h2>\n<\/div>\n\n<div class=\"g-container\">\n<p><strong>FLORA : <\/strong>Les ressources de French Learning Opportunities in Rural Areas (les opportunit\u00e9s d&rsquo;apprentissage du fran\u00e7ais dans les r\u00e9gions rurales), ou FLORA, propose un soutien et des ressources suppl\u00e9mentaires pour aider les apprenants \u00e0 d\u00e9velopper leurs comp\u00e9tences en fran\u00e7ais.&nbsp;<\/p>\n<\/div>\n\n<div class=\"g-container\">\n<p>\u2794 <a href=\"https:\/\/nbed.sharepoint.com\/sites\/InDevelopment\/FSL\/Forms\/AllItems.aspx?id=%2Fsites%2FInDevelopment%2FFSL%2FCompanion%20Guides%2FFLORA%5FCompanionElementary%5FCompDoc%5F20240823%5Fv0%2E6%5FFinal%5F2028%2Epdf&amp;parent=%2Fsites%2FInDevelopment%2FFSL%2FCompanion%20Guides\">FLORA (document d&rsquo;accompagnement)<\/a><\/p>\n<\/div>\n\n<div class=\"g-container\">\n<p><strong>FSL Central:<\/strong> Une \u00e9quipe Microsoft pour les ressources en FLS, les documents essentiels, les occasions d\u2019apprentissage, les annonces et les \u00e9changes p\u00e9dagogiques.<\/p>\n<\/div>\n\n<div class=\"g-container\">\n<ul class=\"wp-block-list\">\n<li><a href=\"https:\/\/teams.microsoft.com\/l\/team\/19%3A3c69308c90c54927bd3bc6fef2f8e587%40thread.tacv2\/conversations?groupId=f1bad269-58a4-43ee-8c6f-13721b11cd25&amp;tenantId=4d2b5fdf-c4d2-4911-8709-68cc2f465c9f\">FSL Central<\/a><\/li>\n<\/ul>\n<\/div>\n\n<div class=\"g-container\">\n<p><strong>PL Hub:<\/strong> Des occasions de perfectionnement professionnel et des ressources offertes par les districts scolaires anglophones, le NBTA, l\u2019AEI, le MEDPE et d\u2019autres partenaires en \u00e9ducation.<\/p>\n<\/div>\n\n<div class=\"g-container\">\n<ul class=\"wp-block-list\">\n<li><a href=\"https:\/\/plhub.nbed.ca\/curriculum-learning-areas\/?dfg_page=1&amp;dfg_filter=232\" target=\"_blank\" rel=\"noreferrer noopener\">Fran\u00e7ais langue seconde<\/a><\/li>\n<\/ul>\n<\/div>","protected":false},"excerpt":{"rendered":"<p>Programmes d&rsquo;\u00e9tudes Immersion fran\u00e7aise : Le cours Art du langage en immersion fran\u00e7aise est obligatoire pour les apprenants inscrits au programme d\u2019immersion pr\u00e9coce. Ce programme offre des comp\u00e9tences de base appuy\u00e9es par la recherche pour les jeunes apprenants qui apprennent dans une langue additionnelle. \u2794 Art du langage en immersion fran\u00e7aise (point d&rsquo;entr\u00e9e 1re ann\u00e9e) [&hellip;]<\/p>\n","protected":false},"author":6,"featured_media":0,"parent":1737,"menu_order":0,"comment_status":"closed","ping_status":"closed","template":"pages\/template-subject.php","meta":{"_acf_changed":false,"footnotes":""},"class_list":["post-8845","page","type-page","status-publish","hentry"],"acf":[],"_links":{"self":[{"href":"https:\/\/curriculum.nbed.ca\/fr\/wp-json\/wp\/v2\/pages\/8845","targetHints":{"allow":["GET"]}}],"collection":[{"href":"https:\/\/curriculum.nbed.ca\/fr\/wp-json\/wp\/v2\/pages"}],"about":[{"href":"https:\/\/curriculum.nbed.ca\/fr\/wp-json\/wp\/v2\/types\/page"}],"author":[{"embeddable":true,"href":"https:\/\/curriculum.nbed.ca\/fr\/wp-json\/wp\/v2\/users\/6"}],"replies":[{"embeddable":true,"href":"https:\/\/curriculum.nbed.ca\/fr\/wp-json\/wp\/v2\/comments?post=8845"}],"version-history":[{"count":15,"href":"https:\/\/curriculum.nbed.ca\/fr\/wp-json\/wp\/v2\/pages\/8845\/revisions"}],"predecessor-version":[{"id":10850,"href":"https:\/\/curriculum.nbed.ca\/fr\/wp-json\/wp\/v2\/pages\/8845\/revisions\/10850"}],"up":[{"embeddable":true,"href":"https:\/\/curriculum.nbed.ca\/fr\/wp-json\/wp\/v2\/pages\/1737"}],"wp:attachment":[{"href":"https:\/\/curriculum.nbed.ca\/fr\/wp-json\/wp\/v2\/media?parent=8845"}],"curies":[{"name":"wp","href":"https:\/\/api.w.org\/{rel}","templated":true}]}}