{"id":8781,"date":"2024-10-09T13:45:23","date_gmt":"2024-10-09T13:45:23","guid":{"rendered":"https:\/\/curriculum.nbed.ca\/?page_id=8781"},"modified":"2025-12-01T17:38:42","modified_gmt":"2025-12-01T17:38:42","slug":"francais-langue-seconde","status":"publish","type":"page","link":"https:\/\/curriculum.nbed.ca\/fr\/domaines-dapprentissage\/intermediaire\/francais-langue-seconde\/","title":{"rendered":"Fran\u00e7ais langue seconde"},"content":{"rendered":"<div class=\"g-container\">\n<p>Bienvenue dans les programmes d&rsquo;\u00e9tudes de fran\u00e7ais langue seconde pour les apprenants du bloc interm\u00e9diaire au Nouveau-Brunswick ! Explorez nos programmes complets con\u00e7us pour soutenir divers parcours d&rsquo;apprentissage en fran\u00e7ais.<\/p>\n<\/div>\n\n<div class=\"g-container\">\n<p><strong>Immersion fran\u00e7aise<\/strong> : Deux voies distinctes des Arts du langage en immersion fran\u00e7aise sont disponibles, chacune \u00e9tant con\u00e7ue sp\u00e9cifiquement pour les points d&rsquo;entr\u00e9e pr\u00e9coce et tardif de l&rsquo;immersion fran\u00e7aise.<\/p>\n<\/div>\n\n<div class=\"g-container\">\n<p>\u2794 <a href=\"https:\/\/curriculum.nbed.ca\/fr\/domaines-dapprentissage\/intermediaire\/francais-langue-seconde\/art-du-langage-en-immersion-francaise\/\">Art du langage en immersion fran\u00e7aise (point d&rsquo;entr\u00e9e 1re ann\u00e9e)<\/a><\/p>\n<\/div>\n\n<div class=\"g-container\">\n<p>\u2794 <a href=\"https:\/\/curriculum.nbed.ca\/fr\/domaines-dapprentissage\/intermediaire\/francais-langue-seconde\/french-immersion-language-arts-g6e\/\">Art du langage en immersion fran\u00e7aise (point d&rsquo;entr\u00e9e 6e ann\u00e9e)<\/a><\/p>\n<\/div>\n\n<div class=\"g-container\">\n<p><strong>Fran\u00e7ais post-intensif <\/strong>: Le programme de Fran\u00e7ais post-intensif soutient les apprenants ayant termin\u00e9 les programmes de fran\u00e7ais intensif ant\u00e9rieurs, en offrant des occasions authentiques pour continuer \u00e0 d\u00e9velopper leurs comp\u00e9tences en fran\u00e7ais.<\/p>\n<\/div>\n\n<div class=\"g-container\">\n<p>\u2794 <a href=\"https:\/\/curriculum.nbed.ca\/fr\/domaines-dapprentissage\/intermediaire\/francais-langue-seconde\/francais-post-intensif\/\">Fran\u00e7ais post-intensif<\/a><\/p>\n<\/div>\n\n<div class=\"g-container\">\n<p class=\"has-white-color has-text-color has-background has-link-color wp-elements-da4d80c1614482e7aab2a5a41ba6d7c4\" style=\"background:linear-gradient(135deg,rgb(1,105,96) 0%,rgb(255,255,255) 100%)\"><strong>Pour le personnel \u00e9ducatif :<\/strong><\/p>\n<\/div>\n\n<div class=\"g-container\">\n<p><strong>Document d\u2019accompagnement<\/strong> :<\/p>\n<\/div>\n\n<div class=\"g-container\">\n<ul class=\"wp-block-list\">\n<li><a href=\"https:\/\/nbed.sharepoint.com\/:f:\/r\/sites\/Test880\/Shared%20Documents\/1.6%20Immersion%20fran%C3%A7aise%20(6e-12e)\/Documents%20d%27accompagnement%20-%20Companion%20Documents\/FI%20Language%20Arts%206-12?csf=1&amp;web=1&amp;e=kItXNw\">L\u2019art du langage en immersion fran\u00e7aise 6e \u00e0 12e ann\u00e9e<\/a><\/li>\n\n\n\n<li><a href=\"https:\/\/nbed.sharepoint.com\/:f:\/r\/sites\/Test880\/Shared%20Documents\/1.6%20Immersion%20fran%C3%A7aise%20(6e-12e)\/Documents%20d%27accompagnement%20-%20Companion%20Documents\/FI%20Program%206-12?csf=1&amp;web=1&amp;e=HybbeR\" data-type=\"link\" data-id=\"https:\/\/nbed.sharepoint.com\/:b:\/r\/sites\/InDevelopment\/FILA\/Companion%20Guides\/ImmersionInterm%C3%A9diaireSecondaire_CompGuide_20250711_v2.0_Final_2028.pdf?csf=1&amp;web=1&amp;e=vnYN0G\" target=\"_blank\" rel=\"noreferrer noopener\">Programme d&rsquo;immersion fran\u00e7aise 6e \u00e0 12e ann\u00e9e<\/a><\/li>\n<\/ul>\n<\/div>\n\n<div class=\"g-container\">\n<p><strong>FSL Central:<\/strong> Une \u00e9quipe Microsoft pour les ressources en FLS, les documents essentiels, les occasions d\u2019apprentissage, les annonces et les \u00e9changes p\u00e9dagogiques.<\/p>\n<\/div>\n\n<div class=\"g-container\">\n<ul class=\"wp-block-list\">\n<li><a href=\"https:\/\/teams.microsoft.com\/l\/team\/19%3A3c69308c90c54927bd3bc6fef2f8e587%40thread.tacv2\/conversations?groupId=f1bad269-58a4-43ee-8c6f-13721b11cd25&amp;tenantId=4d2b5fdf-c4d2-4911-8709-68cc2f465c9f\">FSL Central<\/a><\/li>\n<\/ul>\n<\/div>\n\n<div class=\"g-container\">\n<p><strong>PL Hub:<\/strong> Des occasions de perfectionnement professionnel et des ressources offertes par les districts scolaires anglophones, le NBTA, l\u2019AEI, le MEDPE et d\u2019autres partenaires en \u00e9ducation.<\/p>\n<\/div>\n\n<div class=\"g-container\">\n<ul class=\"wp-block-list\">\n<li><a href=\"https:\/\/plhub.nbed.ca\/curriculum-learning-areas\/?dfg_page=1&amp;dfg_filter=232\" target=\"_blank\" rel=\"noreferrer noopener\">Fran\u00e7ais langue seconde<\/a><\/li>\n<\/ul>\n<\/div>","protected":false},"excerpt":{"rendered":"<p>Bienvenue dans les programmes d&rsquo;\u00e9tudes de fran\u00e7ais langue seconde pour les apprenants du bloc interm\u00e9diaire au Nouveau-Brunswick ! Explorez nos programmes complets con\u00e7us pour soutenir divers parcours d&rsquo;apprentissage en fran\u00e7ais. Immersion fran\u00e7aise : Deux voies distinctes des Arts du langage en immersion fran\u00e7aise sont disponibles, chacune \u00e9tant con\u00e7ue sp\u00e9cifiquement pour les points d&rsquo;entr\u00e9e pr\u00e9coce et [&hellip;]<\/p>\n","protected":false},"author":6,"featured_media":0,"parent":1827,"menu_order":0,"comment_status":"closed","ping_status":"closed","template":"pages\/template-subject.php","meta":{"_acf_changed":false,"footnotes":""},"class_list":["post-8781","page","type-page","status-publish","hentry"],"acf":[],"_links":{"self":[{"href":"https:\/\/curriculum.nbed.ca\/fr\/wp-json\/wp\/v2\/pages\/8781","targetHints":{"allow":["GET"]}}],"collection":[{"href":"https:\/\/curriculum.nbed.ca\/fr\/wp-json\/wp\/v2\/pages"}],"about":[{"href":"https:\/\/curriculum.nbed.ca\/fr\/wp-json\/wp\/v2\/types\/page"}],"author":[{"embeddable":true,"href":"https:\/\/curriculum.nbed.ca\/fr\/wp-json\/wp\/v2\/users\/6"}],"replies":[{"embeddable":true,"href":"https:\/\/curriculum.nbed.ca\/fr\/wp-json\/wp\/v2\/comments?post=8781"}],"version-history":[{"count":20,"href":"https:\/\/curriculum.nbed.ca\/fr\/wp-json\/wp\/v2\/pages\/8781\/revisions"}],"predecessor-version":[{"id":11094,"href":"https:\/\/curriculum.nbed.ca\/fr\/wp-json\/wp\/v2\/pages\/8781\/revisions\/11094"}],"up":[{"embeddable":true,"href":"https:\/\/curriculum.nbed.ca\/fr\/wp-json\/wp\/v2\/pages\/1827"}],"wp:attachment":[{"href":"https:\/\/curriculum.nbed.ca\/fr\/wp-json\/wp\/v2\/media?parent=8781"}],"curies":[{"name":"wp","href":"https:\/\/api.w.org\/{rel}","templated":true}]}}