{"id":6329,"date":"2023-04-03T14:57:14","date_gmt":"2023-04-03T14:57:14","guid":{"rendered":"https:\/\/curriculum.nbed.ca\/?page_id=6329"},"modified":"2023-08-28T16:34:46","modified_gmt":"2023-08-28T16:34:46","slug":"arts-visuels-9","status":"publish","type":"page","link":"https:\/\/curriculum.nbed.ca\/fr\/domaines-dapprentissage\/secondaire\/arts-creatifs\/arts-visuels-9\/","title":{"rendered":"Arts Visuels 9"},"content":{"rendered":"<div class=\"g-container\">\n<p>En 9e ann\u00e9e, les apprenants consolident les concepts et les comp\u00e9tences afin d&rsquo;\u00eatre pr\u00eats \u00e0 aller plus loin dans l&rsquo;apprentissage des arts. Les apprenants continuent \u00e0 relier l&rsquo;apprentissage de la musique et des arts visuels \u00e0 leurs exp\u00e9riences personnelles ; explorent le r\u00f4le des arts dans la soci\u00e9t\u00e9 et son pouvoir de changement ; utiliser la musique et les arts visuels pour communiquer, cr\u00e9er et composer avec intention ; d\u00e9velopper des comp\u00e9tences dans certains domaines. avec intention ; d\u00e9velopper des comp\u00e9tences dans certains domaines tout en d\u00e9veloppant de nouvelles comp\u00e9tences dans d&rsquo;autres domaines ; utiliser des comp\u00e9tences cr\u00e9er, \u00e9tablir des liens et communiquer ; faire preuve d&rsquo;une confiance accrue en tant qu&rsquo;interpr\u00e8tes et cr\u00e9ateurs ; et faire preuve de respect pour les opinions et les go\u00fbts diff\u00e9rents.<\/p>\n<\/div>","protected":false},"excerpt":{"rendered":"<p>En 9e ann\u00e9e, les apprenants consolident les concepts et les comp\u00e9tences afin d&rsquo;\u00eatre pr\u00eats \u00e0 aller plus loin dans l&rsquo;apprentissage des arts. Les apprenants continuent \u00e0 relier l&rsquo;apprentissage de la musique et des arts visuels \u00e0 leurs exp\u00e9riences personnelles ; explorent le r\u00f4le des arts dans la soci\u00e9t\u00e9 et son pouvoir de changement ; utiliser [&hellip;]<\/p>\n","protected":false},"author":6,"featured_media":0,"parent":2517,"menu_order":0,"comment_status":"closed","ping_status":"closed","template":"pages\/template-subject.php","meta":{"_acf_changed":false,"footnotes":""},"class_list":["post-6329","page","type-page","status-publish","hentry"],"acf":[],"_links":{"self":[{"href":"https:\/\/curriculum.nbed.ca\/fr\/wp-json\/wp\/v2\/pages\/6329","targetHints":{"allow":["GET"]}}],"collection":[{"href":"https:\/\/curriculum.nbed.ca\/fr\/wp-json\/wp\/v2\/pages"}],"about":[{"href":"https:\/\/curriculum.nbed.ca\/fr\/wp-json\/wp\/v2\/types\/page"}],"author":[{"embeddable":true,"href":"https:\/\/curriculum.nbed.ca\/fr\/wp-json\/wp\/v2\/users\/6"}],"replies":[{"embeddable":true,"href":"https:\/\/curriculum.nbed.ca\/fr\/wp-json\/wp\/v2\/comments?post=6329"}],"version-history":[{"count":4,"href":"https:\/\/curriculum.nbed.ca\/fr\/wp-json\/wp\/v2\/pages\/6329\/revisions"}],"predecessor-version":[{"id":6335,"href":"https:\/\/curriculum.nbed.ca\/fr\/wp-json\/wp\/v2\/pages\/6329\/revisions\/6335"}],"up":[{"embeddable":true,"href":"https:\/\/curriculum.nbed.ca\/fr\/wp-json\/wp\/v2\/pages\/2517"}],"wp:attachment":[{"href":"https:\/\/curriculum.nbed.ca\/fr\/wp-json\/wp\/v2\/media?parent=6329"}],"curies":[{"name":"wp","href":"https:\/\/api.w.org\/{rel}","templated":true}]}}