{"id":6146,"date":"2023-04-03T14:52:17","date_gmt":"2023-04-03T14:52:17","guid":{"rendered":"https:\/\/curriculum.nbed.ca\/?page_id=6146"},"modified":"2023-08-27T15:07:45","modified_gmt":"2023-08-27T15:07:45","slug":"mieux-etre-personnel-et-familial-120","status":"publish","type":"page","link":"https:\/\/curriculum.nbed.ca\/fr\/domaines-dapprentissage\/secondaire\/mieux-etre-education-physique\/mieux-etre-personnel-et-familial-120\/","title":{"rendered":"Mieux-\u00eatre personnel et familial 120"},"content":{"rendered":"<div class=\"g-container\">\n<p>La vision du cours&nbsp;<strong>Mieux-\u00eatre personnel et familial&nbsp;120<\/strong> est de pousser les apprenants \u00e0 faire des liens entre le mieux-\u00eatre, la croissance personnelle et les relations. Les apprenants prendront des d\u00e9cisions judicieuses pour une sant\u00e9 mentale, une sant\u00e9 sexuelle et des transitions vers la vie adulte positives. Les apprenants d\u00e9couvriront le lien entre les responsabilit\u00e9s personnelles et l\u2019\u00e9tablissement ainsi que le maintien des relations intrapersonnelles et interpersonnelles.<\/p>\n<\/div>\n\n<div class=\"g-container\">\n<p>Dans le cours&nbsp;<strong>Mieux-\u00eatre personnel et familial&nbsp;120<\/strong>, les apprenants exploreront l\u2019importance d\u2019assumer la responsabilit\u00e9 de leur mieux-\u00eatre personnel, de nouer des relations saines et d\u2019acqu\u00e9rir des comp\u00e9tences pour un \u00e9tat d\u2019esprit ax\u00e9 sur la croissance. Ce cours aidera les apprenants \u00e0 reconna\u00eetre la diversit\u00e9 des cultures en ce qui a trait aux personnes et \u00e0 l\u2019unit\u00e9 familiale. Les apprenants mettront en pratique les comp\u00e9tences visant \u00e0 composer avec les transitions et les facteurs de stress de la vie.<\/p>\n<\/div>","protected":false},"excerpt":{"rendered":"<p>La vision du cours&nbsp;Mieux-\u00eatre personnel et familial&nbsp;120 est de pousser les apprenants \u00e0 faire des liens entre le mieux-\u00eatre, la croissance personnelle et les relations. Les apprenants prendront des d\u00e9cisions judicieuses pour une sant\u00e9 mentale, une sant\u00e9 sexuelle et des transitions vers la vie adulte positives. Les apprenants d\u00e9couvriront le lien entre les responsabilit\u00e9s personnelles [&hellip;]<\/p>\n","protected":false},"author":6,"featured_media":0,"parent":2521,"menu_order":0,"comment_status":"closed","ping_status":"closed","template":"pages\/template-subject.php","meta":{"_acf_changed":false,"footnotes":""},"class_list":["post-6146","page","type-page","status-publish","hentry"],"acf":[],"_links":{"self":[{"href":"https:\/\/curriculum.nbed.ca\/fr\/wp-json\/wp\/v2\/pages\/6146","targetHints":{"allow":["GET"]}}],"collection":[{"href":"https:\/\/curriculum.nbed.ca\/fr\/wp-json\/wp\/v2\/pages"}],"about":[{"href":"https:\/\/curriculum.nbed.ca\/fr\/wp-json\/wp\/v2\/types\/page"}],"author":[{"embeddable":true,"href":"https:\/\/curriculum.nbed.ca\/fr\/wp-json\/wp\/v2\/users\/6"}],"replies":[{"embeddable":true,"href":"https:\/\/curriculum.nbed.ca\/fr\/wp-json\/wp\/v2\/comments?post=6146"}],"version-history":[{"count":4,"href":"https:\/\/curriculum.nbed.ca\/fr\/wp-json\/wp\/v2\/pages\/6146\/revisions"}],"predecessor-version":[{"id":6150,"href":"https:\/\/curriculum.nbed.ca\/fr\/wp-json\/wp\/v2\/pages\/6146\/revisions\/6150"}],"up":[{"embeddable":true,"href":"https:\/\/curriculum.nbed.ca\/fr\/wp-json\/wp\/v2\/pages\/2521"}],"wp:attachment":[{"href":"https:\/\/curriculum.nbed.ca\/fr\/wp-json\/wp\/v2\/media?parent=6146"}],"curies":[{"name":"wp","href":"https:\/\/api.w.org\/{rel}","templated":true}]}}