{"id":6120,"date":"2023-04-03T14:55:24","date_gmt":"2023-04-03T14:55:24","guid":{"rendered":"https:\/\/curriculum.nbed.ca\/?page_id=6120"},"modified":"2024-11-13T13:21:03","modified_gmt":"2024-11-13T13:21:03","slug":"sociologie-120","status":"publish","type":"page","link":"https:\/\/curriculum.nbed.ca\/fr\/domaines-dapprentissage\/secondaire\/sciences-humaines\/sociologie-120\/","title":{"rendered":"Sociologie 120"},"content":{"rendered":"<div class=\"g-container\">\n<p>Le cours <strong>Sociologie&nbsp;120<\/strong> est un cours de sciences humaines qui pr\u00e9sente une fa\u00e7on syst\u00e9matique de comprendre les structures qui r\u00e9gissent nos vies quotidiennes. Le cours explore la fa\u00e7on dont les personnes se comportent et vivent leur vie, ainsi que la raison d\u2019\u00eatre de leurs choix. Les apprenants appliqueront des th\u00e9ories sociales aux \u00e9v\u00e9nements actuels, aux enjeux sociaux omnipr\u00e9sents et aux probl\u00e8mes sociaux urgents aux \u00e9chelons local, national et international. Dans ce cours, les apprenants aborderont les difficult\u00e9s auxquelles fait face leur collectivit\u00e9 et examineront la recherche et les exp\u00e9riences v\u00e9cues qui aident \u00e0 trouver des solutions \u00e0 ces probl\u00e8mes. Le cours repose sur un souci et une pr\u00e9occupation \u00e0 l\u2019\u00e9gard de la soci\u00e9t\u00e9 dans son ensemble et met l\u2019accent sur nos responsabilit\u00e9s envers les autres. Il est destin\u00e9 aux apprenants ouverts \u00e0 remettre en question leurs points de vue et \u00e0 analyser les aspects sociaux du monde.<\/p>\n<\/div>\n\n<div class=\"g-container\">\n<p>L\u2019objectif du cours est de soutenir la socialisation des apprenants dans un monde qui \u00e9volue rapidement et de leur pr\u00e9senter les structures sociales qui encadrent la socialisation. Dans ce cours, les apprenants d\u00e9couvriront et \u00e9tudieront diverses perspectives et visions du monde afin de favoriser une participation \u00e9clair\u00e9e et critique \u00e0 la vie publique. Le cours&nbsp;<strong>Sociologie&nbsp;120<\/strong> encourage un dialogue ouvert sur les enjeux sociaux et fournit aux apprenants les outils permettant de comprendre le monde social. Les apprenants exploreront les m\u00e9thodes d\u2019analyse quantitatives et qualitatives pour \u00e9tudier les th\u00e9ories sociologiques dans le contexte de leur vie, notamment les m\u00e9thodologies et l\u2019\u00e9thique de la recherche. Ce cours remettra en question les points de vue des apprenants sur le monde social dans un environnement s\u00e9curitaire, fournira une structure pour dialoguer civilement malgr\u00e9 les diff\u00e9rences et cr\u00e9era des occasions pour les apprenants d\u2019exprimer leurs points de vue. Les apprenants examineront la provenance des croyances sociales et les concepts expliquant la structure sociale et le pouvoir (p. ex. d\u00e9colonisation).<\/p>\n<\/div>","protected":false},"excerpt":{"rendered":"<p>Le cours Sociologie&nbsp;120 est un cours de sciences humaines qui pr\u00e9sente une fa\u00e7on syst\u00e9matique de comprendre les structures qui r\u00e9gissent nos vies quotidiennes. Le cours explore la fa\u00e7on dont les personnes se comportent et vivent leur vie, ainsi que la raison d\u2019\u00eatre de leurs choix. Les apprenants appliqueront des th\u00e9ories sociales aux \u00e9v\u00e9nements actuels, aux [&hellip;]<\/p>\n","protected":false},"author":6,"featured_media":0,"parent":2474,"menu_order":0,"comment_status":"closed","ping_status":"closed","template":"pages\/template-subject.php","meta":{"_acf_changed":false,"footnotes":""},"class_list":["post-6120","page","type-page","status-publish","hentry"],"acf":[],"_links":{"self":[{"href":"https:\/\/curriculum.nbed.ca\/fr\/wp-json\/wp\/v2\/pages\/6120","targetHints":{"allow":["GET"]}}],"collection":[{"href":"https:\/\/curriculum.nbed.ca\/fr\/wp-json\/wp\/v2\/pages"}],"about":[{"href":"https:\/\/curriculum.nbed.ca\/fr\/wp-json\/wp\/v2\/types\/page"}],"author":[{"embeddable":true,"href":"https:\/\/curriculum.nbed.ca\/fr\/wp-json\/wp\/v2\/users\/6"}],"replies":[{"embeddable":true,"href":"https:\/\/curriculum.nbed.ca\/fr\/wp-json\/wp\/v2\/comments?post=6120"}],"version-history":[{"count":7,"href":"https:\/\/curriculum.nbed.ca\/fr\/wp-json\/wp\/v2\/pages\/6120\/revisions"}],"predecessor-version":[{"id":9012,"href":"https:\/\/curriculum.nbed.ca\/fr\/wp-json\/wp\/v2\/pages\/6120\/revisions\/9012"}],"up":[{"embeddable":true,"href":"https:\/\/curriculum.nbed.ca\/fr\/wp-json\/wp\/v2\/pages\/2474"}],"wp:attachment":[{"href":"https:\/\/curriculum.nbed.ca\/fr\/wp-json\/wp\/v2\/media?parent=6120"}],"curies":[{"name":"wp","href":"https:\/\/api.w.org\/{rel}","templated":true}]}}