{"id":6100,"date":"2023-04-03T14:52:17","date_gmt":"2023-04-03T14:52:17","guid":{"rendered":"https:\/\/curriculum.nbed.ca\/?page_id=6100"},"modified":"2023-08-27T18:29:19","modified_gmt":"2023-08-27T18:29:19","slug":"psychologie-120","status":"publish","type":"page","link":"https:\/\/curriculum.nbed.ca\/fr\/domaines-dapprentissage\/secondaire\/mieux-etre-education-physique\/psychologie-120\/","title":{"rendered":"Psychologie\u00a0120"},"content":{"rendered":"<div class=\"g-container\">\n<p>Ce cours vise \u00e0 s\u2019appuyer sur les connaissances des apprenants au sujet de la fa\u00e7on dont les influences externes orientent le d\u00e9veloppement des pens\u00e9es et des comportements. Dans le cours&nbsp;<strong>Psychologie&nbsp;120<\/strong>, les apprenants acquerront des comp\u00e9tences transf\u00e9rables aux interactions quotidiennes pour comprendre, communiquer, faire preuve d\u2019empathie et coop\u00e9rer avec les autres, ainsi que pour maintenir de saines relations \u00e0 l\u2019appui d\u2019une bonne sant\u00e9 mentale. Cela permettra de renforcer les relations interpersonnelles et intrapersonnelles \u00e0 la maison, \u00e0 l\u2019\u00e9cole et sur le march\u00e9 du travail.<\/p>\n<\/div>\n\n<div class=\"g-container\">\n<p>Les apprenants du cours&nbsp;<strong>Psychologie&nbsp;120<\/strong>&nbsp;couvriront une vari\u00e9t\u00e9 de domaines li\u00e9s \u00e0 la psychologie, y compris les relations sociales, la m\u00e9moire, l\u2019apprentissage et la fa\u00e7on d\u2019appliquer leurs connaissances pour tenir compte des pratiques de recherche actuelles et \u00e9thiques. Les apprenants auront l\u2019occasion d\u2019examiner les troubles psychologiques ainsi que les mesures de pr\u00e9vention et les traitements connexes. Parmi les th\u00e8mes qui seront abord\u00e9s se trouvent la psychologie en tant que science sociale, les facteurs biologiques, les variations et perspectives, ainsi que les applications de la psychologie.<\/p>\n<\/div>","protected":false},"excerpt":{"rendered":"<p>Ce cours vise \u00e0 s\u2019appuyer sur les connaissances des apprenants au sujet de la fa\u00e7on dont les influences externes orientent le d\u00e9veloppement des pens\u00e9es et des comportements. Dans le cours&nbsp;Psychologie&nbsp;120, les apprenants acquerront des comp\u00e9tences transf\u00e9rables aux interactions quotidiennes pour comprendre, communiquer, faire preuve d\u2019empathie et coop\u00e9rer avec les autres, ainsi que pour maintenir de [&hellip;]<\/p>\n","protected":false},"author":6,"featured_media":0,"parent":2521,"menu_order":0,"comment_status":"closed","ping_status":"closed","template":"pages\/template-subject.php","meta":{"_acf_changed":false,"footnotes":""},"class_list":["post-6100","page","type-page","status-publish","hentry"],"acf":[],"_links":{"self":[{"href":"https:\/\/curriculum.nbed.ca\/fr\/wp-json\/wp\/v2\/pages\/6100","targetHints":{"allow":["GET"]}}],"collection":[{"href":"https:\/\/curriculum.nbed.ca\/fr\/wp-json\/wp\/v2\/pages"}],"about":[{"href":"https:\/\/curriculum.nbed.ca\/fr\/wp-json\/wp\/v2\/types\/page"}],"author":[{"embeddable":true,"href":"https:\/\/curriculum.nbed.ca\/fr\/wp-json\/wp\/v2\/users\/6"}],"replies":[{"embeddable":true,"href":"https:\/\/curriculum.nbed.ca\/fr\/wp-json\/wp\/v2\/comments?post=6100"}],"version-history":[{"count":6,"href":"https:\/\/curriculum.nbed.ca\/fr\/wp-json\/wp\/v2\/pages\/6100\/revisions"}],"predecessor-version":[{"id":6181,"href":"https:\/\/curriculum.nbed.ca\/fr\/wp-json\/wp\/v2\/pages\/6100\/revisions\/6181"}],"up":[{"embeddable":true,"href":"https:\/\/curriculum.nbed.ca\/fr\/wp-json\/wp\/v2\/pages\/2521"}],"wp:attachment":[{"href":"https:\/\/curriculum.nbed.ca\/fr\/wp-json\/wp\/v2\/media?parent=6100"}],"curies":[{"name":"wp","href":"https:\/\/api.w.org\/{rel}","templated":true}]}}