{"id":6094,"date":"2023-04-03T14:58:19","date_gmt":"2023-04-03T14:58:19","guid":{"rendered":"https:\/\/curriculum.nbed.ca\/?page_id=6094"},"modified":"2023-08-26T19:36:14","modified_gmt":"2023-08-26T19:36:14","slug":"finition-residentielle-120","status":"publish","type":"page","link":"https:\/\/curriculum.nbed.ca\/fr\/domaines-dapprentissage\/secondaire\/apprentissage-lie-a-la-carriere\/les-metiers-specialises\/finition-residentielle-120\/","title":{"rendered":"Finition r\u00e9sidentielle\u00a0120"},"content":{"rendered":"<div class=\"g-container\">\n<p>Le cours<strong>&nbsp;Finition r\u00e9sidentielle&nbsp;120<\/strong> pr\u00e9sente aux apprenants les comp\u00e9tences et les connaissances requises pour travailler dans le domaine de la construction r\u00e9sidentielle. Les apprenants cr\u00e9eront, concevront, construiront, r\u00e9noveront et r\u00e9pareront une s\u00e9rie de produits en montrant leurs comp\u00e9tences en charpenterie et appliqueront les principes de production personnalis\u00e9e et de production de masse. La formation aux normes de s\u00e9curit\u00e9 de l\u2019industrie, le renforcement des comp\u00e9tences \u00e0 l\u2019aide d\u2019outils et d\u2019\u00e9quipement, ainsi qu\u2019une vari\u00e9t\u00e9 de lieux de travail propres au m\u00e9tier de charpentier, seront explor\u00e9s. Les apprenants participeront \u00e0 des projets pratiques et exp\u00e9rientiels qui feront appel \u00e0 leur connaissance des mat\u00e9riaux de construction et \u00e0 leurs comp\u00e9tences en mati\u00e8re de conception et de mesure, tout en fabriquant ou en r\u00e9parant et en r\u00e9novant en toute s\u00e9curit\u00e9 un b\u00e2timent simple. Le perfectionnement des comp\u00e9tences pr\u00e9parera les apprenants aux \u00e9tudes postsecondaires ou \u00e0 la transition vers le march\u00e9 du travail dans le secteur de la charpenterie. Ce cours permettra d\u2019aborder les objectifs de d\u00e9veloppement durable de l\u2019Organisation des Nations&nbsp;Unies \u00e0 plusieurs \u00e9chelons et dans plusieurs disciplines (<a href=\"https:\/\/sdgs.un.org\/goals\">https:\/\/sdgs.un.org\/fr\/goals<\/a>). Les apprenants pourront explorer et \u00e9tudier des sujets li\u00e9s aux objectifs suivants&nbsp;:<\/p>\n<\/div>\n\n<div class=\"g-container\">\n<ul class=\"wp-block-list\">\n<li>4. \u00e9ducation de qualit\u00e9;<\/li>\n\n\n\n<li>5. \u00e9galit\u00e9 entre les sexes;<\/li>\n\n\n\n<li>8. travail d\u00e9cent et croissance \u00e9conomique;<\/li>\n\n\n\n<li>9. industrie, innovation et infrastructure;<\/li>\n\n\n\n<li>11. villes et communaut\u00e9s durables;<\/li>\n\n\n\n<li>12. consommation et production responsables;<\/li>\n\n\n\n<li>13. mesures relatives \u00e0 la lutte contre les changements climatiques.&nbsp;<\/li>\n<\/ul>\n<\/div>\n\n<div class=\"g-container\">\n<p>La participation \u00e0 ce cours aidera \u00e0 pr\u00e9parer les apprenants \u00e0 un emploi de premier&nbsp;\u00e9chelon et \u00e0 une formation postsecondaire dans le domaine de la construction r\u00e9sidentielle ou industrielle. La r\u00e9ussite du cours&nbsp;<strong>Charpente et rev\u00eatement&nbsp;110 <\/strong>est un apprentissage pr\u00e9alable requis pour le programme&nbsp;<strong>Finition r\u00e9sidentielle&nbsp;120<\/strong>.<\/p>\n<\/div>","protected":false},"excerpt":{"rendered":"<p>Le cours&nbsp;Finition r\u00e9sidentielle&nbsp;120 pr\u00e9sente aux apprenants les comp\u00e9tences et les connaissances requises pour travailler dans le domaine de la construction r\u00e9sidentielle. Les apprenants cr\u00e9eront, concevront, construiront, r\u00e9noveront et r\u00e9pareront une s\u00e9rie de produits en montrant leurs comp\u00e9tences en charpenterie et appliqueront les principes de production personnalis\u00e9e et de production de masse. La formation aux normes [&hellip;]<\/p>\n","protected":false},"author":6,"featured_media":0,"parent":4444,"menu_order":0,"comment_status":"closed","ping_status":"closed","template":"pages\/template-subject.php","meta":{"_acf_changed":false,"footnotes":""},"class_list":["post-6094","page","type-page","status-publish","hentry"],"acf":[],"_links":{"self":[{"href":"https:\/\/curriculum.nbed.ca\/fr\/wp-json\/wp\/v2\/pages\/6094","targetHints":{"allow":["GET"]}}],"collection":[{"href":"https:\/\/curriculum.nbed.ca\/fr\/wp-json\/wp\/v2\/pages"}],"about":[{"href":"https:\/\/curriculum.nbed.ca\/fr\/wp-json\/wp\/v2\/types\/page"}],"author":[{"embeddable":true,"href":"https:\/\/curriculum.nbed.ca\/fr\/wp-json\/wp\/v2\/users\/6"}],"replies":[{"embeddable":true,"href":"https:\/\/curriculum.nbed.ca\/fr\/wp-json\/wp\/v2\/comments?post=6094"}],"version-history":[{"count":5,"href":"https:\/\/curriculum.nbed.ca\/fr\/wp-json\/wp\/v2\/pages\/6094\/revisions"}],"predecessor-version":[{"id":6099,"href":"https:\/\/curriculum.nbed.ca\/fr\/wp-json\/wp\/v2\/pages\/6094\/revisions\/6099"}],"up":[{"embeddable":true,"href":"https:\/\/curriculum.nbed.ca\/fr\/wp-json\/wp\/v2\/pages\/4444"}],"wp:attachment":[{"href":"https:\/\/curriculum.nbed.ca\/fr\/wp-json\/wp\/v2\/media?parent=6094"}],"curies":[{"name":"wp","href":"https:\/\/api.w.org\/{rel}","templated":true}]}}