{"id":6008,"date":"2023-04-03T14:57:14","date_gmt":"2023-04-03T14:57:14","guid":{"rendered":"https:\/\/curriculum.nbed.ca\/?page_id=6008"},"modified":"2025-08-26T19:14:32","modified_gmt":"2025-08-26T19:14:32","slug":"arts-dramatiques-110-120","status":"publish","type":"page","link":"https:\/\/curriculum.nbed.ca\/fr\/domaines-dapprentissage\/secondaire\/arts-creatifs\/arts-dramatiques-110-120\/","title":{"rendered":"Arts dramatiques 110 \/ 120"},"content":{"rendered":"<div class=\"g-container\">\n<p>Le cours <strong>Art dramatique&nbsp;110<\/strong> est un cours d\u2019introduction destin\u00e9 aux personnes apprenantes d\u00e9sireuses d\u2019acqu\u00e9rir des comp\u00e9tences li\u00e9es \u00e0 la cr\u00e9ativit\u00e9, \u00e0 la performance et \u00e0 la production. C\u2019est un cours tr\u00e8s participatif qui exige une pr\u00e9sence assidue pour favoriser la cr\u00e9ation de projets collaboratifs et la participation \u00e0 des exp\u00e9riences nouvelles.<\/p>\n<\/div>\n\n<div class=\"g-container\">\n<p>Le cours <strong>Art dramatique&nbsp;120<\/strong> suppose une bonne exp\u00e9rience en th\u00e9\u00e2tre. La r\u00e9ussite du cours <strong>Art dramatique&nbsp;110<\/strong> est vivement conseill\u00e9e, sans \u00eatre obligatoire. En collaboration avec le personnel \u00e9ducatif et leurs pairs, les personnes apprenantes sont encourag\u00e9es \u00e0 diriger leur apprentissage et \u00e0 d\u00e9cider comment d\u00e9montrer l\u2019acquisition des comp\u00e9tences. Les personnes apprenantes cumuleront les preuves de leur apprentissage et perfectionneront les comp\u00e9tences acquises en <strong>Art dramatique&nbsp;110<\/strong>.<\/p>\n<\/div>\n\n<div class=\"g-container\">\n<p>Les cours d\u2019<strong>art dramatique<\/strong> se fondent sur la performance et l\u2019acquisition de comp\u00e9tences th\u00e9\u00e2trales en exposant les personnes apprenantes \u00e0 une vari\u00e9t\u00e9 de d\u00e9fis qui exigent cr\u00e9ativit\u00e9 et r\u00e9flexion de haut niveau. Dans chaque cours, les personnes apprenantes sont amen\u00e9es \u00e0 travailler seules, en autonomie, en petits et grands groupes. On privil\u00e9gie les activit\u00e9s de recherche et les projets actifs et exp\u00e9rientiels. Les personnes apprenantes sont expos\u00e9es \u00e0 une large vari\u00e9t\u00e9 de conventions et de styles th\u00e9\u00e2traux pour cr\u00e9er, analyser, mener des recherches et se produire. On attend du personnel enseignant qu\u2019il pr\u00e9sente diverses conventions th\u00e9\u00e2trales plut\u00f4t que de se centrer sur un seul aspect.<\/p>\n<\/div>\n\n<div class=\"g-container\">\n<p>En <strong>Art dramatique&nbsp;120<\/strong>, les personnes apprenantes participent davantage et s\u2019approprient leur apprentissage et l\u2019\u00e9valuation qui s\u2019ensuit. Elles peuvent \u00eatre amen\u00e9es \u00e0 travailler en dehors de la classe (r\u00e9p\u00e9tition en solo ou en groupe, r\u00e9p\u00e9titions en studio), en raison des visages nombreux et divers des activit\u00e9s th\u00e9\u00e2trales. On les encourage fortement \u00e0 participer \u00e0 des activit\u00e9s parascolaires et communautaires.<\/p>\n<\/div>\n\n<div class=\"g-container\">\n<p>La personne enseignante doit conna\u00eetre une vari\u00e9t\u00e9 de genres en th\u00e9\u00e2tre et en arts de la sc\u00e8ne et, de pr\u00e9f\u00e9rence, poss\u00e9der une expertise ou une exp\u00e9rience dans le domaine de l\u2019art dramatique.<\/p>\n<\/div>\n\n<div class=\"g-container\">\n<p><\/p>\n<\/div>","protected":false},"excerpt":{"rendered":"<p>Le cours Art dramatique&nbsp;110 est un cours d\u2019introduction destin\u00e9 aux personnes apprenantes d\u00e9sireuses d\u2019acqu\u00e9rir des comp\u00e9tences li\u00e9es \u00e0 la cr\u00e9ativit\u00e9, \u00e0 la performance et \u00e0 la production. C\u2019est un cours tr\u00e8s participatif qui exige une pr\u00e9sence assidue pour favoriser la cr\u00e9ation de projets collaboratifs et la participation \u00e0 des exp\u00e9riences nouvelles. Le cours Art dramatique&nbsp;120 [&hellip;]<\/p>\n","protected":false},"author":6,"featured_media":0,"parent":2517,"menu_order":0,"comment_status":"closed","ping_status":"closed","template":"pages\/template-subject.php","meta":{"_acf_changed":false,"footnotes":""},"class_list":["post-6008","page","type-page","status-publish","hentry"],"acf":[],"_links":{"self":[{"href":"https:\/\/curriculum.nbed.ca\/fr\/wp-json\/wp\/v2\/pages\/6008","targetHints":{"allow":["GET"]}}],"collection":[{"href":"https:\/\/curriculum.nbed.ca\/fr\/wp-json\/wp\/v2\/pages"}],"about":[{"href":"https:\/\/curriculum.nbed.ca\/fr\/wp-json\/wp\/v2\/types\/page"}],"author":[{"embeddable":true,"href":"https:\/\/curriculum.nbed.ca\/fr\/wp-json\/wp\/v2\/users\/6"}],"replies":[{"embeddable":true,"href":"https:\/\/curriculum.nbed.ca\/fr\/wp-json\/wp\/v2\/comments?post=6008"}],"version-history":[{"count":5,"href":"https:\/\/curriculum.nbed.ca\/fr\/wp-json\/wp\/v2\/pages\/6008\/revisions"}],"predecessor-version":[{"id":10728,"href":"https:\/\/curriculum.nbed.ca\/fr\/wp-json\/wp\/v2\/pages\/6008\/revisions\/10728"}],"up":[{"embeddable":true,"href":"https:\/\/curriculum.nbed.ca\/fr\/wp-json\/wp\/v2\/pages\/2517"}],"wp:attachment":[{"href":"https:\/\/curriculum.nbed.ca\/fr\/wp-json\/wp\/v2\/media?parent=6008"}],"curies":[{"name":"wp","href":"https:\/\/api.w.org\/{rel}","templated":true}]}}