{"id":5985,"date":"2023-04-03T14:52:17","date_gmt":"2023-04-03T14:52:17","guid":{"rendered":"https:\/\/curriculum.nbed.ca\/?page_id=5985"},"modified":"2023-08-27T19:26:27","modified_gmt":"2023-08-27T19:26:27","slug":"psychologie-110","status":"publish","type":"page","link":"https:\/\/curriculum.nbed.ca\/fr\/domaines-dapprentissage\/secondaire\/mieux-etre-education-physique\/psychologie-110\/","title":{"rendered":"Psychologie\u00a0110"},"content":{"rendered":"<div class=\"g-container\">\n<p>Ce cours vise \u00e0 initier les apprenants \u00e0 l\u2019\u00e9tude du comportement et des processus mentaux. Dans le cours <strong>Psychologie&nbsp;110<\/strong>, les apprenants acquerront des comp\u00e9tences transf\u00e9rables aux interactions quotidiennes pour comprendre, communiquer, faire preuve d\u2019empathie et coop\u00e9rer avec les autres, ainsi que pour maintenir de saines relations \u00e0 l\u2019appui d\u2019une bonne sant\u00e9 mentale. Cela permettra de renforcer les relations interpersonnelles et intrapersonnelles \u00e0 la maison, \u00e0 l\u2019\u00e9cole et sur le march\u00e9 du travail. Les apprenants appliqueront les concepts \u00e9tudi\u00e9s \u00e0 des situations r\u00e9elles pour acqu\u00e9rir des comp\u00e9tences li\u00e9es au d\u00e9veloppement personnel et aux comp\u00e9tences globales.&nbsp;<\/p>\n<\/div>\n\n<div class=\"g-container\">\n<p>Les apprenants du cours&nbsp;<strong>Psychologie&nbsp;110<\/strong> couvriront une vari\u00e9t\u00e9 de domaines li\u00e9s \u00e0 la psychologie, y compris les influences sociales, les m\u00e9thodologies scientifiques, les perspectives historiques, les troubles psychologiques et les possibilit\u00e9s de carri\u00e8re. Les apprenants peuvent s\u2019attendre \u00e0 participer \u00e0 des discussions en classe, \u00e0 faire de l\u2019introspection, \u00e0 interagir avec les m\u00e9dias et \u00e0 collaborer avec leurs pairs. Parmi les th\u00e8mes qui seront abord\u00e9s se trouvent la psychologie en tant que science sociale, les facteurs biologiques, les variations et perspectives, ainsi que les applications de la psychologie.<\/p>\n<\/div>","protected":false},"excerpt":{"rendered":"<p>Ce cours vise \u00e0 initier les apprenants \u00e0 l\u2019\u00e9tude du comportement et des processus mentaux. Dans le cours Psychologie&nbsp;110, les apprenants acquerront des comp\u00e9tences transf\u00e9rables aux interactions quotidiennes pour comprendre, communiquer, faire preuve d\u2019empathie et coop\u00e9rer avec les autres, ainsi que pour maintenir de saines relations \u00e0 l\u2019appui d\u2019une bonne sant\u00e9 mentale. Cela permettra de [&hellip;]<\/p>\n","protected":false},"author":6,"featured_media":0,"parent":2521,"menu_order":0,"comment_status":"closed","ping_status":"closed","template":"pages\/template-subject.php","meta":{"_acf_changed":false,"footnotes":""},"class_list":["post-5985","page","type-page","status-publish","hentry"],"acf":[],"_links":{"self":[{"href":"https:\/\/curriculum.nbed.ca\/fr\/wp-json\/wp\/v2\/pages\/5985","targetHints":{"allow":["GET"]}}],"collection":[{"href":"https:\/\/curriculum.nbed.ca\/fr\/wp-json\/wp\/v2\/pages"}],"about":[{"href":"https:\/\/curriculum.nbed.ca\/fr\/wp-json\/wp\/v2\/types\/page"}],"author":[{"embeddable":true,"href":"https:\/\/curriculum.nbed.ca\/fr\/wp-json\/wp\/v2\/users\/6"}],"replies":[{"embeddable":true,"href":"https:\/\/curriculum.nbed.ca\/fr\/wp-json\/wp\/v2\/comments?post=5985"}],"version-history":[{"count":8,"href":"https:\/\/curriculum.nbed.ca\/fr\/wp-json\/wp\/v2\/pages\/5985\/revisions"}],"predecessor-version":[{"id":6201,"href":"https:\/\/curriculum.nbed.ca\/fr\/wp-json\/wp\/v2\/pages\/5985\/revisions\/6201"}],"up":[{"embeddable":true,"href":"https:\/\/curriculum.nbed.ca\/fr\/wp-json\/wp\/v2\/pages\/2521"}],"wp:attachment":[{"href":"https:\/\/curriculum.nbed.ca\/fr\/wp-json\/wp\/v2\/media?parent=5985"}],"curies":[{"name":"wp","href":"https:\/\/api.w.org\/{rel}","templated":true}]}}