{"id":5970,"date":"2023-04-03T14:58:19","date_gmt":"2023-04-03T14:58:19","guid":{"rendered":"https:\/\/curriculum.nbed.ca\/?page_id=5970"},"modified":"2023-08-27T17:51:59","modified_gmt":"2023-08-27T17:51:59","slug":"menuiserie-et-ebenisterie-120","status":"publish","type":"page","link":"https:\/\/curriculum.nbed.ca\/fr\/domaines-dapprentissage\/secondaire\/apprentissage-lie-a-la-carriere\/les-metiers-specialises\/menuiserie-et-ebenisterie-120\/","title":{"rendered":"Menuiserie et \u00e9b\u00e9nisterie 120"},"content":{"rendered":"<div class=\"g-container\">\n<p>Les apprenants cr\u00e9ent, con\u00e7oivent et construisent une s\u00e9rie de produits qui n\u00e9cessitent un travail de menuiserie utilis\u00e9 dans l\u2019industrie de l\u2019\u00e9b\u00e9nisterie. Les apprenants se familiarisent avec les principes de la production sur mesure et de la production de masse. Ils ont l\u2019occasion d\u2019apprendre les normes de s\u00e9curit\u00e9 du secteur, d\u2019acqu\u00e9rir des comp\u00e9tences avec des outils et de l\u2019\u00e9quipement et d\u2019explorer les possibilit\u00e9s de carri\u00e8re en \u00e9b\u00e9nisterie.<\/p>\n<\/div>\n\n<div class=\"g-container\">\n<p>Ce cours permettra d\u2019aborder les objectifs de d\u00e9veloppement durable (ODD) de l\u2019Organisation des Nations&nbsp;Unies \u00e0 plusieurs \u00e9chelons et dans plusieurs disciplines. Les apprenants peuvent explorer et \u00e9tudier des sujets li\u00e9s aux objectifs&nbsp;:<\/p>\n<\/div>\n\n<div class=\"g-container\">\n<p>4. \u00c9ducation de qualit\u00e9;<\/p>\n<\/div>\n\n<div class=\"g-container\">\n<p>5. \u00c9galit\u00e9 des genres;<\/p>\n<\/div>\n\n<div class=\"g-container\">\n<p>8. Travail d\u00e9cent et croissance \u00e9conomique;<\/p>\n<\/div>\n\n<div class=\"g-container\">\n<p>9. Industrie, innovation et infrastructure;<\/p>\n<\/div>\n\n<div class=\"g-container\">\n<p>11. Villes et communaut\u00e9s durables;<\/p>\n<\/div>\n\n<div class=\"g-container\">\n<p>12. Consommation et production responsables;<\/p>\n<\/div>\n\n<div class=\"g-container\">\n<p>13. Lutte contre les changements climatiques.&nbsp;<\/p>\n<\/div>\n\n<div class=\"g-container\">\n<p>La participation \u00e0 ce cours aidera \u00e0 pr\u00e9parer les apprenants \u00e0 un emploi de premier \u00e9chelon et \u00e0 une formation postsecondaire, tout en cr\u00e9ant des produits pour un avenir durable sur le plan de l\u2019environnement.&nbsp;<\/p>\n<\/div>","protected":false},"excerpt":{"rendered":"<p>Les apprenants cr\u00e9ent, con\u00e7oivent et construisent une s\u00e9rie de produits qui n\u00e9cessitent un travail de menuiserie utilis\u00e9 dans l\u2019industrie de l\u2019\u00e9b\u00e9nisterie. Les apprenants se familiarisent avec les principes de la production sur mesure et de la production de masse. Ils ont l\u2019occasion d\u2019apprendre les normes de s\u00e9curit\u00e9 du secteur, d\u2019acqu\u00e9rir des comp\u00e9tences avec des outils [&hellip;]<\/p>\n","protected":false},"author":6,"featured_media":0,"parent":4444,"menu_order":0,"comment_status":"closed","ping_status":"closed","template":"pages\/template-subject.php","meta":{"_acf_changed":false,"footnotes":""},"class_list":["post-5970","page","type-page","status-publish","hentry"],"acf":[],"_links":{"self":[{"href":"https:\/\/curriculum.nbed.ca\/fr\/wp-json\/wp\/v2\/pages\/5970","targetHints":{"allow":["GET"]}}],"collection":[{"href":"https:\/\/curriculum.nbed.ca\/fr\/wp-json\/wp\/v2\/pages"}],"about":[{"href":"https:\/\/curriculum.nbed.ca\/fr\/wp-json\/wp\/v2\/types\/page"}],"author":[{"embeddable":true,"href":"https:\/\/curriculum.nbed.ca\/fr\/wp-json\/wp\/v2\/users\/6"}],"replies":[{"embeddable":true,"href":"https:\/\/curriculum.nbed.ca\/fr\/wp-json\/wp\/v2\/comments?post=5970"}],"version-history":[{"count":4,"href":"https:\/\/curriculum.nbed.ca\/fr\/wp-json\/wp\/v2\/pages\/5970\/revisions"}],"predecessor-version":[{"id":6177,"href":"https:\/\/curriculum.nbed.ca\/fr\/wp-json\/wp\/v2\/pages\/5970\/revisions\/6177"}],"up":[{"embeddable":true,"href":"https:\/\/curriculum.nbed.ca\/fr\/wp-json\/wp\/v2\/pages\/4444"}],"wp:attachment":[{"href":"https:\/\/curriculum.nbed.ca\/fr\/wp-json\/wp\/v2\/media?parent=5970"}],"curies":[{"name":"wp","href":"https:\/\/api.w.org\/{rel}","templated":true}]}}