{"id":5964,"date":"2023-04-03T14:52:17","date_gmt":"2023-04-03T14:52:17","guid":{"rendered":"https:\/\/curriculum.nbed.ca\/?page_id=5964"},"modified":"2023-08-27T18:05:06","modified_gmt":"2023-08-27T18:05:06","slug":"developpement-de-la-petite-enfance-120","status":"publish","type":"page","link":"https:\/\/curriculum.nbed.ca\/fr\/domaines-dapprentissage\/secondaire\/mieux-etre-education-physique\/developpement-de-la-petite-enfance-120\/","title":{"rendered":"D\u00e9veloppement de la petite enfance\u00a0120"},"content":{"rendered":"<div class=\"g-container\">\n<p>La vision du cours <strong>D\u00e9veloppement de la petite enfance&nbsp;120<\/strong> est de faire participer les apprenants aux processus de d\u00e9veloppement des jeunes enfants. La compr\u00e9hension des \u00e9tapes de la croissance, de la conception \u00e0 la petite enfance, encouragera les apprenants \u00e0 adopter des strat\u00e9gies saines li\u00e9es \u00e0 la prestation de soins et \u00e0 reconna\u00eetre comment acc\u00e9der aux mesures de soutien en tant que futurs fournisseurs de soins et chefs de famille. Les apprenants r\u00e9fl\u00e9chiront au r\u00f4le qu\u2019ils jouent dans le mieux-\u00eatre de leur famille et de leur collectivit\u00e9.<\/p>\n<\/div>\n\n<div class=\"g-container\">\n<p>Dans le cours <strong>D\u00e9veloppement de la petite enfance&nbsp;120<\/strong>, les apprenants exploreront l\u2019importance de la cr\u00e9ation d\u2019un environnement bienveillant qui comprend du soutien affectif, un sentiment de s\u00e9curit\u00e9 et l\u2019acc\u00e8s aux besoins de base. Ce cours est destin\u00e9 aux apprenants qui envisagent de poursuivre leurs \u00e9tudes dans ce domaine ou dans des domaines connexes, ainsi qu\u2019aux apprenants qui souhaitent \u00e9largir leurs connaissances sur le d\u00e9veloppement de l\u2019enfant. Les th\u00e8mes abord\u00e9s comprennent le mieux-\u00eatre physique, cognitif et socio\u00e9motionnel de l\u2019enfant, de la conception \u00e0 la petite enfance. Ce cours examine \u00e9galement l\u2019importance de la communaut\u00e9 et des soins personnels au sein d\u2019une famille saine.<\/p>\n<\/div>","protected":false},"excerpt":{"rendered":"<p>La vision du cours D\u00e9veloppement de la petite enfance&nbsp;120 est de faire participer les apprenants aux processus de d\u00e9veloppement des jeunes enfants. La compr\u00e9hension des \u00e9tapes de la croissance, de la conception \u00e0 la petite enfance, encouragera les apprenants \u00e0 adopter des strat\u00e9gies saines li\u00e9es \u00e0 la prestation de soins et \u00e0 reconna\u00eetre comment acc\u00e9der [&hellip;]<\/p>\n","protected":false},"author":6,"featured_media":0,"parent":2521,"menu_order":0,"comment_status":"closed","ping_status":"closed","template":"pages\/template-subject.php","meta":{"_acf_changed":false,"footnotes":""},"class_list":["post-5964","page","type-page","status-publish","hentry"],"acf":[],"_links":{"self":[{"href":"https:\/\/curriculum.nbed.ca\/fr\/wp-json\/wp\/v2\/pages\/5964","targetHints":{"allow":["GET"]}}],"collection":[{"href":"https:\/\/curriculum.nbed.ca\/fr\/wp-json\/wp\/v2\/pages"}],"about":[{"href":"https:\/\/curriculum.nbed.ca\/fr\/wp-json\/wp\/v2\/types\/page"}],"author":[{"embeddable":true,"href":"https:\/\/curriculum.nbed.ca\/fr\/wp-json\/wp\/v2\/users\/6"}],"replies":[{"embeddable":true,"href":"https:\/\/curriculum.nbed.ca\/fr\/wp-json\/wp\/v2\/comments?post=5964"}],"version-history":[{"count":6,"href":"https:\/\/curriculum.nbed.ca\/fr\/wp-json\/wp\/v2\/pages\/5964\/revisions"}],"predecessor-version":[{"id":6180,"href":"https:\/\/curriculum.nbed.ca\/fr\/wp-json\/wp\/v2\/pages\/5964\/revisions\/6180"}],"up":[{"embeddable":true,"href":"https:\/\/curriculum.nbed.ca\/fr\/wp-json\/wp\/v2\/pages\/2521"}],"wp:attachment":[{"href":"https:\/\/curriculum.nbed.ca\/fr\/wp-json\/wp\/v2\/media?parent=5964"}],"curies":[{"name":"wp","href":"https:\/\/api.w.org\/{rel}","templated":true}]}}