{"id":5897,"date":"2023-04-03T14:52:17","date_gmt":"2023-04-03T14:52:17","guid":{"rendered":"https:\/\/curriculum.nbed.ca\/?page_id=5897"},"modified":"2023-11-24T16:21:20","modified_gmt":"2023-11-24T16:21:20","slug":"education-physique-10","status":"publish","type":"page","link":"https:\/\/curriculum.nbed.ca\/fr\/domaines-dapprentissage\/secondaire\/mieux-etre-education-physique\/education-physique-10\/","title":{"rendered":"\u00c9ducation physique\u00a010"},"content":{"rendered":"<div class=\"g-container\">\n<p>Le cours <strong>\u00c9ducation physique&nbsp;10<\/strong> offre aux apprenants des comp\u00e9tences et des concepts \u00e9l\u00e9mentaires dans les domaines du leadership en sport et en loisirs, de l\u2019\u00e9ducation en plein air, de la kin\u00e9siologie et de la forme physique.<\/p>\n<\/div>\n\n<div class=\"g-container\">\n<p>Les apprenants b\u00e9n\u00e9ficient des comp\u00e9tences acquises par le leadership en sport et en loisirs gr\u00e2ce \u00e0 l\u2019am\u00e9lioration de leur communication et de leur facult\u00e9 \u00e0 r\u00e9soudre des probl\u00e8mes et \u00e0 prendre des d\u00e9cisions. En exp\u00e9rimentant les fondements du leadership par le sport et les loisirs, les apprenants comprendront les relations entre l\u2019\u00e9ducation physique, la soci\u00e9t\u00e9 et l\u2019environnement et seront mieux outill\u00e9s pour les futurs r\u00f4les de leadership.<\/p>\n<\/div>\n\n<div class=\"g-container\">\n<p>L\u2019\u00e9ducation en plein air encourage l\u2019appr\u00e9ciation de la nature et de l\u2019environnement tout en offrant des occasions d\u2019apprentissage exp\u00e9rientiel et d\u2019activit\u00e9s physiques. Gr\u00e2ce aux activit\u00e9s d\u2019\u00e9ducation en plein air, les apprenants acquerront des comp\u00e9tences comme l\u2019orientation, la survie et le travail d\u2019\u00e9quipe.<\/p>\n<\/div>\n\n<div class=\"g-container\">\n<p>Le cours <strong>\u00c9ducation physique&nbsp;10<\/strong> introduit \u00e9galement la kin\u00e9siologie, soit l\u2019\u00e9tude du mouvement humain. Ce domaine d\u2019\u00e9tude aide les apprenants \u00e0 comprendre la m\u00e9canique du corps humain et l\u2019optimisation du mouvement pour am\u00e9liorer la performance physique. En acqu\u00e9rant des connaissances en kin\u00e9siologie, les apprenants peuvent mettre en place de saines habitudes et des techniques qui les aideront \u00e0 r\u00e9duire le risque de blessure et \u00e0 am\u00e9liorer leur condition physique g\u00e9n\u00e9rale.<\/p>\n<\/div>\n\n<div class=\"g-container\">\n<p>Dans le cadre du cours <strong>\u00c9ducation physique&nbsp;10<\/strong>, les apprenants exploreront divers types de programmes d\u2019entra\u00eenement fonctionnel et de renforcement et cr\u00e9eront un programme de renforcement pour am\u00e9liorer leur propre condition physique.<\/p>\n<\/div>\n\n<div class=\"g-container\">\n<p>La r\u00e9ussite du cours <strong>\u00c9ducation physique&nbsp;10 <\/strong>pr\u00e9parera les apprenants \u00e0 d\u2019autres cours, comme l\u2019\u00e9ducation en plein air et le leadership en sport et en loisirs.<\/p>\n<\/div>\n\n<div class=\"g-container\">\n<p>Lignes directrices relatives \u00e0 la s\u00e9curit\u00e9 en \u00e9ducation physique :<\/p>\n<\/div>\n\n<div class=\"g-container\">\n<ul class=\"wp-block-list\">\n<li><a href=\"https:\/\/www2.gnb.ca\/content\/dam\/gnb\/Departments\/ed\/pdf\/K12\/curric\/Health-PhysicalEducation\/SafetyGuidelinesSecondaryCurricular.pdf\" target=\"_blank\" rel=\"noreferrer noopener\">Curricular<\/a>&nbsp;(anglais seulement)<\/li>\n\n\n\n<li><a href=\"https:\/\/www2.gnb.ca\/content\/dam\/gnb\/Departments\/ed\/pdf\/K12\/curric\/Health-PhysicalEducation\/SafetyGuidelinesSecondaryIntramural.pdf\" target=\"_blank\" rel=\"noreferrer noopener\">Intramural<\/a>&nbsp;(anglais seulement)<\/li>\n\n\n\n<li><a href=\"https:\/\/www2.gnb.ca\/content\/dam\/gnb\/Departments\/ed\/pdf\/K12\/curric\/Health-PhysicalEducation\/SafetyGuidelinesSecondaryInterschoolAthletics.pdf\" target=\"_blank\" rel=\"noreferrer noopener\">Interschool<\/a>&nbsp;(anglais seulement)<\/li>\n<\/ul>\n<\/div>","protected":false},"excerpt":{"rendered":"<p>Le cours \u00c9ducation physique&nbsp;10 offre aux apprenants des comp\u00e9tences et des concepts \u00e9l\u00e9mentaires dans les domaines du leadership en sport et en loisirs, de l\u2019\u00e9ducation en plein air, de la kin\u00e9siologie et de la forme physique. Les apprenants b\u00e9n\u00e9ficient des comp\u00e9tences acquises par le leadership en sport et en loisirs gr\u00e2ce \u00e0 l\u2019am\u00e9lioration de leur [&hellip;]<\/p>\n","protected":false},"author":6,"featured_media":0,"parent":2521,"menu_order":0,"comment_status":"closed","ping_status":"closed","template":"pages\/template-subject.php","meta":{"_acf_changed":false,"footnotes":""},"class_list":["post-5897","page","type-page","status-publish","hentry"],"acf":[],"_links":{"self":[{"href":"https:\/\/curriculum.nbed.ca\/fr\/wp-json\/wp\/v2\/pages\/5897","targetHints":{"allow":["GET"]}}],"collection":[{"href":"https:\/\/curriculum.nbed.ca\/fr\/wp-json\/wp\/v2\/pages"}],"about":[{"href":"https:\/\/curriculum.nbed.ca\/fr\/wp-json\/wp\/v2\/types\/page"}],"author":[{"embeddable":true,"href":"https:\/\/curriculum.nbed.ca\/fr\/wp-json\/wp\/v2\/users\/6"}],"replies":[{"embeddable":true,"href":"https:\/\/curriculum.nbed.ca\/fr\/wp-json\/wp\/v2\/comments?post=5897"}],"version-history":[{"count":8,"href":"https:\/\/curriculum.nbed.ca\/fr\/wp-json\/wp\/v2\/pages\/5897\/revisions"}],"predecessor-version":[{"id":7563,"href":"https:\/\/curriculum.nbed.ca\/fr\/wp-json\/wp\/v2\/pages\/5897\/revisions\/7563"}],"up":[{"embeddable":true,"href":"https:\/\/curriculum.nbed.ca\/fr\/wp-json\/wp\/v2\/pages\/2521"}],"wp:attachment":[{"href":"https:\/\/curriculum.nbed.ca\/fr\/wp-json\/wp\/v2\/media?parent=5897"}],"curies":[{"name":"wp","href":"https:\/\/api.w.org\/{rel}","templated":true}]}}