{"id":5865,"date":"2023-04-03T14:58:19","date_gmt":"2023-04-03T14:58:19","guid":{"rendered":"https:\/\/curriculum.nbed.ca\/?page_id=5865"},"modified":"2023-08-25T14:17:15","modified_gmt":"2023-08-25T14:17:15","slug":"charpente-et-revetement-110","status":"publish","type":"page","link":"https:\/\/curriculum.nbed.ca\/fr\/domaines-dapprentissage\/secondaire\/apprentissage-lie-a-la-carriere\/les-metiers-specialises\/charpente-et-revetement-110\/","title":{"rendered":"Charpente et rev\u00eatement 110"},"content":{"rendered":"<div class=\"g-container\">\n<p>Le cours <strong>Charpente et rev\u00eatement&nbsp;110<\/strong> pr\u00e9sente aux apprenants les comp\u00e9tences et les connaissances requises pour travailler dans le domaine de la construction r\u00e9sidentielle. Les apprenants cr\u00e9ent, con\u00e7oivent, construisent ou r\u00e9novent et r\u00e9parent une s\u00e9rie de produits. Lors de cette d\u00e9monstration de comp\u00e9tences en charpenterie, les apprenants utilisent les principes de la production sur mesure et de la production de masse. Les possibilit\u00e9s de formation aux normes de s\u00e9curit\u00e9 de l\u2019industrie, de renforcement des comp\u00e9tences avec divers outils et \u00e9quipement, ainsi qu\u2019une vari\u00e9t\u00e9 de lieux de travail propres au m\u00e9tier de charpentier, sont \u00e0 explorer. Les apprenants participent \u00e0 des projets pratiques et exp\u00e9rientiels qui font appel \u00e0 leurs connaissances des mat\u00e9riaux de construction, \u00e0 leurs comp\u00e9tences en mati\u00e8re de conception et de mesure, tout en fabriquant ou en r\u00e9parant et en r\u00e9novant en toute s\u00e9curit\u00e9 une charpente de b\u00e2timent. Ce cours permettra d\u2019aborder les objectifs de d\u00e9veloppement durable (ODD) de l\u2019Organisation des Nations&nbsp;Unies \u00e0 plusieurs \u00e9chelons et dans plusieurs disciplines. Les apprenants peuvent explorer et \u00e9tudier des sujets li\u00e9s aux ODD suivants&nbsp;: 4&nbsp;\u2013 \u00c9ducation de qualit\u00e9; 5&nbsp;\u2013 \u00c9galit\u00e9 des genres; 8&nbsp;\u2013 Travail d\u00e9cent et croissance \u00e9conomique; 9&nbsp;\u2013 Industrie, innovation et infrastructure; 11&nbsp;\u2013 Villes et collectivit\u00e9s durables; 12&nbsp;\u2013 Consommation et production responsables; 13&nbsp;\u2013 Lutte contre les changements climatiques.&nbsp;La participation \u00e0 ce cours aidera \u00e0 pr\u00e9parer les apprenants \u00e0 un emploi de premier \u00e9chelon et \u00e0 une formation postsecondaire dans le domaine de la construction r\u00e9sidentielle, institutionnelle, commerciale ou industrielle.<\/p>\n<\/div>","protected":false},"excerpt":{"rendered":"<p>Le cours Charpente et rev\u00eatement&nbsp;110 pr\u00e9sente aux apprenants les comp\u00e9tences et les connaissances requises pour travailler dans le domaine de la construction r\u00e9sidentielle. Les apprenants cr\u00e9ent, con\u00e7oivent, construisent ou r\u00e9novent et r\u00e9parent une s\u00e9rie de produits. Lors de cette d\u00e9monstration de comp\u00e9tences en charpenterie, les apprenants utilisent les principes de la production sur mesure et [&hellip;]<\/p>\n","protected":false},"author":6,"featured_media":0,"parent":4444,"menu_order":0,"comment_status":"closed","ping_status":"closed","template":"pages\/template-subject.php","meta":{"_acf_changed":false,"footnotes":""},"class_list":["post-5865","page","type-page","status-publish","hentry"],"acf":[],"_links":{"self":[{"href":"https:\/\/curriculum.nbed.ca\/fr\/wp-json\/wp\/v2\/pages\/5865","targetHints":{"allow":["GET"]}}],"collection":[{"href":"https:\/\/curriculum.nbed.ca\/fr\/wp-json\/wp\/v2\/pages"}],"about":[{"href":"https:\/\/curriculum.nbed.ca\/fr\/wp-json\/wp\/v2\/types\/page"}],"author":[{"embeddable":true,"href":"https:\/\/curriculum.nbed.ca\/fr\/wp-json\/wp\/v2\/users\/6"}],"replies":[{"embeddable":true,"href":"https:\/\/curriculum.nbed.ca\/fr\/wp-json\/wp\/v2\/comments?post=5865"}],"version-history":[{"count":6,"href":"https:\/\/curriculum.nbed.ca\/fr\/wp-json\/wp\/v2\/pages\/5865\/revisions"}],"predecessor-version":[{"id":5948,"href":"https:\/\/curriculum.nbed.ca\/fr\/wp-json\/wp\/v2\/pages\/5865\/revisions\/5948"}],"up":[{"embeddable":true,"href":"https:\/\/curriculum.nbed.ca\/fr\/wp-json\/wp\/v2\/pages\/4444"}],"wp:attachment":[{"href":"https:\/\/curriculum.nbed.ca\/fr\/wp-json\/wp\/v2\/media?parent=5865"}],"curies":[{"name":"wp","href":"https:\/\/api.w.org\/{rel}","templated":true}]}}