{"id":5840,"date":"2023-04-03T14:59:31","date_gmt":"2023-04-03T14:59:31","guid":{"rendered":"https:\/\/curriculum.nbed.ca\/?page_id=5840"},"modified":"2023-08-25T13:57:29","modified_gmt":"2023-08-25T13:57:29","slug":"sciences-informatiques-110","status":"publish","type":"page","link":"https:\/\/curriculum.nbed.ca\/fr\/domaines-dapprentissage\/secondaire\/apprentissage-lie-a-la-carriere\/technologies-numeriques-et-de-l-information\/sciences-informatiques-110\/","title":{"rendered":"Sciences informatiques 110"},"content":{"rendered":"<div class=\"g-container\">\n<p>Les sciences informatiques sont un domaine ax\u00e9 sur l\u2019\u00e9tude de l\u2019informatique et du calcul, notamment les aspects th\u00e9oriques et pratiques. Elles portent sur la conception, l\u2019\u00e9laboration et l\u2019analyse d\u2019algorithmes et de structures de donn\u00e9es afin de r\u00e9soudre des probl\u00e8mes complexes \u00e0 l\u2019aide d\u2019ordinateurs. Les sciences informatiques englobent \u00e9galement des sujets comme l\u2019architecture d\u2019ordinateur, les langages de programmation, l\u2019intelligence artificielle et l\u2019interaction personne-machine. Les apprenants acquerront une base solide en programmation tout en d\u00e9montrant des comp\u00e9tences op\u00e9rationnelles, en appliquant une pens\u00e9e informatique, en int\u00e9grant le travail d\u2019\u00e9quipe, en rencontrant des difficult\u00e9s, en r\u00e9solvant des probl\u00e8mes et en faisant preuve de r\u00e9silience et de d\u00e9brouillardise.<\/p>\n<\/div>\n\n<div class=\"g-container\">\n<p>L\u2019apprentissage exp\u00e9rientiel et pratique d\u2019un langage de programmation textuel fournira le m\u00e9dium pour que l\u2019apprenant acqui\u00e8re des comp\u00e9tences et de meilleures connaissances dans le domaine des sciences informatiques. L\u2019acquisition de comp\u00e9tences en pens\u00e9e informatique, en programmation et en technologies num\u00e9riques afin de r\u00e9soudre un probl\u00e8me de technologie informatique demeure au c\u0153ur des sciences informatiques. En se concentrant sur le processus, l\u2019apprenant renforcera sa pers\u00e9v\u00e9rance et sa d\u00e9brouillardise. Au fur et \u00e0 mesure que l\u2019apprenant acquiert des comp\u00e9tences op\u00e9rationnelles et des aptitudes en programmation, les \u00e9l\u00e8ves seront invit\u00e9s \u00e0 r\u00e9soudre des probl\u00e8mes plus complexes en utilisant une pens\u00e9e algorithmique de plus en plus sophistiqu\u00e9e. L\u2019autonomie de l\u2019apprenant grandit par l\u2019acc\u00e8s accru \u00e0 des techniques informatiques au cours de son exploration des sciences informatiques.<\/p>\n<\/div>","protected":false},"excerpt":{"rendered":"<p>Les sciences informatiques sont un domaine ax\u00e9 sur l\u2019\u00e9tude de l\u2019informatique et du calcul, notamment les aspects th\u00e9oriques et pratiques. Elles portent sur la conception, l\u2019\u00e9laboration et l\u2019analyse d\u2019algorithmes et de structures de donn\u00e9es afin de r\u00e9soudre des probl\u00e8mes complexes \u00e0 l\u2019aide d\u2019ordinateurs. Les sciences informatiques englobent \u00e9galement des sujets comme l\u2019architecture d\u2019ordinateur, les langages [&hellip;]<\/p>\n","protected":false},"author":6,"featured_media":0,"parent":4411,"menu_order":0,"comment_status":"closed","ping_status":"closed","template":"pages\/template-subject.php","meta":{"_acf_changed":false,"footnotes":""},"class_list":["post-5840","page","type-page","status-publish","hentry"],"acf":[],"_links":{"self":[{"href":"https:\/\/curriculum.nbed.ca\/fr\/wp-json\/wp\/v2\/pages\/5840","targetHints":{"allow":["GET"]}}],"collection":[{"href":"https:\/\/curriculum.nbed.ca\/fr\/wp-json\/wp\/v2\/pages"}],"about":[{"href":"https:\/\/curriculum.nbed.ca\/fr\/wp-json\/wp\/v2\/types\/page"}],"author":[{"embeddable":true,"href":"https:\/\/curriculum.nbed.ca\/fr\/wp-json\/wp\/v2\/users\/6"}],"replies":[{"embeddable":true,"href":"https:\/\/curriculum.nbed.ca\/fr\/wp-json\/wp\/v2\/comments?post=5840"}],"version-history":[{"count":6,"href":"https:\/\/curriculum.nbed.ca\/fr\/wp-json\/wp\/v2\/pages\/5840\/revisions"}],"predecessor-version":[{"id":5946,"href":"https:\/\/curriculum.nbed.ca\/fr\/wp-json\/wp\/v2\/pages\/5840\/revisions\/5946"}],"up":[{"embeddable":true,"href":"https:\/\/curriculum.nbed.ca\/fr\/wp-json\/wp\/v2\/pages\/4411"}],"wp:attachment":[{"href":"https:\/\/curriculum.nbed.ca\/fr\/wp-json\/wp\/v2\/media?parent=5840"}],"curies":[{"name":"wp","href":"https:\/\/api.w.org\/{rel}","templated":true}]}}