{"id":5766,"date":"2023-04-03T14:57:14","date_gmt":"2023-04-03T14:57:14","guid":{"rendered":"https:\/\/curriculum.nbed.ca\/?page_id=5766"},"modified":"2024-02-23T13:49:02","modified_gmt":"2024-02-23T13:49:02","slug":"francais-langue-seconde-9-fpi","status":"publish","type":"page","link":"https:\/\/curriculum.nbed.ca\/fr\/domaines-dapprentissage\/secondaire\/langues-et-arts-de-la-langue\/francais-langue-seconde\/francais-langue-seconde-9-fpi\/","title":{"rendered":"Fran\u00e7ais langue seconde 9 (FPI)"},"content":{"rendered":"<div class=\"g-container\">\n<p>Le fran\u00e7ais post-intensif est un programme \u00e9ducatif qui se concentre sur la cr\u00e9ation d\u2019un environnement positif et enrichissant pour que les apprenants afin qu\u2019ils d\u00e9veloppent leurs comp\u00e9tences linguistiques en fran\u00e7ais qui progressent tout au long du temps scolaire d\u2019un apprenant \u00e0 l\u2019\u00e9cole. Il utilise une approche centr\u00e9e sur l\u2019apprenant, mettant l\u2019accent sur la mod\u00e9lisation linguistique et la communication significative. Le programme utilise une approche centr\u00e9e sur l\u2019apprenant, mettant l\u2019accent sur la mod\u00e9lisation linguistique et la communication significative. Le programme int\u00e8gre \u00e9galement des \u00e9l\u00e9ments tels que la citoyennet\u00e9, le d\u00e9veloppement personnel, la communication efficace, la pens\u00e9e critique, la cr\u00e9ativit\u00e9, l\u2019innovation et la ma\u00eetrise de la technologie. Il vise \u00e0 favoriser la litt\u00e9ratie en fran\u00e7ais par l\u2019utilisation de la langue dans la vie r\u00e9elle et l\u2019apprentissage informel bas\u00e9 sur les int\u00e9r\u00eats et les exp\u00e9riences de l\u2019apprenant. Dans l\u2019ensemble, le programme permet aux \u00e9l\u00e8ves d\u2019avoir des comp\u00e9tences linguistiques et des aptitudes \u00e0 la vie quotidienne essentielles.<\/p>\n<\/div>","protected":false},"excerpt":{"rendered":"<p>Le fran\u00e7ais post-intensif est un programme \u00e9ducatif qui se concentre sur la cr\u00e9ation d\u2019un environnement positif et enrichissant pour que les apprenants afin qu\u2019ils d\u00e9veloppent leurs comp\u00e9tences linguistiques en fran\u00e7ais qui progressent tout au long du temps scolaire d\u2019un apprenant \u00e0 l\u2019\u00e9cole. Il utilise une approche centr\u00e9e sur l\u2019apprenant, mettant l\u2019accent sur la mod\u00e9lisation linguistique [&hellip;]<\/p>\n","protected":false},"author":6,"featured_media":0,"parent":8870,"menu_order":0,"comment_status":"closed","ping_status":"closed","template":"pages\/template-subject.php","meta":{"_acf_changed":false,"footnotes":""},"class_list":["post-5766","page","type-page","status-publish","hentry"],"acf":[],"_links":{"self":[{"href":"https:\/\/curriculum.nbed.ca\/fr\/wp-json\/wp\/v2\/pages\/5766","targetHints":{"allow":["GET"]}}],"collection":[{"href":"https:\/\/curriculum.nbed.ca\/fr\/wp-json\/wp\/v2\/pages"}],"about":[{"href":"https:\/\/curriculum.nbed.ca\/fr\/wp-json\/wp\/v2\/types\/page"}],"author":[{"embeddable":true,"href":"https:\/\/curriculum.nbed.ca\/fr\/wp-json\/wp\/v2\/users\/6"}],"replies":[{"embeddable":true,"href":"https:\/\/curriculum.nbed.ca\/fr\/wp-json\/wp\/v2\/comments?post=5766"}],"version-history":[{"count":10,"href":"https:\/\/curriculum.nbed.ca\/fr\/wp-json\/wp\/v2\/pages\/5766\/revisions"}],"predecessor-version":[{"id":5857,"href":"https:\/\/curriculum.nbed.ca\/fr\/wp-json\/wp\/v2\/pages\/5766\/revisions\/5857"}],"up":[{"embeddable":true,"href":"https:\/\/curriculum.nbed.ca\/fr\/wp-json\/wp\/v2\/pages\/8870"}],"wp:attachment":[{"href":"https:\/\/curriculum.nbed.ca\/fr\/wp-json\/wp\/v2\/media?parent=5766"}],"curies":[{"name":"wp","href":"https:\/\/api.w.org\/{rel}","templated":true}]}}