{"id":5716,"date":"2023-04-03T14:41:39","date_gmt":"2023-04-03T14:41:39","guid":{"rendered":"https:\/\/curriculum.nbed.ca\/?page_id=5716"},"modified":"2025-11-06T19:45:49","modified_gmt":"2025-11-06T19:45:49","slug":"tutorat-de-lecture-120","status":"publish","type":"page","link":"https:\/\/curriculum.nbed.ca\/fr\/domaines-dapprentissage\/secondaire\/langues-et-arts-de-la-langue\/tutorat-de-lecture-120\/","title":{"rendered":"Tutorat de lecture\u00a0120"},"content":{"rendered":"<div class=\"g-container\">\n<p>Le cours <strong>Tutorat de lecture&nbsp;120<\/strong> fournit aux \u00e9l\u00e8ves la possibilit\u00e9 d\u2019acqu\u00e9rir des comp\u00e9tences et des strat\u00e9gies en tutorat dans un contexte de langue seconde ou additionnelle. En s&rsquo;engageant dans des relations tuteur-tutor\u00e9, on pr\u00e9sente aux \u00e9l\u00e8ves du cours des pratiques d\u2019enseignement et le mentorat. Les \u00e9l\u00e8ves inscrits au cours de tutorat en lecture apprendront \u00e0 tutorer efficacement les apprenants d\u00e9butants de la litt\u00e9ratie qui r\u00e9pondent aux crit\u00e8res \u00e9nonc\u00e9s dans le document d&rsquo;accompagnement. &nbsp;<\/p>\n<\/div>\n\n<div class=\"g-container\">\n<p class=\"has-white-color has-text-color has-background has-link-color wp-elements-dbae045a234cf63a16d1d6047f2530dc\" style=\"background:linear-gradient(135deg,rgb(1,105,96) 0%,rgb(255,255,255) 100%)\"><strong><strong>Pour les \u00e9ducateurs :<\/strong><\/strong><\/p>\n<\/div>\n\n<div class=\"g-container\">\n<div class=\"wp-block-columns is-layout-flex wp-container-core-columns-is-layout-9d6595d7 wp-block-columns-is-layout-flex\">\n<div class=\"wp-block-column is-layout-flow wp-block-column-is-layout-flow\"><div class=\"g-container\">\n<ul class=\"wp-block-list\">\n<li><a href=\"https:\/\/nbed.sharepoint.com\/:b:\/r\/sites\/InDevelopment\/ELA\/Companion%20Guides\/ReadingTutorTutoratDeLecture120_CompGuide_20240312_v1.0_Final_2028.pdf?csf=1&amp;web=1&amp;e=EJajXx\" data-type=\"link\" data-id=\"https:\/\/nbed.sharepoint.com\/:b:\/r\/sites\/InDevelopment\/ELA\/Companion%20Guides\/ReadingTutorTutoratDeLecture120_CompGuide_20240312_v1.0_Final_2028.pdf?csf=1&amp;web=1&amp;e=EJajXx\" target=\"_blank\" rel=\"noreferrer noopener\">Document d&rsquo;accompagnement du tutorat de lecture 120<\/a><\/li>\n<\/ul>\n<\/div><\/div>\n\n\n\n<div class=\"wp-block-column is-layout-flow wp-block-column-is-layout-flow\"><div class=\"g-container\">\n<p><\/p>\n<\/div><\/div>\n<\/div>\n<\/div>\n\n<div class=\"g-container\">\n<div style=\"height:15px\" aria-hidden=\"true\" class=\"wp-block-spacer\"><\/div>\n<\/div>\n\n<div class=\"g-container\">\n<p><\/p>\n<\/div>","protected":false},"excerpt":{"rendered":"<p>Le cours Tutorat de lecture&nbsp;120 fournit aux \u00e9l\u00e8ves la possibilit\u00e9 d\u2019acqu\u00e9rir des comp\u00e9tences et des strat\u00e9gies en tutorat dans un contexte de langue seconde ou additionnelle. En s&rsquo;engageant dans des relations tuteur-tutor\u00e9, on pr\u00e9sente aux \u00e9l\u00e8ves du cours des pratiques d\u2019enseignement et le mentorat. Les \u00e9l\u00e8ves inscrits au cours de tutorat en lecture apprendront \u00e0 [&hellip;]<\/p>\n","protected":false},"author":6,"featured_media":0,"parent":2464,"menu_order":0,"comment_status":"closed","ping_status":"closed","template":"pages\/template-subject.php","meta":{"_acf_changed":false,"footnotes":""},"class_list":["post-5716","page","type-page","status-publish","hentry"],"acf":[],"_links":{"self":[{"href":"https:\/\/curriculum.nbed.ca\/fr\/wp-json\/wp\/v2\/pages\/5716","targetHints":{"allow":["GET"]}}],"collection":[{"href":"https:\/\/curriculum.nbed.ca\/fr\/wp-json\/wp\/v2\/pages"}],"about":[{"href":"https:\/\/curriculum.nbed.ca\/fr\/wp-json\/wp\/v2\/types\/page"}],"author":[{"embeddable":true,"href":"https:\/\/curriculum.nbed.ca\/fr\/wp-json\/wp\/v2\/users\/6"}],"replies":[{"embeddable":true,"href":"https:\/\/curriculum.nbed.ca\/fr\/wp-json\/wp\/v2\/comments?post=5716"}],"version-history":[{"count":20,"href":"https:\/\/curriculum.nbed.ca\/fr\/wp-json\/wp\/v2\/pages\/5716\/revisions"}],"predecessor-version":[{"id":11049,"href":"https:\/\/curriculum.nbed.ca\/fr\/wp-json\/wp\/v2\/pages\/5716\/revisions\/11049"}],"up":[{"embeddable":true,"href":"https:\/\/curriculum.nbed.ca\/fr\/wp-json\/wp\/v2\/pages\/2464"}],"wp:attachment":[{"href":"https:\/\/curriculum.nbed.ca\/fr\/wp-json\/wp\/v2\/media?parent=5716"}],"curies":[{"name":"wp","href":"https:\/\/api.w.org\/{rel}","templated":true}]}}