{"id":5677,"date":"2023-04-03T14:58:19","date_gmt":"2023-04-03T14:58:19","guid":{"rendered":"https:\/\/curriculum.nbed.ca\/?page_id=5677"},"modified":"2025-08-27T19:14:23","modified_gmt":"2025-08-27T19:14:23","slug":"competences-pour-reussir-120","status":"publish","type":"page","link":"https:\/\/curriculum.nbed.ca\/fr\/domaines-dapprentissage\/secondaire\/apprentissage-lie-a-la-carriere\/lapprentissage-professionnel-et-lie-a-la-carriere\/competences-pour-reussir-120\/","title":{"rendered":"Comp\u00e9tences pour r\u00e9ussir\u00a0120"},"content":{"rendered":"<div class=\"g-container\">\n<p>La recherche a r\u00e9v\u00e9l\u00e9 les facteurs cl\u00e9s qui ont une incidence sur la r\u00e9ussite des personnes apprenantes, tels que la participation des parents, l\u2019efficacit\u00e9 des enseignants, le statut socio\u00e9conomique, la motivation et l\u2019engagement de la personne apprenante. Ces facteurs peuvent \u00eatre consid\u00e9r\u00e9s comme des occasions ou des d\u00e9fis pour la personne apprenante qui souhaite se pr\u00e9parer pour l\u2019avenir, \u00eatre autonome et comp\u00e9tente, comme indiqu\u00e9 dans le <a href=\"https:\/\/www2.gnb.ca\/content\/dam\/gnb\/Departments\/ed\/pdf\/K12\/curric\/General\/PortraitOfALearner.pdf?random=1727179344247\">Profil d\u2019une personne apprenante<\/a>&nbsp;[en anglais seulement]. Ces facteurs ne sont pas propres \u00e0 un domaine d\u2019apprentissage particulier, mais ayant une incidence sur toutes les occasions d\u2019apprentissage et les exigences de la vie.<\/p>\n<\/div>\n\n<div class=\"g-container\">\n<p><strong>Comp\u00e9tences pour r\u00e9ussir&nbsp;120<\/strong> est un cours facultatif destin\u00e9 aux personnes apprenantes d\u00e9sireuses de perfectionner des comp\u00e9tences essentielles \u00e0 la vie quotidienne pour les aider \u00e0 r\u00e9ussir apr\u00e8s l\u2019obtention de leur dipl\u00f4me. Le cours leur permettra d\u2019acqu\u00e9rir des comp\u00e9tences dans trois domaines principaux&nbsp;: les mentalit\u00e9s et les comportements positifs et productifs, les modes d\u2019organisation, ainsi que le savoir-faire fonctionnel et critique. Dans le cadre des attentes d\u2019apprentissage g\u00e9n\u00e9rales du cours, certaines comp\u00e9tences, strat\u00e9gies et pratiques de r\u00e9ussite seront explor\u00e9es. On aidera les personnes apprenantes \u00e0 mettre en \u0153uvre ces comp\u00e9tences, strat\u00e9gies et pratiques dans des situations r\u00e9elles et \u00e0 les transf\u00e9rer dans d\u2019autres cours. Les personnes apprenantes d\u00e9couvriront l\u2019utilit\u00e9 de ces comp\u00e9tences dans les \u00e9tudes sup\u00e9rieures.<\/p>\n<\/div>\n\n<div class=\"g-container\">\n<div style=\"height:33px\" aria-hidden=\"true\" class=\"wp-block-spacer\"><\/div>\n<\/div>\n\n<div class=\"g-container\">\n<p><\/p>\n<\/div>","protected":false},"excerpt":{"rendered":"<p>La recherche a r\u00e9v\u00e9l\u00e9 les facteurs cl\u00e9s qui ont une incidence sur la r\u00e9ussite des personnes apprenantes, tels que la participation des parents, l\u2019efficacit\u00e9 des enseignants, le statut socio\u00e9conomique, la motivation et l\u2019engagement de la personne apprenante. Ces facteurs peuvent \u00eatre consid\u00e9r\u00e9s comme des occasions ou des d\u00e9fis pour la personne apprenante qui souhaite se [&hellip;]<\/p>\n","protected":false},"author":8,"featured_media":0,"parent":4384,"menu_order":0,"comment_status":"closed","ping_status":"closed","template":"pages\/template-subject.php","meta":{"_acf_changed":false,"footnotes":""},"class_list":["post-5677","page","type-page","status-publish","hentry"],"acf":[],"_links":{"self":[{"href":"https:\/\/curriculum.nbed.ca\/fr\/wp-json\/wp\/v2\/pages\/5677","targetHints":{"allow":["GET"]}}],"collection":[{"href":"https:\/\/curriculum.nbed.ca\/fr\/wp-json\/wp\/v2\/pages"}],"about":[{"href":"https:\/\/curriculum.nbed.ca\/fr\/wp-json\/wp\/v2\/types\/page"}],"author":[{"embeddable":true,"href":"https:\/\/curriculum.nbed.ca\/fr\/wp-json\/wp\/v2\/users\/8"}],"replies":[{"embeddable":true,"href":"https:\/\/curriculum.nbed.ca\/fr\/wp-json\/wp\/v2\/comments?post=5677"}],"version-history":[{"count":5,"href":"https:\/\/curriculum.nbed.ca\/fr\/wp-json\/wp\/v2\/pages\/5677\/revisions"}],"predecessor-version":[{"id":10762,"href":"https:\/\/curriculum.nbed.ca\/fr\/wp-json\/wp\/v2\/pages\/5677\/revisions\/10762"}],"up":[{"embeddable":true,"href":"https:\/\/curriculum.nbed.ca\/fr\/wp-json\/wp\/v2\/pages\/4384"}],"wp:attachment":[{"href":"https:\/\/curriculum.nbed.ca\/fr\/wp-json\/wp\/v2\/media?parent=5677"}],"curies":[{"name":"wp","href":"https:\/\/api.w.org\/{rel}","templated":true}]}}