{"id":5669,"date":"2023-04-03T14:52:17","date_gmt":"2023-04-03T14:52:17","guid":{"rendered":"https:\/\/curriculum.nbed.ca\/?page_id=5669"},"modified":"2025-08-28T18:33:17","modified_gmt":"2025-08-28T18:33:17","slug":"services-sociaux-110","status":"publish","type":"page","link":"https:\/\/curriculum.nbed.ca\/fr\/domaines-dapprentissage\/secondaire\/apprentissage-lie-a-la-carriere\/lapprentissage-professionnel-et-lie-a-la-carriere\/services-sociaux-110\/","title":{"rendered":"Services sociaux 110"},"content":{"rendered":"<div class=\"g-container\">\n<p>Ce cours pr\u00e9sente les comp\u00e9tences et les parcours professionnels possibles dans le domaine des services \u00e0 la personne. Les personnes apprenantes relieront les comp\u00e9tences et les centres d\u2019int\u00e9r\u00eat aux diff\u00e9rents parcours. Elles feront l\u2019exp\u00e9rience des r\u00f4les et responsabilit\u00e9s professionnels qui y sont associ\u00e9s\u00a0: orientation vers les services \u00e0 la personne, compr\u00e9hension du client, exigences professionnelles et liens avec la carri\u00e8re. Elles examineront les r\u00e9percussions des pr\u00e9jug\u00e9s personnels et syst\u00e9miques sur les soins \u00e0 la personne tout en explorant les interactions appropri\u00e9es avec les clients. Le cours comprend une introduction aux responsabilit\u00e9s propres \u00e0 la carri\u00e8re afin d\u2019aider les personnes apprenantes \u00e0 prendre leurs d\u00e9cisions personnelles et professionnelles.<\/p>\n<\/div>","protected":false},"excerpt":{"rendered":"<p>Ce cours pr\u00e9sente les comp\u00e9tences et les parcours professionnels possibles dans le domaine des services \u00e0 la personne. Les personnes apprenantes relieront les comp\u00e9tences et les centres d\u2019int\u00e9r\u00eat aux diff\u00e9rents parcours. Elles feront l\u2019exp\u00e9rience des r\u00f4les et responsabilit\u00e9s professionnels qui y sont associ\u00e9s\u00a0: orientation vers les services \u00e0 la personne, compr\u00e9hension du client, exigences professionnelles [&hellip;]<\/p>\n","protected":false},"author":6,"featured_media":0,"parent":4384,"menu_order":0,"comment_status":"closed","ping_status":"closed","template":"pages\/template-subject.php","meta":{"_acf_changed":false,"footnotes":""},"class_list":["post-5669","page","type-page","status-publish","hentry"],"acf":[],"_links":{"self":[{"href":"https:\/\/curriculum.nbed.ca\/fr\/wp-json\/wp\/v2\/pages\/5669","targetHints":{"allow":["GET"]}}],"collection":[{"href":"https:\/\/curriculum.nbed.ca\/fr\/wp-json\/wp\/v2\/pages"}],"about":[{"href":"https:\/\/curriculum.nbed.ca\/fr\/wp-json\/wp\/v2\/types\/page"}],"author":[{"embeddable":true,"href":"https:\/\/curriculum.nbed.ca\/fr\/wp-json\/wp\/v2\/users\/6"}],"replies":[{"embeddable":true,"href":"https:\/\/curriculum.nbed.ca\/fr\/wp-json\/wp\/v2\/comments?post=5669"}],"version-history":[{"count":6,"href":"https:\/\/curriculum.nbed.ca\/fr\/wp-json\/wp\/v2\/pages\/5669\/revisions"}],"predecessor-version":[{"id":10782,"href":"https:\/\/curriculum.nbed.ca\/fr\/wp-json\/wp\/v2\/pages\/5669\/revisions\/10782"}],"up":[{"embeddable":true,"href":"https:\/\/curriculum.nbed.ca\/fr\/wp-json\/wp\/v2\/pages\/4384"}],"wp:attachment":[{"href":"https:\/\/curriculum.nbed.ca\/fr\/wp-json\/wp\/v2\/media?parent=5669"}],"curies":[{"name":"wp","href":"https:\/\/api.w.org\/{rel}","templated":true}]}}