{"id":5647,"date":"2023-04-03T14:55:24","date_gmt":"2023-04-03T14:55:24","guid":{"rendered":"https:\/\/curriculum.nbed.ca\/?page_id=5647"},"modified":"2026-01-12T18:11:36","modified_gmt":"2026-01-12T18:11:36","slug":"enjeux-mondiaux-120","status":"publish","type":"page","link":"https:\/\/curriculum.nbed.ca\/fr\/domaines-dapprentissage\/secondaire\/sciences-humaines\/enjeux-mondiaux-120\/","title":{"rendered":"Enjeux mondiaux\u00a0120"},"content":{"rendered":"<div class=\"g-container\">\n<p>Le cours <strong>Enjeux mondiaux\u00a0120<\/strong>, qui s\u2019appuie sur les connaissances, les comp\u00e9tences et les attitudes acquises dans le cadre des cours de sciences humaines et le cours d\u2019<strong>\u00c9ducation civique<\/strong> au secondaire, offre aux personnes apprenantes l\u2019occasion d\u2019am\u00e9liorer leur compr\u00e9hension des \u00e9v\u00e9nements et des enjeux mondiaux et de renforcer leurs comp\u00e9tences en collaboration, en pens\u00e9e critique, en litt\u00e9ratie num\u00e9rique et en r\u00e9solution de probl\u00e8mes. Dans une d\u00e9marche d\u2019\u00e9tude critique, le personnel enseignant et les personnes apprenantes exploreront des enjeux pertinents qui m\u00e8nera \u00e0 une compr\u00e9hension profonde des processus, strat\u00e9gies et structures des nations, institutions et organisations visant \u00e0 amener paix et durabilit\u00e9 dans le monde. <\/p>\n<\/div>\n\n<div class=\"g-container\">\n<p>L\u2019objectif global du cours <strong>Enjeux mondiaux\u00a0120<\/strong> est d\u2019enseigner le civisme, c\u2019est-\u00e0-dire de former des citoyens inform\u00e9s et engag\u00e9s, ouverts sur le monde, ayant un solide sens de l\u2019humanit\u00e9 commune et une compr\u00e9hension \u00e9largie des enjeux internationaux. Les personnes apprenantes examineront les d\u00e9fis mondiaux associ\u00e9s \u00e0 la construction d\u2019un avenir durable et \u00e9quitable et se pencheront sur des enjeux actuels qui refl\u00e8tent ces d\u00e9fis. Le cours pr\u00e9sente un \u00e9ventail de sujets pertinents li\u00e9s aux th\u00e8mes de l\u2019humanit\u00e9, de l\u2019interd\u00e9pendance et de la g\u00e9opolitique, ainsi que des questions cruciales, comme \u00ab\u00a0Quel est le r\u00f4le du Canada dans le monde? Est-il \u00e0 la hauteur de ses id\u00e9aux?\u00a0\u00bb. Le cours <strong>Enjeux mondiaux\u00a0120<\/strong> am\u00e8nera la personne apprenante \u00e0 rencontrer des personnes et \u00e0 d\u00e9couvrir des id\u00e9es de cultures, de groupes, de syst\u00e8mes de connaissances et de modes de vie diff\u00e9rents, ainsi qu\u2019\u00e0 examiner ses valeurs et pr\u00e9jug\u00e9s, de m\u00eame que la relation entre les \u00c9tats et les soci\u00e9t\u00e9s et personnes qu\u2019ils gouvernent.<\/p>\n<\/div>\n\n<div class=\"g-container\">\n<p><\/p>\n<\/div>\n\n<div class=\"g-container\">\n<p><\/p>\n<\/div>","protected":false},"excerpt":{"rendered":"<p>Le cours Enjeux mondiaux\u00a0120, qui s\u2019appuie sur les connaissances, les comp\u00e9tences et les attitudes acquises dans le cadre des cours de sciences humaines et le cours d\u2019\u00c9ducation civique au secondaire, offre aux personnes apprenantes l\u2019occasion d\u2019am\u00e9liorer leur compr\u00e9hension des \u00e9v\u00e9nements et des enjeux mondiaux et de renforcer leurs comp\u00e9tences en collaboration, en pens\u00e9e critique, en [&hellip;]<\/p>\n","protected":false},"author":6,"featured_media":0,"parent":2474,"menu_order":0,"comment_status":"closed","ping_status":"closed","template":"pages\/template-subject.php","meta":{"_acf_changed":false,"footnotes":""},"class_list":["post-5647","page","type-page","status-publish","hentry"],"acf":[],"_links":{"self":[{"href":"https:\/\/curriculum.nbed.ca\/fr\/wp-json\/wp\/v2\/pages\/5647","targetHints":{"allow":["GET"]}}],"collection":[{"href":"https:\/\/curriculum.nbed.ca\/fr\/wp-json\/wp\/v2\/pages"}],"about":[{"href":"https:\/\/curriculum.nbed.ca\/fr\/wp-json\/wp\/v2\/types\/page"}],"author":[{"embeddable":true,"href":"https:\/\/curriculum.nbed.ca\/fr\/wp-json\/wp\/v2\/users\/6"}],"replies":[{"embeddable":true,"href":"https:\/\/curriculum.nbed.ca\/fr\/wp-json\/wp\/v2\/comments?post=5647"}],"version-history":[{"count":9,"href":"https:\/\/curriculum.nbed.ca\/fr\/wp-json\/wp\/v2\/pages\/5647\/revisions"}],"predecessor-version":[{"id":11352,"href":"https:\/\/curriculum.nbed.ca\/fr\/wp-json\/wp\/v2\/pages\/5647\/revisions\/11352"}],"up":[{"embeddable":true,"href":"https:\/\/curriculum.nbed.ca\/fr\/wp-json\/wp\/v2\/pages\/2474"}],"wp:attachment":[{"href":"https:\/\/curriculum.nbed.ca\/fr\/wp-json\/wp\/v2\/media?parent=5647"}],"curies":[{"name":"wp","href":"https:\/\/api.w.org\/{rel}","templated":true}]}}