{"id":5642,"date":"2023-04-03T14:55:24","date_gmt":"2023-04-03T14:55:24","guid":{"rendered":"https:\/\/curriculum.nbed.ca\/?page_id=5642"},"modified":"2026-01-26T21:22:10","modified_gmt":"2026-01-26T21:22:10","slug":"political-science-120","status":"publish","type":"page","link":"https:\/\/curriculum.nbed.ca\/fr\/domaines-dapprentissage\/secondaire\/sciences-humaines\/political-science-120\/","title":{"rendered":"Sciences politiques\u00a0120"},"content":{"rendered":"<div class=\"g-container\">\n<p>Le cours <strong>Sciences politiques&nbsp;120<\/strong> est la prochaine \u00e9tape de la personne apprenante pour comprendre et changer le monde en tant que citoyen actif. En tant que citoyens d\u2019une d\u00e9mocratie lib\u00e9rale occidentale, les personnes apprenantes doivent non seulement \u00eatre conscientes des \u00e9v\u00e9nements et des d\u00e9cisions qui influencent leur vie, mais aussi comprendre pourquoi et comment ces \u00e9v\u00e9nements et ces d\u00e9cisions ont vu le jour. Le cours <strong>Sciences politiques&nbsp;120<\/strong> d\u00e9veloppe les concepts introduits dans le cours <strong>\u00c9ducation civique<\/strong> de l\u2019\u00e9cole secondaire. Il initie les personnes apprenantes aux concepts et \u00e0 la terminologie de la politique et leur permet d\u2019acqu\u00e9rir les comp\u00e9tences n\u00e9cessaires pour fonctionner en tant que citoyens responsables capables de prendre des d\u00e9cisions politiques \u00e9clair\u00e9es. L\u2019objectif de ce cours n\u2019est pas de former des politologues, mais de pr\u00e9parer les personnes apprenantes \u00e0 \u00e9voluer dans un monde fortement influenc\u00e9 par les d\u00e9cisions politiques. Les personnes apprenantes d\u00e9velopperont une compr\u00e9hension nuanc\u00e9e de la politique et appr\u00e9cieront cette nuance dans le point de vue des autres. Le cours <strong>Sciences politiques&nbsp;120 <\/strong>explore la pens\u00e9e, les syst\u00e8mes, l\u2019information et l\u2019engagement politiques. Les personnes apprenantes exploreront la philosophie et les id\u00e9ologies politiques, ainsi que les syst\u00e8mes de gouvernement au Canada et ailleurs dans le monde.<\/p>\n<\/div>\n\n<div class=\"g-container\">\n<p>Cette exploration portera sur un \u00e9ventail d\u2019influences sur la prise de d\u00e9cision politique, comme la litt\u00e9ratie m\u00e9diatique, la diversit\u00e9 culturelle et l\u2019histoire. Tout au long du cours, les personnes apprenantes d\u00e9finiront leurs convictions politiques, en d\u00e9battront et les mettront en pratique.<\/p>\n<\/div>\n\n<div class=\"g-container\">\n<p><\/p>\n<\/div>","protected":false},"excerpt":{"rendered":"<p>Le cours Sciences politiques&nbsp;120 est la prochaine \u00e9tape de la personne apprenante pour comprendre et changer le monde en tant que citoyen actif. En tant que citoyens d\u2019une d\u00e9mocratie lib\u00e9rale occidentale, les personnes apprenantes doivent non seulement \u00eatre conscientes des \u00e9v\u00e9nements et des d\u00e9cisions qui influencent leur vie, mais aussi comprendre pourquoi et comment ces [&hellip;]<\/p>\n","protected":false},"author":6,"featured_media":0,"parent":2474,"menu_order":0,"comment_status":"closed","ping_status":"closed","template":"pages\/template-subject.php","meta":{"_acf_changed":false,"footnotes":""},"class_list":["post-5642","page","type-page","status-publish","hentry"],"acf":[],"_links":{"self":[{"href":"https:\/\/curriculum.nbed.ca\/fr\/wp-json\/wp\/v2\/pages\/5642","targetHints":{"allow":["GET"]}}],"collection":[{"href":"https:\/\/curriculum.nbed.ca\/fr\/wp-json\/wp\/v2\/pages"}],"about":[{"href":"https:\/\/curriculum.nbed.ca\/fr\/wp-json\/wp\/v2\/types\/page"}],"author":[{"embeddable":true,"href":"https:\/\/curriculum.nbed.ca\/fr\/wp-json\/wp\/v2\/users\/6"}],"replies":[{"embeddable":true,"href":"https:\/\/curriculum.nbed.ca\/fr\/wp-json\/wp\/v2\/comments?post=5642"}],"version-history":[{"count":7,"href":"https:\/\/curriculum.nbed.ca\/fr\/wp-json\/wp\/v2\/pages\/5642\/revisions"}],"predecessor-version":[{"id":11406,"href":"https:\/\/curriculum.nbed.ca\/fr\/wp-json\/wp\/v2\/pages\/5642\/revisions\/11406"}],"up":[{"embeddable":true,"href":"https:\/\/curriculum.nbed.ca\/fr\/wp-json\/wp\/v2\/pages\/2474"}],"wp:attachment":[{"href":"https:\/\/curriculum.nbed.ca\/fr\/wp-json\/wp\/v2\/media?parent=5642"}],"curies":[{"name":"wp","href":"https:\/\/api.w.org\/{rel}","templated":true}]}}