{"id":5638,"date":"2023-04-03T14:55:24","date_gmt":"2023-04-03T14:55:24","guid":{"rendered":"https:\/\/curriculum.nbed.ca\/?page_id=5638"},"modified":"2025-09-03T19:23:42","modified_gmt":"2025-09-03T19:23:42","slug":"loi-120","status":"publish","type":"page","link":"https:\/\/curriculum.nbed.ca\/fr\/domaines-dapprentissage\/secondaire\/sciences-humaines\/loi-120\/","title":{"rendered":"Droit 120"},"content":{"rendered":"<div class=\"g-container\">\n<p>Le cours <strong>Droit 120<\/strong> aide les apprenants \u00e0 comprendre comment le droit fa\u00e7onne leurs communaut\u00e9s sociales, politiques et culturelles. Le cours explore les fondements de la gouvernance au Canada, le r\u00f4le du droit criminel, l\u2019impact du droit de la propri\u00e9t\u00e9 et des contrats, ainsi que la mani\u00e8re dont les syst\u00e8mes juridiques peuvent \u00e0 la fois prot\u00e9ger et exclure.<\/p>\n<\/div>\n\n<div class=\"g-container\">\n<p>Les apprenants d\u00e9velopperont leur pens\u00e9e critique en \u00e9valuant les lois et politiques et en explorant leur r\u00f4le en tant que citoyens actifs. Le cours introduit les concepts juridiques essentiels \u00e0 travers deux domaines principaux : <strong>le droit public<\/strong> et <strong>le droit priv\u00e9<\/strong>, ainsi que <strong>la Constitution canadienne<\/strong>, <strong>le droit Wabanaki<\/strong> et <strong>des approches critiques du droit et de la soci\u00e9t\u00e9<\/strong>.<\/p>\n<\/div>\n\n<div class=\"g-container\">\n<p>Les \u00e9tudiants examineront l\u2019\u00e9laboration, l\u2019application et l\u2019interpr\u00e9tation du droit au Canada. Le <strong>droit des Autochtones<\/strong> (droit \u00e9tabli par l\u2019\u00c9tat) et le <strong>droit autochtone<\/strong> (lois propres aux peuples autochtones) sont abord\u00e9s dans chaque domaine.<\/p>\n<\/div>\n\n<div class=\"g-container\">\n<p>En analysant la jurisprudence et les lois, les apprenants \u00e9tudieront le r\u00f4le du droit dans la soci\u00e9t\u00e9 et les tensions entre ses avantages et son application parfois in\u00e9quitable.<\/p>\n<\/div>\n\n<div class=\"g-container\">\n<ul class=\"wp-block-list\">\n<li>Il existe un cours en ligne mis \u00e0 jour qui correspond \u00e0 ce curriculum. Veuillez visiter le <strong><a href=\"https:\/\/nbvhs-nbed.brightspace.com\/d2l\/le\/discovery\/view\/course\/108077\" data-type=\"link\" data-id=\"https:\/\/nbvhs-nbed.brightspace.com\/d2l\/le\/discovery\/view\/course\/108077\" target=\"_blank\" rel=\"noreferrer noopener\">New Brunswick Virtual Learning Centre<\/a><\/strong> pour acc\u00e9der au soutien en planification de cours.<\/li>\n<\/ul>\n<\/div>\n\n<div class=\"g-container\">\n<div style=\"height:38px\" aria-hidden=\"true\" class=\"wp-block-spacer\"><\/div>\n<\/div>\n\n<div class=\"g-container\">\n<p><\/p>\n<\/div>","protected":false},"excerpt":{"rendered":"<p>Le cours Droit 120 aide les apprenants \u00e0 comprendre comment le droit fa\u00e7onne leurs communaut\u00e9s sociales, politiques et culturelles. Le cours explore les fondements de la gouvernance au Canada, le r\u00f4le du droit criminel, l\u2019impact du droit de la propri\u00e9t\u00e9 et des contrats, ainsi que la mani\u00e8re dont les syst\u00e8mes juridiques peuvent \u00e0 la fois [&hellip;]<\/p>\n","protected":false},"author":6,"featured_media":0,"parent":2474,"menu_order":0,"comment_status":"closed","ping_status":"closed","template":"pages\/template-subject.php","meta":{"_acf_changed":false,"footnotes":""},"class_list":["post-5638","page","type-page","status-publish","hentry"],"acf":[],"_links":{"self":[{"href":"https:\/\/curriculum.nbed.ca\/fr\/wp-json\/wp\/v2\/pages\/5638","targetHints":{"allow":["GET"]}}],"collection":[{"href":"https:\/\/curriculum.nbed.ca\/fr\/wp-json\/wp\/v2\/pages"}],"about":[{"href":"https:\/\/curriculum.nbed.ca\/fr\/wp-json\/wp\/v2\/types\/page"}],"author":[{"embeddable":true,"href":"https:\/\/curriculum.nbed.ca\/fr\/wp-json\/wp\/v2\/users\/6"}],"replies":[{"embeddable":true,"href":"https:\/\/curriculum.nbed.ca\/fr\/wp-json\/wp\/v2\/comments?post=5638"}],"version-history":[{"count":13,"href":"https:\/\/curriculum.nbed.ca\/fr\/wp-json\/wp\/v2\/pages\/5638\/revisions"}],"predecessor-version":[{"id":10838,"href":"https:\/\/curriculum.nbed.ca\/fr\/wp-json\/wp\/v2\/pages\/5638\/revisions\/10838"}],"up":[{"embeddable":true,"href":"https:\/\/curriculum.nbed.ca\/fr\/wp-json\/wp\/v2\/pages\/2474"}],"wp:attachment":[{"href":"https:\/\/curriculum.nbed.ca\/fr\/wp-json\/wp\/v2\/media?parent=5638"}],"curies":[{"name":"wp","href":"https:\/\/api.w.org\/{rel}","templated":true}]}}