{"id":5617,"date":"2023-04-03T14:55:24","date_gmt":"2023-04-03T14:55:24","guid":{"rendered":"https:\/\/curriculum.nbed.ca\/?page_id=5617"},"modified":"2023-08-23T12:54:31","modified_gmt":"2023-08-23T12:54:31","slug":"economie-120","status":"publish","type":"page","link":"https:\/\/curriculum.nbed.ca\/fr\/domaines-dapprentissage\/secondaire\/sciences-humaines\/economie-120\/","title":{"rendered":"\u00c9conomie 120"},"content":{"rendered":"<div class=\"g-container\">\n<p>Le dossier du programme d\u2019\u00e9tudes secondaires que vous recherchez est accessible ici :<\/p>\n<\/div>\n\n<div class=\"g-container\">\n<p><a href=\"https:\/\/www2.gnb.ca\/content\/dam\/gnb\/Departments\/ed\/pdf\/K12\/curric\/SocialStudies\/Economics120.pdf\" target=\"_blank\" rel=\"noreferrer noopener\">Voir Economics 120<\/a> (anglais seulement)<\/p>\n<\/div>\n\n<div class=\"g-container\">\n<p>Nous vous remercions de votre compr\u00e9hension et de votre patience alors que nous continuons d\u2019am\u00e9liorer et mettre \u00e0 jour le mat\u00e9riel p\u00e9dagogique du Nouveau- Brunswick.&nbsp;&nbsp;<\/p>\n<\/div>","protected":false},"excerpt":{"rendered":"<p>Le dossier du programme d\u2019\u00e9tudes secondaires que vous recherchez est accessible ici : Voir Economics 120 (anglais seulement) Nous vous remercions de votre compr\u00e9hension et de votre patience alors que nous continuons d\u2019am\u00e9liorer et mettre \u00e0 jour le mat\u00e9riel p\u00e9dagogique du Nouveau- Brunswick.&nbsp;&nbsp;<\/p>\n","protected":false},"author":6,"featured_media":0,"parent":2474,"menu_order":0,"comment_status":"closed","ping_status":"closed","template":"pages\/template-subject.php","meta":{"_acf_changed":false,"footnotes":""},"class_list":["post-5617","page","type-page","status-publish","hentry"],"acf":[],"_links":{"self":[{"href":"https:\/\/curriculum.nbed.ca\/fr\/wp-json\/wp\/v2\/pages\/5617","targetHints":{"allow":["GET"]}}],"collection":[{"href":"https:\/\/curriculum.nbed.ca\/fr\/wp-json\/wp\/v2\/pages"}],"about":[{"href":"https:\/\/curriculum.nbed.ca\/fr\/wp-json\/wp\/v2\/types\/page"}],"author":[{"embeddable":true,"href":"https:\/\/curriculum.nbed.ca\/fr\/wp-json\/wp\/v2\/users\/6"}],"replies":[{"embeddable":true,"href":"https:\/\/curriculum.nbed.ca\/fr\/wp-json\/wp\/v2\/comments?post=5617"}],"version-history":[{"count":3,"href":"https:\/\/curriculum.nbed.ca\/fr\/wp-json\/wp\/v2\/pages\/5617\/revisions"}],"predecessor-version":[{"id":5621,"href":"https:\/\/curriculum.nbed.ca\/fr\/wp-json\/wp\/v2\/pages\/5617\/revisions\/5621"}],"up":[{"embeddable":true,"href":"https:\/\/curriculum.nbed.ca\/fr\/wp-json\/wp\/v2\/pages\/2474"}],"wp:attachment":[{"href":"https:\/\/curriculum.nbed.ca\/fr\/wp-json\/wp\/v2\/media?parent=5617"}],"curies":[{"name":"wp","href":"https:\/\/api.w.org\/{rel}","templated":true}]}}