{"id":5589,"date":"2023-04-03T14:58:19","date_gmt":"2023-04-03T14:58:19","guid":{"rendered":"https:\/\/curriculum.nbed.ca\/?page_id=5589"},"modified":"2025-09-02T18:30:52","modified_gmt":"2025-09-02T18:30:52","slug":"business-management-120","status":"publish","type":"page","link":"https:\/\/curriculum.nbed.ca\/fr\/domaines-dapprentissage\/secondaire\/apprentissage-lie-a-la-carriere\/lapprentissage-professionnel-et-lie-a-la-carriere\/business-management-120\/","title":{"rendered":"Gestion des affaires\u00a0120"},"content":{"rendered":"<div class=\"g-container\">\n<p>Le cours Gestion des affaires&nbsp;120 vise \u00e0 faire comprendre aux personnes apprenantes les comp\u00e9tences, les r\u00f4les et les responsabilit\u00e9s li\u00e9s \u00e0 la gestion d\u2019une entreprise dans une \u00e9conomie mondiale en \u00e9volution constante. \u00c0 travers l\u2019\u00e9tude de situations concr\u00e8tes, les personnes apprenantes analyseront l\u2019impact des d\u00e9cisions des gestionnaires sur les travailleurs, les communaut\u00e9s (y compris les peuples autochtones), ainsi que sur l\u2019\u00e9conomie locale et mondiale. Les comp\u00e9tences acquises dans ce cours sont transf\u00e9rables \u00e0 une vari\u00e9t\u00e9 de situations de leadership, tant \u00e0 l\u2019int\u00e9rieur qu\u2019\u00e0 l\u2019ext\u00e9rieur d\u2019une communaut\u00e9 d\u2019affaires.<\/p>\n<\/div>\n\n<div class=\"g-container\">\n<p>Le cours Gestion des affaires&nbsp;120 propose une exploration des divers aspects de la direction et de la gestion d\u2019une organisation. Les personnes apprenantes examineront l\u2019incidence des d\u00e9cisions des gestionnaires sur la sant\u00e9 du milieu de travail, sur les travailleurs, ainsi que sur les \u00e9conomies locales et mondiales. Parmi les th\u00e8mes abord\u00e9s figurent le portrait d\u2019un gestionnaire et ses r\u00f4les et responsabilit\u00e9s, la gestion dans un contexte de mondialisation et les divers parcours professionnels en gestion.<\/p>\n<\/div>","protected":false},"excerpt":{"rendered":"<p>Le cours Gestion des affaires&nbsp;120 vise \u00e0 faire comprendre aux personnes apprenantes les comp\u00e9tences, les r\u00f4les et les responsabilit\u00e9s li\u00e9s \u00e0 la gestion d\u2019une entreprise dans une \u00e9conomie mondiale en \u00e9volution constante. \u00c0 travers l\u2019\u00e9tude de situations concr\u00e8tes, les personnes apprenantes analyseront l\u2019impact des d\u00e9cisions des gestionnaires sur les travailleurs, les communaut\u00e9s (y compris les [&hellip;]<\/p>\n","protected":false},"author":6,"featured_media":0,"parent":4384,"menu_order":0,"comment_status":"closed","ping_status":"closed","template":"pages\/template-subject.php","meta":{"_acf_changed":false,"footnotes":""},"class_list":["post-5589","page","type-page","status-publish","hentry"],"acf":[],"_links":{"self":[{"href":"https:\/\/curriculum.nbed.ca\/fr\/wp-json\/wp\/v2\/pages\/5589","targetHints":{"allow":["GET"]}}],"collection":[{"href":"https:\/\/curriculum.nbed.ca\/fr\/wp-json\/wp\/v2\/pages"}],"about":[{"href":"https:\/\/curriculum.nbed.ca\/fr\/wp-json\/wp\/v2\/types\/page"}],"author":[{"embeddable":true,"href":"https:\/\/curriculum.nbed.ca\/fr\/wp-json\/wp\/v2\/users\/6"}],"replies":[{"embeddable":true,"href":"https:\/\/curriculum.nbed.ca\/fr\/wp-json\/wp\/v2\/comments?post=5589"}],"version-history":[{"count":6,"href":"https:\/\/curriculum.nbed.ca\/fr\/wp-json\/wp\/v2\/pages\/5589\/revisions"}],"predecessor-version":[{"id":10813,"href":"https:\/\/curriculum.nbed.ca\/fr\/wp-json\/wp\/v2\/pages\/5589\/revisions\/10813"}],"up":[{"embeddable":true,"href":"https:\/\/curriculum.nbed.ca\/fr\/wp-json\/wp\/v2\/pages\/4384"}],"wp:attachment":[{"href":"https:\/\/curriculum.nbed.ca\/fr\/wp-json\/wp\/v2\/media?parent=5589"}],"curies":[{"name":"wp","href":"https:\/\/api.w.org\/{rel}","templated":true}]}}