{"id":5585,"date":"2023-04-03T14:58:19","date_gmt":"2023-04-03T14:58:19","guid":{"rendered":"https:\/\/curriculum.nbed.ca\/?page_id=5585"},"modified":"2025-08-25T14:29:39","modified_gmt":"2025-08-25T14:29:39","slug":"hospitality-and-tourism-110","status":"publish","type":"page","link":"https:\/\/curriculum.nbed.ca\/fr\/domaines-dapprentissage\/secondaire\/apprentissage-lie-a-la-carriere\/lapprentissage-professionnel-et-lie-a-la-carriere\/hospitality-and-tourism-110\/","title":{"rendered":"H\u00f4tellerie et tourisme\u00a0110"},"content":{"rendered":"<div class=\"g-container\">\n<p>Le cours H\u00f4tellerie et tourisme\u00a0110 est un cours d\u2019introduction qui sensibilise les personnes apprenantes aux r\u00e9percussions sociales et \u00e9conomiques de l\u2019industrie touristique du Canada atlantique. Les personnes apprenantes \u00e9tudient les possibilit\u00e9s de carri\u00e8re dans un secteur industriel dynamique et en pleine croissance. Les personnes enseignantes sont incit\u00e9es \u00e0 int\u00e9grer les notions relatives aux Premi\u00e8res Nations et \u00e0 l\u2019incidence sur l\u2019environnement. Une combinaison de principes commerciaux solides et de vision est d\u00e9montr\u00e9e tout au long du cours.<\/p>\n<\/div>\n\n<div class=\"g-container\">\n<p><\/p>\n<\/div>","protected":false},"excerpt":{"rendered":"<p>Le cours H\u00f4tellerie et tourisme\u00a0110 est un cours d\u2019introduction qui sensibilise les personnes apprenantes aux r\u00e9percussions sociales et \u00e9conomiques de l\u2019industrie touristique du Canada atlantique. Les personnes apprenantes \u00e9tudient les possibilit\u00e9s de carri\u00e8re dans un secteur industriel dynamique et en pleine croissance. Les personnes enseignantes sont incit\u00e9es \u00e0 int\u00e9grer les notions relatives aux Premi\u00e8res Nations [&hellip;]<\/p>\n","protected":false},"author":6,"featured_media":0,"parent":4384,"menu_order":0,"comment_status":"closed","ping_status":"closed","template":"pages\/template-subject.php","meta":{"_acf_changed":false,"footnotes":""},"class_list":["post-5585","page","type-page","status-publish","hentry"],"acf":[],"_links":{"self":[{"href":"https:\/\/curriculum.nbed.ca\/fr\/wp-json\/wp\/v2\/pages\/5585","targetHints":{"allow":["GET"]}}],"collection":[{"href":"https:\/\/curriculum.nbed.ca\/fr\/wp-json\/wp\/v2\/pages"}],"about":[{"href":"https:\/\/curriculum.nbed.ca\/fr\/wp-json\/wp\/v2\/types\/page"}],"author":[{"embeddable":true,"href":"https:\/\/curriculum.nbed.ca\/fr\/wp-json\/wp\/v2\/users\/6"}],"replies":[{"embeddable":true,"href":"https:\/\/curriculum.nbed.ca\/fr\/wp-json\/wp\/v2\/comments?post=5585"}],"version-history":[{"count":7,"href":"https:\/\/curriculum.nbed.ca\/fr\/wp-json\/wp\/v2\/pages\/5585\/revisions"}],"predecessor-version":[{"id":10681,"href":"https:\/\/curriculum.nbed.ca\/fr\/wp-json\/wp\/v2\/pages\/5585\/revisions\/10681"}],"up":[{"embeddable":true,"href":"https:\/\/curriculum.nbed.ca\/fr\/wp-json\/wp\/v2\/pages\/4384"}],"wp:attachment":[{"href":"https:\/\/curriculum.nbed.ca\/fr\/wp-json\/wp\/v2\/media?parent=5585"}],"curies":[{"name":"wp","href":"https:\/\/api.w.org\/{rel}","templated":true}]}}