{"id":5560,"date":"2023-04-03T14:58:19","date_gmt":"2023-04-03T14:58:19","guid":{"rendered":"https:\/\/curriculum.nbed.ca\/?page_id=5560"},"modified":"2023-08-22T23:13:55","modified_gmt":"2023-08-22T23:13:55","slug":"cablage-electrique-120","status":"publish","type":"page","link":"https:\/\/curriculum.nbed.ca\/fr\/domaines-dapprentissage\/secondaire\/apprentissage-lie-a-la-carriere\/les-metiers-specialises\/cablage-electrique-120\/","title":{"rendered":"C\u00e2blage \u00e9lectrique 120"},"content":{"rendered":"<div class=\"g-container\">\n<p>Le dossier du programme d\u2019\u00e9tudes secondaires que vous recherchez est accessible ici :<\/p>\n<\/div>\n\n<div class=\"g-container\">\n<p><a href=\"https:\/\/www2.gnb.ca\/content\/dam\/gnb\/Departments\/ed\/pdf\/K12\/curric\/AppliedTech\/ElectricalWiring120.pdf\" target=\"_blank\" rel=\"noreferrer noopener\">Voir Electrical Wiring 120<\/a> (anglais seulement)<\/p>\n<\/div>\n\n<div class=\"g-container\">\n<p>Nous vous remercions de votre compr\u00e9hension et de votre patience alors que nous continuons d\u2019am\u00e9liorer et mettre \u00e0 jour le mat\u00e9riel p\u00e9dagogique du Nouveau- Brunswick.&nbsp;<a href=\"https:\/\/curriculum.nbed.ca\/wp-admin\/post.php?post=5510&amp;action=edit&amp;lang=fr\"><\/a><\/p>\n<\/div>","protected":false},"excerpt":{"rendered":"<p>Le dossier du programme d\u2019\u00e9tudes secondaires que vous recherchez est accessible ici : Voir Electrical Wiring 120 (anglais seulement) Nous vous remercions de votre compr\u00e9hension et de votre patience alors que nous continuons d\u2019am\u00e9liorer et mettre \u00e0 jour le mat\u00e9riel p\u00e9dagogique du Nouveau- Brunswick.&nbsp;<\/p>\n","protected":false},"author":6,"featured_media":0,"parent":4444,"menu_order":0,"comment_status":"closed","ping_status":"closed","template":"pages\/template-subject.php","meta":{"_acf_changed":false,"footnotes":""},"class_list":["post-5560","page","type-page","status-publish","hentry"],"acf":[],"_links":{"self":[{"href":"https:\/\/curriculum.nbed.ca\/fr\/wp-json\/wp\/v2\/pages\/5560","targetHints":{"allow":["GET"]}}],"collection":[{"href":"https:\/\/curriculum.nbed.ca\/fr\/wp-json\/wp\/v2\/pages"}],"about":[{"href":"https:\/\/curriculum.nbed.ca\/fr\/wp-json\/wp\/v2\/types\/page"}],"author":[{"embeddable":true,"href":"https:\/\/curriculum.nbed.ca\/fr\/wp-json\/wp\/v2\/users\/6"}],"replies":[{"embeddable":true,"href":"https:\/\/curriculum.nbed.ca\/fr\/wp-json\/wp\/v2\/comments?post=5560"}],"version-history":[{"count":2,"href":"https:\/\/curriculum.nbed.ca\/fr\/wp-json\/wp\/v2\/pages\/5560\/revisions"}],"predecessor-version":[{"id":5562,"href":"https:\/\/curriculum.nbed.ca\/fr\/wp-json\/wp\/v2\/pages\/5560\/revisions\/5562"}],"up":[{"embeddable":true,"href":"https:\/\/curriculum.nbed.ca\/fr\/wp-json\/wp\/v2\/pages\/4444"}],"wp:attachment":[{"href":"https:\/\/curriculum.nbed.ca\/fr\/wp-json\/wp\/v2\/media?parent=5560"}],"curies":[{"name":"wp","href":"https:\/\/api.w.org\/{rel}","templated":true}]}}