{"id":5469,"date":"2023-04-03T14:59:31","date_gmt":"2023-04-03T14:59:31","guid":{"rendered":"https:\/\/curriculum.nbed.ca\/?page_id=5469"},"modified":"2025-07-25T16:39:43","modified_gmt":"2025-07-25T16:39:43","slug":"production-numerique-120","status":"publish","type":"page","link":"https:\/\/curriculum.nbed.ca\/fr\/domaines-dapprentissage\/secondaire\/apprentissage-lie-a-la-carriere\/technologies-numeriques-et-de-l-information\/production-numerique-120\/","title":{"rendered":"Production num\u00e9rique 120"},"content":{"rendered":"<div class=\"g-container\">\n<p>Dans ce cours, les personnes apprenantes auront l\u2019occasion d\u2019acqu\u00e9rir des aptitudes en cr\u00e9ation de contenu multim\u00e9dia num\u00e9rique. La production de produits multim\u00e9dias num\u00e9riques n\u00e9cessite la mobilisation de diverses connaissances analytiques et pratiques. En appliquant les principes de conception efficace, les personnes apprenantes seront en mesure de cr\u00e9er du contenu multim\u00e9dia, et ce, dans diff\u00e9rentes formes. Simultan\u00e9ment, elles acquerront des comp\u00e9tences num\u00e9riques, y compris les comp\u00e9tences techniques et proc\u00e9durales requises dans le secteur des m\u00e9dias. Le cours porte principalement sur l\u2019imagerie num\u00e9rique et les produits audio\/vid\u00e9o, ainsi que sur leur effet potentiel sur le public. En outre, une attention particuli\u00e8re est accord\u00e9e \u00e0 la production de contenu multim\u00e9dia authentique qui respecte les principes \u00e9thiques.<\/p>\n<\/div>","protected":false},"excerpt":{"rendered":"<p>Dans ce cours, les personnes apprenantes auront l\u2019occasion d\u2019acqu\u00e9rir des aptitudes en cr\u00e9ation de contenu multim\u00e9dia num\u00e9rique. La production de produits multim\u00e9dias num\u00e9riques n\u00e9cessite la mobilisation de diverses connaissances analytiques et pratiques. En appliquant les principes de conception efficace, les personnes apprenantes seront en mesure de cr\u00e9er du contenu multim\u00e9dia, et ce, dans diff\u00e9rentes formes. [&hellip;]<\/p>\n","protected":false},"author":6,"featured_media":0,"parent":4411,"menu_order":0,"comment_status":"closed","ping_status":"closed","template":"pages\/template-subject.php","meta":{"_acf_changed":false,"footnotes":""},"class_list":["post-5469","page","type-page","status-publish","hentry"],"acf":[],"_links":{"self":[{"href":"https:\/\/curriculum.nbed.ca\/fr\/wp-json\/wp\/v2\/pages\/5469","targetHints":{"allow":["GET"]}}],"collection":[{"href":"https:\/\/curriculum.nbed.ca\/fr\/wp-json\/wp\/v2\/pages"}],"about":[{"href":"https:\/\/curriculum.nbed.ca\/fr\/wp-json\/wp\/v2\/types\/page"}],"author":[{"embeddable":true,"href":"https:\/\/curriculum.nbed.ca\/fr\/wp-json\/wp\/v2\/users\/6"}],"replies":[{"embeddable":true,"href":"https:\/\/curriculum.nbed.ca\/fr\/wp-json\/wp\/v2\/comments?post=5469"}],"version-history":[{"count":4,"href":"https:\/\/curriculum.nbed.ca\/fr\/wp-json\/wp\/v2\/pages\/5469\/revisions"}],"predecessor-version":[{"id":10380,"href":"https:\/\/curriculum.nbed.ca\/fr\/wp-json\/wp\/v2\/pages\/5469\/revisions\/10380"}],"up":[{"embeddable":true,"href":"https:\/\/curriculum.nbed.ca\/fr\/wp-json\/wp\/v2\/pages\/4411"}],"wp:attachment":[{"href":"https:\/\/curriculum.nbed.ca\/fr\/wp-json\/wp\/v2\/media?parent=5469"}],"curies":[{"name":"wp","href":"https:\/\/api.w.org\/{rel}","templated":true}]}}