{"id":5459,"date":"2023-04-03T14:59:31","date_gmt":"2023-04-03T14:59:31","guid":{"rendered":"https:\/\/curriculum.nbed.ca\/?page_id=5459"},"modified":"2025-07-25T17:26:05","modified_gmt":"2025-07-25T17:26:05","slug":"sciences-informatiques-120","status":"publish","type":"page","link":"https:\/\/curriculum.nbed.ca\/fr\/domaines-dapprentissage\/secondaire\/apprentissage-lie-a-la-carriere\/technologies-numeriques-et-de-l-information\/sciences-informatiques-120\/","title":{"rendered":"Sciences informatiques 120"},"content":{"rendered":"<div class=\"g-container\">\n<p>Dans ce cours, les personnes apprenantes auront l\u2019occasion de perfectionner des comp\u00e9tences et d\u2019explorer les possibilit\u00e9s d\u2019application de l\u2019informatique. En s\u2019appuyant sur les concepts et les comp\u00e9tences acquises dans le cours Sciences informatiques\u00a0110, les personnes apprenantes cr\u00e9eront des applications de base pertinentes pour les domaines d\u2019\u00e9tude contemporains. Ces applications couvriront des sujets comme la programmation orient\u00e9e objet, la r\u00e9cursivit\u00e9, la science des donn\u00e9es, l\u2019apprentissage automatique, l\u2019intelligence artificielle et les jeux. En perfectionnant des comp\u00e9tences de codage appliqu\u00e9es, les personnes apprenantes concevront le prototype de leur logiciel.<\/p>\n<\/div>","protected":false},"excerpt":{"rendered":"<p>Dans ce cours, les personnes apprenantes auront l\u2019occasion de perfectionner des comp\u00e9tences et d\u2019explorer les possibilit\u00e9s d\u2019application de l\u2019informatique. En s\u2019appuyant sur les concepts et les comp\u00e9tences acquises dans le cours Sciences informatiques\u00a0110, les personnes apprenantes cr\u00e9eront des applications de base pertinentes pour les domaines d\u2019\u00e9tude contemporains. Ces applications couvriront des sujets comme la programmation [&hellip;]<\/p>\n","protected":false},"author":6,"featured_media":0,"parent":4411,"menu_order":0,"comment_status":"closed","ping_status":"closed","template":"pages\/template-subject.php","meta":{"_acf_changed":false,"footnotes":""},"class_list":["post-5459","page","type-page","status-publish","hentry"],"acf":[],"_links":{"self":[{"href":"https:\/\/curriculum.nbed.ca\/fr\/wp-json\/wp\/v2\/pages\/5459","targetHints":{"allow":["GET"]}}],"collection":[{"href":"https:\/\/curriculum.nbed.ca\/fr\/wp-json\/wp\/v2\/pages"}],"about":[{"href":"https:\/\/curriculum.nbed.ca\/fr\/wp-json\/wp\/v2\/types\/page"}],"author":[{"embeddable":true,"href":"https:\/\/curriculum.nbed.ca\/fr\/wp-json\/wp\/v2\/users\/6"}],"replies":[{"embeddable":true,"href":"https:\/\/curriculum.nbed.ca\/fr\/wp-json\/wp\/v2\/comments?post=5459"}],"version-history":[{"count":4,"href":"https:\/\/curriculum.nbed.ca\/fr\/wp-json\/wp\/v2\/pages\/5459\/revisions"}],"predecessor-version":[{"id":10384,"href":"https:\/\/curriculum.nbed.ca\/fr\/wp-json\/wp\/v2\/pages\/5459\/revisions\/10384"}],"up":[{"embeddable":true,"href":"https:\/\/curriculum.nbed.ca\/fr\/wp-json\/wp\/v2\/pages\/4411"}],"wp:attachment":[{"href":"https:\/\/curriculum.nbed.ca\/fr\/wp-json\/wp\/v2\/media?parent=5459"}],"curies":[{"name":"wp","href":"https:\/\/api.w.org\/{rel}","templated":true}]}}