{"id":5451,"date":"2023-04-03T14:59:31","date_gmt":"2023-04-03T14:59:31","guid":{"rendered":"https:\/\/curriculum.nbed.ca\/?page_id=5451"},"modified":"2023-08-22T17:50:28","modified_gmt":"2023-08-22T17:50:28","slug":"technologie-avancee-120","status":"publish","type":"page","link":"https:\/\/curriculum.nbed.ca\/fr\/domaines-dapprentissage\/secondaire\/apprentissage-lie-a-la-carriere\/technologies-numeriques-et-de-l-information\/technologie-avancee-120\/","title":{"rendered":"Technologie avanc\u00e9e 120"},"content":{"rendered":"<div class=\"g-container\">\n<p>Le dossier du programme de l\u2019\u00e9cole secondaire que vous recherchez est en cours de r\u00e9vision et sa mise \u00e0 jour est pr\u00e9vue pour 2025.<\/p>\n<\/div>\n\n<div class=\"g-container\">\n<p>Nous vous remercions de votre compr\u00e9hension et de votre patience alors que nous continuons d\u2019am\u00e9liorer et mettre \u00e0 jour le mat\u00e9riel p\u00e9dagogique du Nouveau- Brunswick.&nbsp;&nbsp;<\/p>\n<\/div>","protected":false},"excerpt":{"rendered":"<p>Le dossier du programme de l\u2019\u00e9cole secondaire que vous recherchez est en cours de r\u00e9vision et sa mise \u00e0 jour est pr\u00e9vue pour 2025. Nous vous remercions de votre compr\u00e9hension et de votre patience alors que nous continuons d\u2019am\u00e9liorer et mettre \u00e0 jour le mat\u00e9riel p\u00e9dagogique du Nouveau- Brunswick.&nbsp;&nbsp;<\/p>\n","protected":false},"author":6,"featured_media":0,"parent":4411,"menu_order":0,"comment_status":"closed","ping_status":"closed","template":"pages\/template-subject.php","meta":{"_acf_changed":false,"footnotes":""},"class_list":["post-5451","page","type-page","status-publish","hentry"],"acf":[],"_links":{"self":[{"href":"https:\/\/curriculum.nbed.ca\/fr\/wp-json\/wp\/v2\/pages\/5451","targetHints":{"allow":["GET"]}}],"collection":[{"href":"https:\/\/curriculum.nbed.ca\/fr\/wp-json\/wp\/v2\/pages"}],"about":[{"href":"https:\/\/curriculum.nbed.ca\/fr\/wp-json\/wp\/v2\/types\/page"}],"author":[{"embeddable":true,"href":"https:\/\/curriculum.nbed.ca\/fr\/wp-json\/wp\/v2\/users\/6"}],"replies":[{"embeddable":true,"href":"https:\/\/curriculum.nbed.ca\/fr\/wp-json\/wp\/v2\/comments?post=5451"}],"version-history":[{"count":3,"href":"https:\/\/curriculum.nbed.ca\/fr\/wp-json\/wp\/v2\/pages\/5451\/revisions"}],"predecessor-version":[{"id":5458,"href":"https:\/\/curriculum.nbed.ca\/fr\/wp-json\/wp\/v2\/pages\/5451\/revisions\/5458"}],"up":[{"embeddable":true,"href":"https:\/\/curriculum.nbed.ca\/fr\/wp-json\/wp\/v2\/pages\/4411"}],"wp:attachment":[{"href":"https:\/\/curriculum.nbed.ca\/fr\/wp-json\/wp\/v2\/media?parent=5451"}],"curies":[{"name":"wp","href":"https:\/\/api.w.org\/{rel}","templated":true}]}}