{"id":5429,"date":"2023-04-03T14:59:31","date_gmt":"2023-04-03T14:59:31","guid":{"rendered":"https:\/\/curriculum.nbed.ca\/?page_id=5429"},"modified":"2025-07-25T18:56:20","modified_gmt":"2025-07-25T18:56:20","slug":"fabrication-assistee-par-ordinateur-110","status":"publish","type":"page","link":"https:\/\/curriculum.nbed.ca\/fr\/domaines-dapprentissage\/secondaire\/apprentissage-lie-a-la-carriere\/technologies-numeriques-et-de-l-information\/fabrication-assistee-par-ordinateur-110\/","title":{"rendered":"Fabrication assist\u00e9e par ordinateur 110"},"content":{"rendered":"<div class=\"g-container\">\n<p>Le cours Fabrication assist\u00e9e par ordinateur&nbsp;110 porte sur le processus de cr\u00e9ation d\u2019une id\u00e9e de produit en vue de sa fabrication. La cr\u00e9ation de produits utilise des fichiers combin\u00e9s repr\u00e9sentant le mouvement des processus de fabrication contr\u00f4l\u00e9s par ordinateur. Principalement ax\u00e9 sur l\u2019utilisation de composants num\u00e9ris\u00e9s, le cours \u00e9tend les occasions d\u2019apprentissage \u00e0 l\u2019utilisation du routage CNC, de l\u2019impression&nbsp;3D et de la d\u00e9coupe par laser pour cr\u00e9er des objets dans le cadre d\u2019un projet final. Le cours comprend l\u2019exploration des parcours professionnels et l\u2019utilisation personnelle.<\/p>\n<\/div>\n\n<div class=\"g-container\">\n<p>Les comp\u00e9tences acquises dans le cours Conception assist\u00e9e par ordinateur&nbsp;110 sont utiles, mais ne constituent pas un pr\u00e9requis pour ce cours. Les comp\u00e9tences acquises dans le cadre du cours Fabrication assist\u00e9e par ordinateur&nbsp;110 sont tr\u00e8s adaptables \u00e0 de nombreux domaines li\u00e9s aux STIM. L\u2019acquisition des comp\u00e9tences, des strat\u00e9gies, des processus et du vocabulaire de la visualisation permet aux personnes apprenantes d\u2019articuler des id\u00e9es, de cr\u00e9er des \u0153uvres expressives et d\u2019\u00e9tablir des liens avec d\u2019autres domaines d\u2019apprentissage.<\/p>\n<\/div>","protected":false},"excerpt":{"rendered":"<p>Le cours Fabrication assist\u00e9e par ordinateur&nbsp;110 porte sur le processus de cr\u00e9ation d\u2019une id\u00e9e de produit en vue de sa fabrication. La cr\u00e9ation de produits utilise des fichiers combin\u00e9s repr\u00e9sentant le mouvement des processus de fabrication contr\u00f4l\u00e9s par ordinateur. Principalement ax\u00e9 sur l\u2019utilisation de composants num\u00e9ris\u00e9s, le cours \u00e9tend les occasions d\u2019apprentissage \u00e0 l\u2019utilisation du [&hellip;]<\/p>\n","protected":false},"author":6,"featured_media":0,"parent":4411,"menu_order":0,"comment_status":"closed","ping_status":"closed","template":"pages\/template-subject.php","meta":{"_acf_changed":false,"footnotes":""},"class_list":["post-5429","page","type-page","status-publish","hentry"],"acf":[],"_links":{"self":[{"href":"https:\/\/curriculum.nbed.ca\/fr\/wp-json\/wp\/v2\/pages\/5429","targetHints":{"allow":["GET"]}}],"collection":[{"href":"https:\/\/curriculum.nbed.ca\/fr\/wp-json\/wp\/v2\/pages"}],"about":[{"href":"https:\/\/curriculum.nbed.ca\/fr\/wp-json\/wp\/v2\/types\/page"}],"author":[{"embeddable":true,"href":"https:\/\/curriculum.nbed.ca\/fr\/wp-json\/wp\/v2\/users\/6"}],"replies":[{"embeddable":true,"href":"https:\/\/curriculum.nbed.ca\/fr\/wp-json\/wp\/v2\/comments?post=5429"}],"version-history":[{"count":3,"href":"https:\/\/curriculum.nbed.ca\/fr\/wp-json\/wp\/v2\/pages\/5429\/revisions"}],"predecessor-version":[{"id":10397,"href":"https:\/\/curriculum.nbed.ca\/fr\/wp-json\/wp\/v2\/pages\/5429\/revisions\/10397"}],"up":[{"embeddable":true,"href":"https:\/\/curriculum.nbed.ca\/fr\/wp-json\/wp\/v2\/pages\/4411"}],"wp:attachment":[{"href":"https:\/\/curriculum.nbed.ca\/fr\/wp-json\/wp\/v2\/media?parent=5429"}],"curies":[{"name":"wp","href":"https:\/\/api.w.org\/{rel}","templated":true}]}}