{"id":5425,"date":"2023-04-03T14:59:31","date_gmt":"2023-04-03T14:59:31","guid":{"rendered":"https:\/\/curriculum.nbed.ca\/?page_id=5425"},"modified":"2025-07-25T18:22:36","modified_gmt":"2025-07-25T18:22:36","slug":"conception-assistee-par-ordinateur-110","status":"publish","type":"page","link":"https:\/\/curriculum.nbed.ca\/fr\/domaines-dapprentissage\/secondaire\/apprentissage-lie-a-la-carriere\/technologies-numeriques-et-de-l-information\/conception-assistee-par-ordinateur-110\/","title":{"rendered":"Conception assist\u00e9e par ordinateur 110"},"content":{"rendered":"<div class=\"g-container\">\n<p>La construction et la fabrication modernes n\u00e9cessitent l\u2019int\u00e9gration de nombreuses pi\u00e8ces dans de vastes projets. La cr\u00e9ation efficace de ces pi\u00e8ces exige une id\u00e9e claire, une conception d\u00e9taill\u00e9e et des mesures pr\u00e9cises \u00e0 communiquer pour leur fabrication. Les logiciels modernes permettent aux utilisateurs de cr\u00e9er des repr\u00e9sentations num\u00e9riques d\u2019objets pour la construction et la fabrication, accompagn\u00e9es de mesures tr\u00e8s pr\u00e9cises pouvant \u00eatre transmises \u00e0 des dispositifs \u00e0 commandes num\u00e9riques informatis\u00e9es, comme une fraiseuse, une imprimante\u202f3D et un syst\u00e8me de fabrication robotis\u00e9.&nbsp;<\/p>\n<\/div>\n\n<div class=\"g-container\">\n<p>La conception assist\u00e9e par ordinateur s\u2019appuie souvent sur les techniques traditionnelles de dessin \u00e0 la main. Dans ce cours, il est essentiel de comprendre la fa\u00e7on de communiquer la conception d\u2019une pi\u00e8ce physique et de repr\u00e9senter num\u00e9riquement un objet physique. Les personnes apprenantes auront l\u2019occasion de repr\u00e9senter des objets physiques en les mesurant, en les mettant \u00e0 l\u2019\u00e9chelle et en les visualisant. Le cours sert d\u2019introduction au dessin technique et architectural.&nbsp;<\/p>\n<\/div>\n\n<div class=\"g-container\">\n<p>Les personnes apprenantes doivent avoir r\u00e9ussi les math\u00e9matiques de 9<sup>e<\/sup>\u202fann\u00e9e avant de s\u2019inscrire \u00e0 ce cours. Il est utile pour les personnes apprenantes explorant les domaines de l\u2019ing\u00e9nierie, de la fabrication, de l\u2019architecture, de la robotique, de l\u2019impression\u202f3D et de la cr\u00e9ation de contenu num\u00e9rique.&nbsp;<\/p>\n<\/div>","protected":false},"excerpt":{"rendered":"<p>La construction et la fabrication modernes n\u00e9cessitent l\u2019int\u00e9gration de nombreuses pi\u00e8ces dans de vastes projets. La cr\u00e9ation efficace de ces pi\u00e8ces exige une id\u00e9e claire, une conception d\u00e9taill\u00e9e et des mesures pr\u00e9cises \u00e0 communiquer pour leur fabrication. Les logiciels modernes permettent aux utilisateurs de cr\u00e9er des repr\u00e9sentations num\u00e9riques d\u2019objets pour la construction et la fabrication, [&hellip;]<\/p>\n","protected":false},"author":6,"featured_media":0,"parent":4411,"menu_order":0,"comment_status":"closed","ping_status":"closed","template":"pages\/template-subject.php","meta":{"_acf_changed":false,"footnotes":""},"class_list":["post-5425","page","type-page","status-publish","hentry"],"acf":[],"_links":{"self":[{"href":"https:\/\/curriculum.nbed.ca\/fr\/wp-json\/wp\/v2\/pages\/5425","targetHints":{"allow":["GET"]}}],"collection":[{"href":"https:\/\/curriculum.nbed.ca\/fr\/wp-json\/wp\/v2\/pages"}],"about":[{"href":"https:\/\/curriculum.nbed.ca\/fr\/wp-json\/wp\/v2\/types\/page"}],"author":[{"embeddable":true,"href":"https:\/\/curriculum.nbed.ca\/fr\/wp-json\/wp\/v2\/users\/6"}],"replies":[{"embeddable":true,"href":"https:\/\/curriculum.nbed.ca\/fr\/wp-json\/wp\/v2\/comments?post=5425"}],"version-history":[{"count":7,"href":"https:\/\/curriculum.nbed.ca\/fr\/wp-json\/wp\/v2\/pages\/5425\/revisions"}],"predecessor-version":[{"id":10393,"href":"https:\/\/curriculum.nbed.ca\/fr\/wp-json\/wp\/v2\/pages\/5425\/revisions\/10393"}],"up":[{"embeddable":true,"href":"https:\/\/curriculum.nbed.ca\/fr\/wp-json\/wp\/v2\/pages\/4411"}],"wp:attachment":[{"href":"https:\/\/curriculum.nbed.ca\/fr\/wp-json\/wp\/v2\/media?parent=5425"}],"curies":[{"name":"wp","href":"https:\/\/api.w.org\/{rel}","templated":true}]}}