{"id":5408,"date":"2023-04-03T14:58:19","date_gmt":"2023-04-03T14:58:19","guid":{"rendered":"https:\/\/curriculum.nbed.ca\/?page_id=5408"},"modified":"2023-09-07T12:03:23","modified_gmt":"2023-09-07T12:03:23","slug":"chimie-121-2","status":"publish","type":"page","link":"https:\/\/curriculum.nbed.ca\/fr\/domaines-dapprentissage\/secondaire\/sciences\/chimie-121-2\/","title":{"rendered":"Chimie 121\/2"},"content":{"rendered":"<div class=\"g-container\">\n<p>Le dossier du programme d\u2019\u00e9tudes secondaires que vous recherchez est accessible ici :<\/p>\n<\/div>\n\n<div class=\"g-container\">\n<p><a href=\"https:\/\/www2.gnb.ca\/content\/dam\/gnb\/Departments\/ed\/pdf\/K12\/curric\/Science\/Chemistry121-122.pdf\" target=\"_blank\" rel=\"noreferrer noopener\">Voir Chemistry 121\/2<\/a> (anglais seulement)<\/p>\n<\/div>\n\n<div class=\"g-container\">\n<p>Nous vous remercions de votre compr\u00e9hension et de votre patience alors que nous continuons d\u2019am\u00e9liorer et mettre \u00e0 jour le mat\u00e9riel p\u00e9dagogique du Nouveau- Brunswick.&nbsp;&nbsp;<\/p>\n<\/div>\n\n<div class=\"g-container\">\n<p>\u00c0 tous les niveaux de <strong>Chimie 121\/2<\/strong>, on attend des \u00e9ducateurs qu&rsquo;ils adaptent le mat\u00e9riel de cours en ce qui concerne l&rsquo;\u00e9tendue, de profondeur et de port\u00e9e de l\u2019enqu\u00eate en fonction du niveau du curriculum. L&rsquo;objectif pour les apprenants est de faire preuve d&rsquo;esprit critique et de mettre en \u0153uvre des comp\u00e9tences pertinentes et n\u00e9cessaires dans le domaine d&rsquo;apprentissage. Le cours de niveau 1 ne diff\u00e8re pas par le nombre de descripteurs de comp\u00e9tences ; en revanche, les attentes y sont plus \u00e9lev\u00e9es en ce qui concerne la profondeur de la compr\u00e9hension et d&rsquo;auto-efficacit\u00e9 de l&rsquo;apprenant. Les enseignants devraient offrir plus d&rsquo;opportunit\u00e9s dans le cours de niveau 1 pour participer \u00e0 des activit\u00e9s de fonctions cognitives sup\u00e9rieures.\u00a0<\/p>\n<\/div>","protected":false},"excerpt":{"rendered":"<p>Le dossier du programme d\u2019\u00e9tudes secondaires que vous recherchez est accessible ici : Voir Chemistry 121\/2 (anglais seulement) Nous vous remercions de votre compr\u00e9hension et de votre patience alors que nous continuons d\u2019am\u00e9liorer et mettre \u00e0 jour le mat\u00e9riel p\u00e9dagogique du Nouveau- Brunswick.&nbsp;&nbsp; \u00c0 tous les niveaux de Chimie 121\/2, on attend des \u00e9ducateurs qu&rsquo;ils [&hellip;]<\/p>\n","protected":false},"author":6,"featured_media":0,"parent":2496,"menu_order":0,"comment_status":"closed","ping_status":"closed","template":"pages\/template-subject.php","meta":{"_acf_changed":false,"footnotes":""},"class_list":["post-5408","page","type-page","status-publish","hentry"],"acf":[],"_links":{"self":[{"href":"https:\/\/curriculum.nbed.ca\/fr\/wp-json\/wp\/v2\/pages\/5408","targetHints":{"allow":["GET"]}}],"collection":[{"href":"https:\/\/curriculum.nbed.ca\/fr\/wp-json\/wp\/v2\/pages"}],"about":[{"href":"https:\/\/curriculum.nbed.ca\/fr\/wp-json\/wp\/v2\/types\/page"}],"author":[{"embeddable":true,"href":"https:\/\/curriculum.nbed.ca\/fr\/wp-json\/wp\/v2\/users\/6"}],"replies":[{"embeddable":true,"href":"https:\/\/curriculum.nbed.ca\/fr\/wp-json\/wp\/v2\/comments?post=5408"}],"version-history":[{"count":5,"href":"https:\/\/curriculum.nbed.ca\/fr\/wp-json\/wp\/v2\/pages\/5408\/revisions"}],"predecessor-version":[{"id":6782,"href":"https:\/\/curriculum.nbed.ca\/fr\/wp-json\/wp\/v2\/pages\/5408\/revisions\/6782"}],"up":[{"embeddable":true,"href":"https:\/\/curriculum.nbed.ca\/fr\/wp-json\/wp\/v2\/pages\/2496"}],"wp:attachment":[{"href":"https:\/\/curriculum.nbed.ca\/fr\/wp-json\/wp\/v2\/media?parent=5408"}],"curies":[{"name":"wp","href":"https:\/\/api.w.org\/{rel}","templated":true}]}}