{"id":5396,"date":"2023-04-03T14:58:19","date_gmt":"2023-04-03T14:58:19","guid":{"rendered":"https:\/\/curriculum.nbed.ca\/?page_id=5396"},"modified":"2025-08-27T17:52:58","modified_gmt":"2025-08-27T17:52:58","slug":"introduction-a-l-electronique-110","status":"publish","type":"page","link":"https:\/\/curriculum.nbed.ca\/fr\/domaines-dapprentissage\/secondaire\/sciences\/introduction-a-l-electronique-110\/","title":{"rendered":"Introduction \u00e0 l&rsquo;\u00e9lectronique 110"},"content":{"rendered":"<div class=\"g-container\">\n<p>Le cours <strong>Introduction \u00e0 l\u2019\u00e9lectronique&nbsp;110<\/strong> vise l\u2019\u00e9tude du comportement des \u00e9lectrons \u00e0 l\u2019int\u00e9rieur de diff\u00e9rents mat\u00e9riaux dans le but de contr\u00f4ler des dispositifs. Les personnes apprenantes examinent la fa\u00e7on de contr\u00f4ler le mouvement des \u00e9lectrons, ce qui leur fournit les connaissances de base n\u00e9cessaires \u00e0 toute technologie moderne reposant sur des circuits \u00e9lectroniques. Par des activit\u00e9s d\u2019exploration physique, de pr\u00e9dictions math\u00e9matiques et de simulations informatiques, les personnes apprenantes \u00e9tudient les composants essentiels constituant la base des circuits complexes.<\/p>\n<\/div>\n\n<div class=\"g-container\">\n<p>Le monde est rempli d\u2019appareils permettant les communications num\u00e9riques, et les personnes apprenantes pourront \u00e9claircir une partie du myst\u00e8re entourant ces appareils, participer \u00e0 la r\u00e9solution de probl\u00e8mes li\u00e9s aux circuits, acqu\u00e9rir des comp\u00e9tences de base utiles dans ce domaine et commencer \u00e0 appliquer la th\u00e9orie \u00e0 des situations pratiques. Les comp\u00e9tences acquises sont tr\u00e8s adaptables \u00e0 de nombreux domaines li\u00e9s aux STIM.<\/p>\n<\/div>\n\n<div class=\"g-container\">\n<p class=\"has-white-color has-text-color has-background has-link-color wp-elements-fbde66af71bc0acbcd122401cda88a11\" style=\"background:linear-gradient(135deg,rgb(1,105,96) 0%,rgb(255,255,255) 100%)\"><strong>Pour les \u00e9ducateurs.trices :<\/strong><\/p>\n<\/div>\n\n<div class=\"g-container\">\n<div class=\"wp-block-columns is-layout-flex wp-container-core-columns-is-layout-9d6595d7 wp-block-columns-is-layout-flex\">\n<div class=\"wp-block-column is-layout-flow wp-block-column-is-layout-flow\"><div class=\"g-container\">\n<ul class=\"wp-block-list\">\n<li><a href=\"https:\/\/nbed.sharepoint.com\/:b:\/r\/sites\/Test880\/Shared%20Documents\/1.6%20Immersion%20fran%C3%A7aise%20(6e-12e)\/Documents%20d%27accompagnement%20-%20Companion%20Documents\/FI%20Introduction%20to%20Electronics%20110\/FLSElectronics110_CompDoc_20250515_v0.3_Draft_2028.pdf?csf=1&amp;web=1&amp;e=3WQ3Ag\" data-type=\"link\" data-id=\"https:\/\/nbed.sharepoint.com\/:b:\/r\/sites\/Test880\/Shared%20Documents\/1.6%20Immersion%20fran%C3%A7aise%20(6e-12e)\/Documents%20d%27accompagnement%20-%20Companion%20Documents\/FI%20Introduction%20to%20Electronics%20110\/FLSElectronics110_CompDoc_20250515_v0.3_Draft_2028.pdf?csf=1&amp;web=1&amp;e=3WQ3Ag\" target=\"_blank\" rel=\"noreferrer noopener\">Introduction \u00e0  l&rsquo;\u00e9lectronique 110 GUIDE D&rsquo;ACCOMPAGNEMENT<\/a> [NBED FSL Central]<\/li>\n<\/ul>\n<\/div><\/div>\n\n\n\n<div class=\"wp-block-column is-layout-flow wp-block-column-is-layout-flow\"><div class=\"g-container\">\n<p>\u2794 <strong>PL Hub:<\/strong> <a href=\"https:\/\/plhub.nbed.ca\/learning-areas\/science\/\" data-type=\"link\" data-id=\"https:\/\/plhub.nbed.ca\/learning-areas\/science\/\" target=\"_blank\" rel=\"noreferrer noopener\">Science<\/a><\/p>\n<\/div><\/div>\n<\/div>\n<\/div>","protected":false},"excerpt":{"rendered":"<p>Le cours Introduction \u00e0 l\u2019\u00e9lectronique&nbsp;110 vise l\u2019\u00e9tude du comportement des \u00e9lectrons \u00e0 l\u2019int\u00e9rieur de diff\u00e9rents mat\u00e9riaux dans le but de contr\u00f4ler des dispositifs. Les personnes apprenantes examinent la fa\u00e7on de contr\u00f4ler le mouvement des \u00e9lectrons, ce qui leur fournit les connaissances de base n\u00e9cessaires \u00e0 toute technologie moderne reposant sur des circuits \u00e9lectroniques. Par des [&hellip;]<\/p>\n","protected":false},"author":6,"featured_media":0,"parent":2496,"menu_order":0,"comment_status":"closed","ping_status":"closed","template":"pages\/template-subject.php","meta":{"_acf_changed":false,"footnotes":""},"class_list":["post-5396","page","type-page","status-publish","hentry"],"acf":[],"_links":{"self":[{"href":"https:\/\/curriculum.nbed.ca\/fr\/wp-json\/wp\/v2\/pages\/5396","targetHints":{"allow":["GET"]}}],"collection":[{"href":"https:\/\/curriculum.nbed.ca\/fr\/wp-json\/wp\/v2\/pages"}],"about":[{"href":"https:\/\/curriculum.nbed.ca\/fr\/wp-json\/wp\/v2\/types\/page"}],"author":[{"embeddable":true,"href":"https:\/\/curriculum.nbed.ca\/fr\/wp-json\/wp\/v2\/users\/6"}],"replies":[{"embeddable":true,"href":"https:\/\/curriculum.nbed.ca\/fr\/wp-json\/wp\/v2\/comments?post=5396"}],"version-history":[{"count":6,"href":"https:\/\/curriculum.nbed.ca\/fr\/wp-json\/wp\/v2\/pages\/5396\/revisions"}],"predecessor-version":[{"id":10753,"href":"https:\/\/curriculum.nbed.ca\/fr\/wp-json\/wp\/v2\/pages\/5396\/revisions\/10753"}],"up":[{"embeddable":true,"href":"https:\/\/curriculum.nbed.ca\/fr\/wp-json\/wp\/v2\/pages\/2496"}],"wp:attachment":[{"href":"https:\/\/curriculum.nbed.ca\/fr\/wp-json\/wp\/v2\/media?parent=5396"}],"curies":[{"name":"wp","href":"https:\/\/api.w.org\/{rel}","templated":true}]}}