{"id":5379,"date":"2023-04-26T12:57:54","date_gmt":"2023-04-26T12:57:54","guid":{"rendered":"https:\/\/curriculum.nbed.ca\/?page_id=5379"},"modified":"2023-08-27T19:04:48","modified_gmt":"2023-08-27T19:04:48","slug":"ccnb-mathematiques-pour-les-metiers-specialises-et-la-preparation-pour-le-milieu-de-travail-120","status":"publish","type":"page","link":"https:\/\/curriculum.nbed.ca\/fr\/domaines-dapprentissage\/secondaire\/mathematiques\/ccnb-mathematiques-pour-les-metiers-specialises-et-la-preparation-pour-le-milieu-de-travail-120\/","title":{"rendered":"CCNB Math\u00e9matiques pour les m\u00e9tiers sp\u00e9cialis\u00e9s et la pr\u00e9paration pour le milieu de travail 120"},"content":{"rendered":"<div class=\"g-container\">\n<p>Le dossier du programme d\u2019\u00e9tudes secondaires que vous recherchez est accessible ici :<\/p>\n<\/div>\n\n<div class=\"g-container\">\n<p><a href=\"https:\/\/www2.gnb.ca\/content\/dam\/gnb\/Departments\/ed\/pdf\/K12\/curric\/Math\/Math120-SupportDocument.pdf\" target=\"_blank\" rel=\"noreferrer noopener\">Voir NBCC Skilled Trades and Work-Ready Math 120<\/a> (anglais seulement)<\/p>\n<\/div>\n\n<div class=\"g-container\">\n<p>Nous vous remercions de votre compr\u00e9hension et de votre patience alors que nous continuons d\u2019am\u00e9liorer et mettre \u00e0 jour le mat\u00e9riel p\u00e9dagogique du Nouveau- Brunswick.&nbsp;&nbsp;<\/p>\n<\/div>","protected":false},"excerpt":{"rendered":"<p>Le dossier du programme d\u2019\u00e9tudes secondaires que vous recherchez est accessible ici : Voir NBCC Skilled Trades and Work-Ready Math 120 (anglais seulement) Nous vous remercions de votre compr\u00e9hension et de votre patience alors que nous continuons d\u2019am\u00e9liorer et mettre \u00e0 jour le mat\u00e9riel p\u00e9dagogique du Nouveau- Brunswick.&nbsp;&nbsp;<\/p>\n","protected":false},"author":6,"featured_media":0,"parent":2487,"menu_order":0,"comment_status":"closed","ping_status":"closed","template":"pages\/template-subject.php","meta":{"_acf_changed":false,"footnotes":""},"class_list":["post-5379","page","type-page","status-publish","hentry"],"acf":[],"_links":{"self":[{"href":"https:\/\/curriculum.nbed.ca\/fr\/wp-json\/wp\/v2\/pages\/5379","targetHints":{"allow":["GET"]}}],"collection":[{"href":"https:\/\/curriculum.nbed.ca\/fr\/wp-json\/wp\/v2\/pages"}],"about":[{"href":"https:\/\/curriculum.nbed.ca\/fr\/wp-json\/wp\/v2\/types\/page"}],"author":[{"embeddable":true,"href":"https:\/\/curriculum.nbed.ca\/fr\/wp-json\/wp\/v2\/users\/6"}],"replies":[{"embeddable":true,"href":"https:\/\/curriculum.nbed.ca\/fr\/wp-json\/wp\/v2\/comments?post=5379"}],"version-history":[{"count":5,"href":"https:\/\/curriculum.nbed.ca\/fr\/wp-json\/wp\/v2\/pages\/5379\/revisions"}],"predecessor-version":[{"id":6198,"href":"https:\/\/curriculum.nbed.ca\/fr\/wp-json\/wp\/v2\/pages\/5379\/revisions\/6198"}],"up":[{"embeddable":true,"href":"https:\/\/curriculum.nbed.ca\/fr\/wp-json\/wp\/v2\/pages\/2487"}],"wp:attachment":[{"href":"https:\/\/curriculum.nbed.ca\/fr\/wp-json\/wp\/v2\/media?parent=5379"}],"curies":[{"name":"wp","href":"https:\/\/api.w.org\/{rel}","templated":true}]}}