{"id":5375,"date":"2023-04-26T12:57:54","date_gmt":"2023-04-26T12:57:54","guid":{"rendered":"https:\/\/curriculum.nbed.ca\/?page_id=5375"},"modified":"2025-07-16T15:29:32","modified_gmt":"2025-07-16T15:29:32","slug":"fondements-des-mathematiques-120","status":"publish","type":"page","link":"https:\/\/curriculum.nbed.ca\/fr\/domaines-dapprentissage\/secondaire\/mathematiques\/fondements-des-mathematiques-120\/","title":{"rendered":"Fondements des math\u00e9matiques 120"},"content":{"rendered":"<div class=\"g-container\">\n<p>Le cours Fondements des math\u00e9matiques&nbsp;120 fournit un raisonnement math\u00e9matique complexe et comprend l\u2019\u00e9tude des aspects num\u00e9riques et logiques des math\u00e9matiques, de la statistique et des probabilit\u00e9s. Les personnes apprenantes d\u00e9criront des fonctions et les repr\u00e9senteront sous forme de graphiques; r\u00e9fl\u00e9chiront \u00e0 des strat\u00e9gies de r\u00e9solution de probl\u00e8mes; feront preuve d\u2019esprit critique et appliqueront leurs connaissances \u00e0 la logique et aux conjectures; calculeront des statistiques; d\u00e9criront des \u00e9v\u00e9nements probables. Elles repr\u00e9senteront l\u2019information sous forme de tableaux, de graphiques et de diagrammes. Elles mettront \u00e9galement en pratique les connaissances pr\u00e9alables sur les relations et les fonctions, ainsi que leurs aptitudes de raisonnement, tir\u00e9es du cours Fondements des math\u00e9matiques&nbsp;110.<\/p>\n<\/div>\n\n<div class=\"g-container\">\n<p>Les th\u00e8mes abord\u00e9s comprennent\u00a0: la distribution normale; l\u2019\u00e9cart-type; l\u2019intervalle de confiance; la th\u00e9orie des ensembles; les \u00e9nonc\u00e9s conditionnels; les probabilit\u00e9s; le th\u00e9or\u00e8me du bin\u00f4me; les fonctions polynomiales, exponentielles, logarithmiques et sinuso\u00efdales. <\/p>\n<\/div>\n\n<div class=\"g-container\">\n<p>On recommande de suivre le cours <strong>Fondements des math\u00e9matiques\u00a0110<\/strong> avant de s\u2019inscrire au cours Fondements des math\u00e9matiques\u00a0120.<\/p>\n<\/div>","protected":false},"excerpt":{"rendered":"<p>Le cours Fondements des math\u00e9matiques&nbsp;120 fournit un raisonnement math\u00e9matique complexe et comprend l\u2019\u00e9tude des aspects num\u00e9riques et logiques des math\u00e9matiques, de la statistique et des probabilit\u00e9s. Les personnes apprenantes d\u00e9criront des fonctions et les repr\u00e9senteront sous forme de graphiques; r\u00e9fl\u00e9chiront \u00e0 des strat\u00e9gies de r\u00e9solution de probl\u00e8mes; feront preuve d\u2019esprit critique et appliqueront leurs connaissances [&hellip;]<\/p>\n","protected":false},"author":6,"featured_media":0,"parent":2487,"menu_order":0,"comment_status":"closed","ping_status":"closed","template":"pages\/template-subject.php","meta":{"_acf_changed":false,"footnotes":""},"class_list":["post-5375","page","type-page","status-publish","hentry"],"acf":[],"_links":{"self":[{"href":"https:\/\/curriculum.nbed.ca\/fr\/wp-json\/wp\/v2\/pages\/5375","targetHints":{"allow":["GET"]}}],"collection":[{"href":"https:\/\/curriculum.nbed.ca\/fr\/wp-json\/wp\/v2\/pages"}],"about":[{"href":"https:\/\/curriculum.nbed.ca\/fr\/wp-json\/wp\/v2\/types\/page"}],"author":[{"embeddable":true,"href":"https:\/\/curriculum.nbed.ca\/fr\/wp-json\/wp\/v2\/users\/6"}],"replies":[{"embeddable":true,"href":"https:\/\/curriculum.nbed.ca\/fr\/wp-json\/wp\/v2\/comments?post=5375"}],"version-history":[{"count":4,"href":"https:\/\/curriculum.nbed.ca\/fr\/wp-json\/wp\/v2\/pages\/5375\/revisions"}],"predecessor-version":[{"id":10304,"href":"https:\/\/curriculum.nbed.ca\/fr\/wp-json\/wp\/v2\/pages\/5375\/revisions\/10304"}],"up":[{"embeddable":true,"href":"https:\/\/curriculum.nbed.ca\/fr\/wp-json\/wp\/v2\/pages\/2487"}],"wp:attachment":[{"href":"https:\/\/curriculum.nbed.ca\/fr\/wp-json\/wp\/v2\/media?parent=5375"}],"curies":[{"name":"wp","href":"https:\/\/api.w.org\/{rel}","templated":true}]}}