{"id":5360,"date":"2023-04-26T12:57:54","date_gmt":"2023-04-26T12:57:54","guid":{"rendered":"https:\/\/curriculum.nbed.ca\/?page_id=5360"},"modified":"2026-01-30T18:27:07","modified_gmt":"2026-01-30T18:27:07","slug":"mathematiques-pour-les-finances-et-le-milieu-de-travail-120","status":"publish","type":"page","link":"https:\/\/curriculum.nbed.ca\/fr\/domaines-dapprentissage\/secondaire\/mathematiques\/mathematiques-pour-les-finances-et-le-milieu-de-travail-120\/","title":{"rendered":"Math\u00e9matiques pour les finances et le milieu de travail\u00a0120"},"content":{"rendered":"<div class=\"g-container\">\n<p>Le cours Math\u00e9matiques pour les finances et le milieu de travail&nbsp;120 permet d\u2019acqu\u00e9rir des comp\u00e9tences math\u00e9matiques applicables dans le cadre des \u00e9tudes postsecondaires, du march\u00e9 du travail et de la vie quotidienne. Les personnes apprenantes mettront en pratique les concepts de litt\u00e9ratie financi\u00e8re; analyseront des \u00e9nigmes et des jeux; travailleront avec des contextes de mesure; appliqueront les propri\u00e9t\u00e9s des formes, les lois trigonom\u00e9triques et leur compr\u00e9hension des relations lin\u00e9aires; et interpr\u00e9teront le hasard et l\u2019incertitude. Les personnes apprenantes mettront en pratique leurs connaissances pr\u00e9alables&nbsp;: location, cr\u00e9dit-bail et achat; budget personnel; application de formules; application de la compr\u00e9hension de la pente; raisonnement proportionnel et analyse des unit\u00e9s; propri\u00e9t\u00e9s des triangles rectangles; raisonnement proportionnel et \u00e9chelle; et analyse des donn\u00e9es.<\/p>\n<\/div>\n\n<div class=\"g-container\">\n<p>Sujets abord\u00e9s&nbsp;: mesures; lois des sinus et des cosinus; propri\u00e9t\u00e9s des polygones et des cercles; transformations de formes bidimensionnelles; gestion financi\u00e8re personnelle; relations lin\u00e9aires; interpr\u00e9tation de donn\u00e9es; probabilit\u00e9s et chances.&nbsp;<\/p>\n<\/div>\n\n<div class=\"g-container\">\n<p>On recommande de suivre le cours Math\u00e9matiques pour les finances et le milieu de travail&nbsp;110 avant de s\u2019inscrire au cours Math\u00e9matiques pour les finances et le milieu de travail&nbsp;120.<\/p>\n<\/div>","protected":false},"excerpt":{"rendered":"<p>Le cours Math\u00e9matiques pour les finances et le milieu de travail&nbsp;120 permet d\u2019acqu\u00e9rir des comp\u00e9tences math\u00e9matiques applicables dans le cadre des \u00e9tudes postsecondaires, du march\u00e9 du travail et de la vie quotidienne. Les personnes apprenantes mettront en pratique les concepts de litt\u00e9ratie financi\u00e8re; analyseront des \u00e9nigmes et des jeux; travailleront avec des contextes de mesure; [&hellip;]<\/p>\n","protected":false},"author":6,"featured_media":0,"parent":2487,"menu_order":0,"comment_status":"closed","ping_status":"closed","template":"pages\/template-subject.php","meta":{"_acf_changed":false,"footnotes":""},"class_list":["post-5360","page","type-page","status-publish","hentry"],"acf":[],"_links":{"self":[{"href":"https:\/\/curriculum.nbed.ca\/fr\/wp-json\/wp\/v2\/pages\/5360","targetHints":{"allow":["GET"]}}],"collection":[{"href":"https:\/\/curriculum.nbed.ca\/fr\/wp-json\/wp\/v2\/pages"}],"about":[{"href":"https:\/\/curriculum.nbed.ca\/fr\/wp-json\/wp\/v2\/types\/page"}],"author":[{"embeddable":true,"href":"https:\/\/curriculum.nbed.ca\/fr\/wp-json\/wp\/v2\/users\/6"}],"replies":[{"embeddable":true,"href":"https:\/\/curriculum.nbed.ca\/fr\/wp-json\/wp\/v2\/comments?post=5360"}],"version-history":[{"count":6,"href":"https:\/\/curriculum.nbed.ca\/fr\/wp-json\/wp\/v2\/pages\/5360\/revisions"}],"predecessor-version":[{"id":11428,"href":"https:\/\/curriculum.nbed.ca\/fr\/wp-json\/wp\/v2\/pages\/5360\/revisions\/11428"}],"up":[{"embeddable":true,"href":"https:\/\/curriculum.nbed.ca\/fr\/wp-json\/wp\/v2\/pages\/2487"}],"wp:attachment":[{"href":"https:\/\/curriculum.nbed.ca\/fr\/wp-json\/wp\/v2\/media?parent=5360"}],"curies":[{"name":"wp","href":"https:\/\/api.w.org\/{rel}","templated":true}]}}