{"id":5355,"date":"2023-04-26T12:57:54","date_gmt":"2023-04-26T12:57:54","guid":{"rendered":"https:\/\/curriculum.nbed.ca\/?page_id=5355"},"modified":"2025-07-15T16:29:59","modified_gmt":"2025-07-15T16:29:59","slug":"mathematiques-pour-les-finances-et-le-milieu-de-travail-110","status":"publish","type":"page","link":"https:\/\/curriculum.nbed.ca\/fr\/domaines-dapprentissage\/secondaire\/mathematiques\/mathematiques-pour-les-finances-et-le-milieu-de-travail-110\/","title":{"rendered":"Math\u00e9matiques pour les finances et le milieu de travail 110"},"content":{"rendered":"<div class=\"g-container\">\n<p>Le cours Math\u00e9matiques pour les finances et le milieu de travail&nbsp;110 permet d\u2019acqu\u00e9rir des comp\u00e9tences math\u00e9matiques applicables dans le cadre des \u00e9tudes postsecondaires, du march\u00e9 du travail et de la vie quotidienne. Les personnes apprenantes appliqueront le raisonnement proportionnel \u00e0 la pente et \u00e0 l\u2019\u00e9chelle; interpr\u00e9teront des vues d\u2019objets tridimensionnels et les analyseront; cr\u00e9eront des graphiques et analyseront des donn\u00e9es. Les personnes apprenantes mettront en pratique leurs connaissances pr\u00e9alables sur la fixation du prix unitaire et le change de devises, la compr\u00e9hension des revenus et des finances personnelles, la compr\u00e9hension des int\u00e9r\u00eats simples et compos\u00e9s, les applications des rapports trigonom\u00e9triques et du th\u00e9or\u00e8me de Pythagore, le syst\u00e8me international d\u2019unit\u00e9s&nbsp;(SI) et le syst\u00e8me imp\u00e9rial, et les probl\u00e8mes comportant des objets tridimensionnels. Ce cours ouvre la voie \u00e0 d\u2019autres applications des math\u00e9matiques dans le cadre des \u00e9tudes postsecondaires, du march\u00e9 du travail et de la vie quotidienne.<\/p>\n<\/div>\n\n<div class=\"g-container\">\n<p>Les sujets abord\u00e9s comprennent les triangles rectangles, la trigonom\u00e9trie, les repr\u00e9sentations \u00e0 l\u2019\u00e9chelle, la location et l\u2019achat, les portefeuilles de placement, les budgets personnels, l\u2019application des formules, la pente et le raisonnement proportionnel. On recommande de suivre le cours G\u00e9om\u00e9trie, mesure et finances&nbsp;10 avant de s\u2019inscrire au cours Math\u00e9matiques pour les finances et le milieu de travail&nbsp;110.<\/p>\n<\/div>","protected":false},"excerpt":{"rendered":"<p>Le cours Math\u00e9matiques pour les finances et le milieu de travail&nbsp;110 permet d\u2019acqu\u00e9rir des comp\u00e9tences math\u00e9matiques applicables dans le cadre des \u00e9tudes postsecondaires, du march\u00e9 du travail et de la vie quotidienne. Les personnes apprenantes appliqueront le raisonnement proportionnel \u00e0 la pente et \u00e0 l\u2019\u00e9chelle; interpr\u00e9teront des vues d\u2019objets tridimensionnels et les analyseront; cr\u00e9eront des [&hellip;]<\/p>\n","protected":false},"author":6,"featured_media":0,"parent":2487,"menu_order":0,"comment_status":"closed","ping_status":"closed","template":"pages\/template-subject.php","meta":{"_acf_changed":false,"footnotes":""},"class_list":["post-5355","page","type-page","status-publish","hentry"],"acf":[],"_links":{"self":[{"href":"https:\/\/curriculum.nbed.ca\/fr\/wp-json\/wp\/v2\/pages\/5355","targetHints":{"allow":["GET"]}}],"collection":[{"href":"https:\/\/curriculum.nbed.ca\/fr\/wp-json\/wp\/v2\/pages"}],"about":[{"href":"https:\/\/curriculum.nbed.ca\/fr\/wp-json\/wp\/v2\/types\/page"}],"author":[{"embeddable":true,"href":"https:\/\/curriculum.nbed.ca\/fr\/wp-json\/wp\/v2\/users\/6"}],"replies":[{"embeddable":true,"href":"https:\/\/curriculum.nbed.ca\/fr\/wp-json\/wp\/v2\/comments?post=5355"}],"version-history":[{"count":6,"href":"https:\/\/curriculum.nbed.ca\/fr\/wp-json\/wp\/v2\/pages\/5355\/revisions"}],"predecessor-version":[{"id":10293,"href":"https:\/\/curriculum.nbed.ca\/fr\/wp-json\/wp\/v2\/pages\/5355\/revisions\/10293"}],"up":[{"embeddable":true,"href":"https:\/\/curriculum.nbed.ca\/fr\/wp-json\/wp\/v2\/pages\/2487"}],"wp:attachment":[{"href":"https:\/\/curriculum.nbed.ca\/fr\/wp-json\/wp\/v2\/media?parent=5355"}],"curies":[{"name":"wp","href":"https:\/\/api.w.org\/{rel}","templated":true}]}}