{"id":5328,"date":"2023-04-03T14:48:52","date_gmt":"2023-04-03T14:48:52","guid":{"rendered":"https:\/\/curriculum.nbed.ca\/?page_id=5328"},"modified":"2023-08-22T10:54:08","modified_gmt":"2023-08-22T10:54:08","slug":"techniques-de-communication-orale-120","status":"publish","type":"page","link":"https:\/\/curriculum.nbed.ca\/fr\/domaines-dapprentissage\/secondaire\/langues-et-arts-de-la-langue\/francais-langue-seconde\/techniques-de-communication-orale-120\/","title":{"rendered":"Techniques de communication orale 120"},"content":{"rendered":"<div class=\"g-container\">\n<p>Le dossier du programme d\u2019\u00e9tudes secondaires que vous recherchez est accessible ici :<\/p>\n<\/div>\n\n<div class=\"g-container\">\n<p><a href=\"https:\/\/www2.gnb.ca\/content\/dam\/gnb\/Departments\/ed\/pdf\/K12\/curric\/FSL\/techniques-de-communication-orale-120.pdf\" target=\"_blank\" rel=\"noreferrer noopener\">Voir Techniques de communication orale 120<\/a><\/p>\n<\/div>\n\n<div class=\"g-container\">\n<p>Nous vous remercions de votre compr\u00e9hension et de votre patience alors que nous continuons d\u2019am\u00e9liorer et mettre \u00e0 jour le mat\u00e9riel p\u00e9dagogique du Nouveau- Brunswick.&nbsp;&nbsp;<a href=\"https:\/\/curriculum.nbed.ca\/wp-admin\/post.php?post=5271&amp;action=edit&amp;lang=fr\"><\/a><\/p>\n<\/div>","protected":false},"excerpt":{"rendered":"<p>Le dossier du programme d\u2019\u00e9tudes secondaires que vous recherchez est accessible ici : Voir Techniques de communication orale 120 Nous vous remercions de votre compr\u00e9hension et de votre patience alors que nous continuons d\u2019am\u00e9liorer et mettre \u00e0 jour le mat\u00e9riel p\u00e9dagogique du Nouveau- Brunswick.&nbsp;&nbsp;<\/p>\n","protected":false},"author":6,"featured_media":0,"parent":8870,"menu_order":0,"comment_status":"closed","ping_status":"closed","template":"pages\/template-subject.php","meta":{"_acf_changed":false,"footnotes":""},"class_list":["post-5328","page","type-page","status-publish","hentry"],"acf":[],"_links":{"self":[{"href":"https:\/\/curriculum.nbed.ca\/fr\/wp-json\/wp\/v2\/pages\/5328","targetHints":{"allow":["GET"]}}],"collection":[{"href":"https:\/\/curriculum.nbed.ca\/fr\/wp-json\/wp\/v2\/pages"}],"about":[{"href":"https:\/\/curriculum.nbed.ca\/fr\/wp-json\/wp\/v2\/types\/page"}],"author":[{"embeddable":true,"href":"https:\/\/curriculum.nbed.ca\/fr\/wp-json\/wp\/v2\/users\/6"}],"replies":[{"embeddable":true,"href":"https:\/\/curriculum.nbed.ca\/fr\/wp-json\/wp\/v2\/comments?post=5328"}],"version-history":[{"count":2,"href":"https:\/\/curriculum.nbed.ca\/fr\/wp-json\/wp\/v2\/pages\/5328\/revisions"}],"predecessor-version":[{"id":5331,"href":"https:\/\/curriculum.nbed.ca\/fr\/wp-json\/wp\/v2\/pages\/5328\/revisions\/5331"}],"up":[{"embeddable":true,"href":"https:\/\/curriculum.nbed.ca\/fr\/wp-json\/wp\/v2\/pages\/8870"}],"wp:attachment":[{"href":"https:\/\/curriculum.nbed.ca\/fr\/wp-json\/wp\/v2\/media?parent=5328"}],"curies":[{"name":"wp","href":"https:\/\/api.w.org\/{rel}","templated":true}]}}