{"id":5286,"date":"2023-04-03T14:41:39","date_gmt":"2023-04-03T14:41:39","guid":{"rendered":"https:\/\/curriculum.nbed.ca\/?page_id=5286"},"modified":"2025-01-09T12:33:05","modified_gmt":"2025-01-09T12:33:05","slug":"arts-de-la-langue-anglaise-121-2-3","status":"publish","type":"page","link":"https:\/\/curriculum.nbed.ca\/fr\/domaines-dapprentissage\/secondaire\/langues-et-arts-de-la-langue\/arts-de-la-langue-anglaise-121-2-3\/","title":{"rendered":"Arts de la langue anglaise 121\/2\/3"},"content":{"rendered":"<div class=\"g-container\">\n<p class=\"has-text-align-left\">ALA&nbsp;12 est un cours obligatoire d\u2019un semestre valant 4&nbsp;heures-cr\u00e9dits (ALA&nbsp;121, ALA&nbsp;122, ALA&nbsp;123).<\/p>\n<\/div>\n\n<div class=\"g-container\">\n<p>En 12<sup>e<\/sup>&nbsp;ann\u00e9e, les apprenants en arts de la langue anglaise doivent \u00e9couter, voir et lire des textes informatifs et litt\u00e9raires de complexit\u00e9 croissante repr\u00e9sentant un \u00e9ventail de registres, et en discuter, pour le plaisir, l\u2019apprentissage, la sensibilisation et la compr\u00e9hension, de fa\u00e7on collaborative et autonome. En mettant l\u2019accent sur du contenu canadien comprenant des \u0153uvres de personnes noires, autochtones et racis\u00e9es, les apprenants seront expos\u00e9s \u00e0 une large gamme de textes repr\u00e9sentant diverses voix et perspectives (2ELGBTQIA+, neurodiversit\u00e9, \u00e2ge, genre, ethnicit\u00e9, culture, religion et capacit\u00e9). Les apprenants savent faire de plus en plus la part des choses en ce qui concerne le choix de strat\u00e9gies particuli\u00e8res pour r\u00e9pondre \u00e0 leurs besoins par l\u2019interaction, la lecture et la repr\u00e9sentation. Ils comprennent le processus et les strat\u00e9gies d\u2019apprentissage qui fonctionnent pour eux lors de la cr\u00e9ation de divers textes. Les textes incluent un \u00e9ventail de formes&nbsp;: langue \u00e9crite, partitions musicales, \u0153uvres, \u00e9quations math\u00e9matiques, danse, formules, jeux, r\u00e9seaux, publicit\u00e9s, recettes, v\u00eatements, etc. Les le\u00e7ons sont con\u00e7ues pour tenir compte des diff\u00e9rences et offrir du soutien, afin que tous les apprenants aient acc\u00e8s \u00e0 une exp\u00e9rience d\u2019apprentissage \u00e9quitable.<\/p>\n<\/div>\n\n<div class=\"g-container\">\n<p><strong>Dans tous les niveaux des programmes d&rsquo;\u00e9tudes d&rsquo;Arts langagiers en anglais 121\/2\/3,<\/strong> on attend des enseignants qu&rsquo;ils adaptent le mat\u00e9riel de cours en termes d&rsquo;\u00e9tendue, de profondeur et de champ d&rsquo;investigation en fonction du niveau d&rsquo;enseignement du programme. L&rsquo;objectif pour les apprenants est de faire preuve d&rsquo;une pens\u00e9e critique et de mettre en \u0153uvre des comp\u00e9tences pertinentes et n\u00e9cessaires au domaine d&rsquo;apprentissage. Le cours de niveau 3 adapte le rythme et les attentes au niveau de lecture tout en maintenant l&rsquo;int\u00e9grit\u00e9 du contenu et des concepts du cours. Le cours de niveau 1 ne diff\u00e8re pas par le nombre de descripteurs de comp\u00e9tences ; en revanche, les attentes y sont plus \u00e9lev\u00e9es en termes de profondeur de la compr\u00e9hension et d&rsquo;auto-efficacit\u00e9 de l&rsquo;apprenant. Les enseignants devraient offrir plus d&rsquo;opportunit\u00e9s dans le cours de niveau 1 pour participer \u00e0 des activit\u00e9s de r\u00e9flexion de haut niveau.<\/p>\n<\/div>\n\n<div class=\"g-container\">\n<p class=\"has-white-color has-text-color has-background has-link-color wp-elements-c0279692c0bf169859f68172d165ca83\" style=\"background:linear-gradient(135deg,rgb(1,105,96) 0%,rgb(255,255,255) 100%)\"><strong>Pour les \u00e9ducateurs.trices&nbsp;:<\/strong><\/p>\n<\/div>\n\n<div class=\"g-container\">\n<div class=\"wp-block-columns is-layout-flex wp-container-core-columns-is-layout-9d6595d7 wp-block-columns-is-layout-flex\">\n<div class=\"wp-block-column is-layout-flow wp-block-column-is-layout-flow\"><div class=\"g-container\">\n<ul class=\"wp-block-list\">\n<li><a href=\"https:\/\/nbed.sharepoint.com\/sites\/InDevelopment\/ELA\/Forms\/AllItems.aspx?id=%2Fsites%2FInDevelopment%2FELA%2FCompanion%20Guides%2FELA6%2D12%5FCompGuide%5F20231018%5Fv2%2E0%5FFinal%5F2028%2Epdf&amp;parent=%2Fsites%2FInDevelopment%2FELA%2FCompanion%20Guides\" data-type=\"link\" data-id=\"https:\/\/nbed.sharepoint.com\/sites\/InDevelopment\/ELA\/Forms\/AllItems.aspx?id=%2Fsites%2FInDevelopment%2FELA%2FCompanion%20Guides%2FELA6%2D12%5FCompGuide%5F20231018%5Fv2%2E0%5FFinal%5F2028%2Epdf&amp;parent=%2Fsites%2FInDevelopment%2FELA%2FCompanion%20Guides\" target=\"_blank\" rel=\"noreferrer noopener\">Arts de la langue anglaise 6-12 Document d&rsquo;accompagnement<\/a><\/li>\n<\/ul>\n<\/div><\/div>\n\n\n\n<div class=\"wp-block-column is-layout-flow wp-block-column-is-layout-flow\"><div class=\"g-container\">\n<p><\/p>\n<\/div><\/div>\n<\/div>\n<\/div>\n\n<div class=\"g-container\">\n<div style=\"height:24px\" aria-hidden=\"true\" class=\"wp-block-spacer\"><\/div>\n<\/div>","protected":false},"excerpt":{"rendered":"<p>ALA&nbsp;12 est un cours obligatoire d\u2019un semestre valant 4&nbsp;heures-cr\u00e9dits (ALA&nbsp;121, ALA&nbsp;122, ALA&nbsp;123). En 12e&nbsp;ann\u00e9e, les apprenants en arts de la langue anglaise doivent \u00e9couter, voir et lire des textes informatifs et litt\u00e9raires de complexit\u00e9 croissante repr\u00e9sentant un \u00e9ventail de registres, et en discuter, pour le plaisir, l\u2019apprentissage, la sensibilisation et la compr\u00e9hension, de fa\u00e7on collaborative [&hellip;]<\/p>\n","protected":false},"author":6,"featured_media":0,"parent":2464,"menu_order":0,"comment_status":"closed","ping_status":"closed","template":"pages\/template-subject.php","meta":{"_acf_changed":false,"footnotes":""},"class_list":["post-5286","page","type-page","status-publish","hentry"],"acf":[],"_links":{"self":[{"href":"https:\/\/curriculum.nbed.ca\/fr\/wp-json\/wp\/v2\/pages\/5286","targetHints":{"allow":["GET"]}}],"collection":[{"href":"https:\/\/curriculum.nbed.ca\/fr\/wp-json\/wp\/v2\/pages"}],"about":[{"href":"https:\/\/curriculum.nbed.ca\/fr\/wp-json\/wp\/v2\/types\/page"}],"author":[{"embeddable":true,"href":"https:\/\/curriculum.nbed.ca\/fr\/wp-json\/wp\/v2\/users\/6"}],"replies":[{"embeddable":true,"href":"https:\/\/curriculum.nbed.ca\/fr\/wp-json\/wp\/v2\/comments?post=5286"}],"version-history":[{"count":13,"href":"https:\/\/curriculum.nbed.ca\/fr\/wp-json\/wp\/v2\/pages\/5286\/revisions"}],"predecessor-version":[{"id":9402,"href":"https:\/\/curriculum.nbed.ca\/fr\/wp-json\/wp\/v2\/pages\/5286\/revisions\/9402"}],"up":[{"embeddable":true,"href":"https:\/\/curriculum.nbed.ca\/fr\/wp-json\/wp\/v2\/pages\/2464"}],"wp:attachment":[{"href":"https:\/\/curriculum.nbed.ca\/fr\/wp-json\/wp\/v2\/media?parent=5286"}],"curies":[{"name":"wp","href":"https:\/\/api.w.org\/{rel}","templated":true}]}}