{"id":5282,"date":"2023-04-03T14:41:39","date_gmt":"2023-04-03T14:41:39","guid":{"rendered":"https:\/\/curriculum.nbed.ca\/?page_id=5282"},"modified":"2025-10-31T18:28:22","modified_gmt":"2025-10-31T18:28:22","slug":"litterature-canadienne-120","status":"publish","type":"page","link":"https:\/\/curriculum.nbed.ca\/fr\/domaines-dapprentissage\/secondaire\/langues-et-arts-de-la-langue\/litterature-canadienne-120\/","title":{"rendered":"Litt\u00e9rature canadienne\u00a0120"},"content":{"rendered":"<div class=\"g-container\">\n<p>Le cours Litt\u00e9rature canadienne&nbsp;120 propose une exploration immersive de l\u2019identit\u00e9 et de la diversit\u00e9 culturelles canadiennes \u00e0 travers le prisme de la litt\u00e9rature et de diverses formes artistiques. Les apprenants s\u2019int\u00e9resseront \u00e0 une grande diversit\u00e9 de textes litt\u00e9raires, d\u2019arts visuels, de styles de musique et de performances canadiens, en se plongeant dans leur contexte historique, culturel et sociopolitique. Gr\u00e2ce au d\u00e9veloppement de la capacit\u00e9 de raisonnement, de la conscience culturelle et de l\u2019expression cr\u00e9ative, les apprenants approfondiront leur compr\u00e9hension de la mosa\u00efque culturelle canadienne, de son riche patrimoine et de son importance dans la formation de l\u2019identit\u00e9 nationale.<\/p>\n<\/div>\n\n<div class=\"g-container\">\n<p>Ce cours est con\u00e7u pour fournir aux apprenants une compr\u00e9hension globale de la mosa\u00efque culturelle canadienne et de ses expressions dans la litt\u00e9rature et les formes d\u2019expression artistique. Le Canada est une nation c\u00e9l\u00e9br\u00e9e pour sa diversit\u00e9 et, dans le cadre de ce cours, les apprenants exploreront les innombrables voix et perspectives qui contribuent \u00e0 l\u2019identit\u00e9 canadienne. En examinant les \u0153uvres litt\u00e9raires, les arts visuels et la musique du Canada, les apprenants auront un aper\u00e7u des contextes historiques, culturels et sociaux qui fa\u00e7onnent ces expressions cr\u00e9atives.<\/p>\n<\/div>\n\n<div class=\"g-container\">\n<p>L\u2019\u00e9tude de la litt\u00e9rature canadienne permettra aux apprenants d\u2019am\u00e9liorer leur raisonnement analytique, en proc\u00e9dant \u00e0 une analyse critique d\u2019une vari\u00e9t\u00e9 de genres et de formes textuelles, en d\u00e9terminant des th\u00e8mes, des symboles et des techniques litt\u00e9raires, puis en interpr\u00e9tant leur signification dans un contexte culturel \u00e9largi. En examinant les contextes historiques et culturels des \u0153uvres litt\u00e9raires, les apprenants pourront mieux comprendre la diversit\u00e9 des exp\u00e9riences canadiennes et se feront une id\u00e9e de l\u2019\u00e9volution de l\u2019identit\u00e9 canadienne.<\/p>\n<\/div>\n\n<div class=\"g-container\">\n<p>L\u2019exploration des diff\u00e9rentes formes artistiques canadiennes, y compris les arts visuels, la musique et les performances, stimulera la cr\u00e9ativit\u00e9 des apprenants et les encouragera \u00e0 exprimer leurs propres interpr\u00e9tations et r\u00e9actions par rapport aux \u0153uvres. Ils d\u00e9couvriront les diff\u00e9rentes techniques artistiques employ\u00e9es dans ces formes et saisiront en quoi elles refl\u00e8tent et enrichissent l\u2019identit\u00e9 culturelle canadienne. En explorant diverses formes d\u2019expression artistique, les apprenants approfondiront \u00e9galement leur compr\u00e9hension de la diversit\u00e9 culturelle du Canada et reconna\u00eetront les apports des diff\u00e9rentes communaut\u00e9s culturelles \u00e0 son patrimoine artistique.<\/p>\n<\/div>\n\n<div class=\"g-container\">\n<p>Ce cours mettra \u00e9galement l\u2019accent sur le d\u00e9veloppement de comp\u00e9tences de communication efficaces, tant \u00e0 l\u2019oral qu\u2019\u00e0 l\u2019\u00e9crit, en encourageant les apprenants \u00e0 participer \u00e0 des discussions collaboratives, \u00e0 pr\u00e9senter leurs interpr\u00e9tations et \u00e0 exprimer leurs id\u00e9es \u00e0 travers des projets cr\u00e9atifs. La r\u00e9alisation de recherches et d\u2019enqu\u00eates permettra aux apprenants d\u2019approfondir leur compr\u00e9hension de la litt\u00e9rature et des diverses formes artistiques canadiennes, en analysant leur importance culturelle et historique et en \u00e9valuant d\u2019un point de vue critique leur pertinence dans les contextes contemporains.<\/p>\n<\/div>\n\n<div class=\"g-container\">\n<p>\u00c0 l\u2019issue du cours, les apprenants auront une compr\u00e9hension d\u00e9taill\u00e9e de la mosa\u00efque culturelle canadienne ainsi que du r\u00f4le de la litt\u00e9rature et des formes d\u2019expression artistique dans la construction et la repr\u00e9sentation de l\u2019identit\u00e9 canadienne. Ils auront d\u00e9velopp\u00e9 des capacit\u00e9s de raisonnement analytique, de sensibilisation \u00e0 la culture, de communication, d\u2019expression cr\u00e9ative, de recherche et d\u2019enqu\u00eate. Les connaissances et les comp\u00e9tences acquises dans ce cours offriront aux apprenants les outils n\u00e9cessaires pour explorer et appr\u00e9cier la diversit\u00e9 du patrimoine culturel du Canada, renfor\u00e7ant ainsi leur sentiment d\u2019appartenance et de lien avec le tissu culturel du pays.<\/p>\n<\/div>","protected":false},"excerpt":{"rendered":"<p>Le cours Litt\u00e9rature canadienne&nbsp;120 propose une exploration immersive de l\u2019identit\u00e9 et de la diversit\u00e9 culturelles canadiennes \u00e0 travers le prisme de la litt\u00e9rature et de diverses formes artistiques. Les apprenants s\u2019int\u00e9resseront \u00e0 une grande diversit\u00e9 de textes litt\u00e9raires, d\u2019arts visuels, de styles de musique et de performances canadiens, en se plongeant dans leur contexte historique, [&hellip;]<\/p>\n","protected":false},"author":6,"featured_media":0,"parent":2464,"menu_order":0,"comment_status":"closed","ping_status":"closed","template":"pages\/template-subject.php","meta":{"_acf_changed":false,"footnotes":""},"class_list":["post-5282","page","type-page","status-publish","hentry"],"acf":[],"_links":{"self":[{"href":"https:\/\/curriculum.nbed.ca\/fr\/wp-json\/wp\/v2\/pages\/5282","targetHints":{"allow":["GET"]}}],"collection":[{"href":"https:\/\/curriculum.nbed.ca\/fr\/wp-json\/wp\/v2\/pages"}],"about":[{"href":"https:\/\/curriculum.nbed.ca\/fr\/wp-json\/wp\/v2\/types\/page"}],"author":[{"embeddable":true,"href":"https:\/\/curriculum.nbed.ca\/fr\/wp-json\/wp\/v2\/users\/6"}],"replies":[{"embeddable":true,"href":"https:\/\/curriculum.nbed.ca\/fr\/wp-json\/wp\/v2\/comments?post=5282"}],"version-history":[{"count":6,"href":"https:\/\/curriculum.nbed.ca\/fr\/wp-json\/wp\/v2\/pages\/5282\/revisions"}],"predecessor-version":[{"id":11009,"href":"https:\/\/curriculum.nbed.ca\/fr\/wp-json\/wp\/v2\/pages\/5282\/revisions\/11009"}],"up":[{"embeddable":true,"href":"https:\/\/curriculum.nbed.ca\/fr\/wp-json\/wp\/v2\/pages\/2464"}],"wp:attachment":[{"href":"https:\/\/curriculum.nbed.ca\/fr\/wp-json\/wp\/v2\/media?parent=5282"}],"curies":[{"name":"wp","href":"https:\/\/api.w.org\/{rel}","templated":true}]}}