{"id":5278,"date":"2023-04-03T14:41:39","date_gmt":"2023-04-03T14:41:39","guid":{"rendered":"https:\/\/curriculum.nbed.ca\/?page_id=5278"},"modified":"2023-08-21T22:38:11","modified_gmt":"2023-08-21T22:38:11","slug":"anglais-langue-additionnelle-120-expressions-b1-2","status":"publish","type":"page","link":"https:\/\/curriculum.nbed.ca\/fr\/domaines-dapprentissage\/secondaire\/langues-et-arts-de-la-langue\/anglais-langue-additionnelle-120-expressions-b1-2\/","title":{"rendered":"Anglais langue additionnelle 120 Expressions B1.2"},"content":{"rendered":"<div class=\"g-container\">\n<p>Le dossier du programme d\u2019\u00e9tudes secondaires que vous recherchez est accessible ici :<\/p>\n<\/div>\n\n<div class=\"g-container\">\n<p><a href=\"https:\/\/www2.gnb.ca\/content\/dam\/gnb\/Departments\/ed\/pdf\/K12\/curric\/English-AdditionalLanguage\/English-AdditionalLanguage-110and120.pdf\" target=\"_blank\" rel=\"noreferrer noopener\">Voir English as an Additional Language 120 Expressions B1.2<\/a> (anglais seulement)<\/p>\n<\/div>\n\n<div class=\"g-container\">\n<p>Nous vous remercions de votre compr\u00e9hension et de votre patience alors que nous continuons d\u2019am\u00e9liorer et mettre \u00e0 jour le mat\u00e9riel p\u00e9dagogique du Nouveau- Brunswick.&nbsp;&nbsp;<\/p>\n<\/div>","protected":false},"excerpt":{"rendered":"<p>Le dossier du programme d\u2019\u00e9tudes secondaires que vous recherchez est accessible ici : Voir English as an Additional Language 120 Expressions B1.2 (anglais seulement) Nous vous remercions de votre compr\u00e9hension et de votre patience alors que nous continuons d\u2019am\u00e9liorer et mettre \u00e0 jour le mat\u00e9riel p\u00e9dagogique du Nouveau- Brunswick.&nbsp;&nbsp;<\/p>\n","protected":false},"author":6,"featured_media":0,"parent":2464,"menu_order":0,"comment_status":"closed","ping_status":"closed","template":"pages\/template-subject.php","meta":{"_acf_changed":false,"footnotes":""},"class_list":["post-5278","page","type-page","status-publish","hentry"],"acf":[],"_links":{"self":[{"href":"https:\/\/curriculum.nbed.ca\/fr\/wp-json\/wp\/v2\/pages\/5278","targetHints":{"allow":["GET"]}}],"collection":[{"href":"https:\/\/curriculum.nbed.ca\/fr\/wp-json\/wp\/v2\/pages"}],"about":[{"href":"https:\/\/curriculum.nbed.ca\/fr\/wp-json\/wp\/v2\/types\/page"}],"author":[{"embeddable":true,"href":"https:\/\/curriculum.nbed.ca\/fr\/wp-json\/wp\/v2\/users\/6"}],"replies":[{"embeddable":true,"href":"https:\/\/curriculum.nbed.ca\/fr\/wp-json\/wp\/v2\/comments?post=5278"}],"version-history":[{"count":3,"href":"https:\/\/curriculum.nbed.ca\/fr\/wp-json\/wp\/v2\/pages\/5278\/revisions"}],"predecessor-version":[{"id":5281,"href":"https:\/\/curriculum.nbed.ca\/fr\/wp-json\/wp\/v2\/pages\/5278\/revisions\/5281"}],"up":[{"embeddable":true,"href":"https:\/\/curriculum.nbed.ca\/fr\/wp-json\/wp\/v2\/pages\/2464"}],"wp:attachment":[{"href":"https:\/\/curriculum.nbed.ca\/fr\/wp-json\/wp\/v2\/media?parent=5278"}],"curies":[{"name":"wp","href":"https:\/\/api.w.org\/{rel}","templated":true}]}}