{"id":5221,"date":"2023-04-03T14:48:31","date_gmt":"2023-04-03T14:48:31","guid":{"rendered":"https:\/\/curriculum.nbed.ca\/?page_id=5221"},"modified":"2026-01-13T19:50:11","modified_gmt":"2026-01-13T19:50:11","slug":"french-immersion-language-arts-g6e","status":"publish","type":"page","link":"https:\/\/curriculum.nbed.ca\/fr\/domaines-dapprentissage\/intermediaire\/francais-langue-seconde\/french-immersion-language-arts-g6e\/","title":{"rendered":"Arts du langage en immersion fran\u00e7aise (point d&rsquo;entr\u00e9e en 6e ann\u00e9e)"},"content":{"rendered":"<div class=\"g-container\">\n<p>Le cours <em>Arts du langage en immersion fran\u00e7aise<\/em> <em>(point d&rsquo;entr\u00e9e en 6e ann\u00e9e)<\/em> engage les personnes apprenantes qui commencent le programme d&rsquo;immersion fran\u00e7aise en 6<sup>e<\/sup> ann\u00e9e.<\/p>\n<\/div>\n\n<div class=\"g-container\">\n<p>Les personnes apprenantes sont encourag\u00e9es \u00e0 transf\u00e9rer leurs comp\u00e9tences linguistiques et \u00e0 d\u00e9velopper leurs comp\u00e9tences en langue seconde ou additionnelle gr\u00e2ce \u00e0 des exp\u00e9riences d&rsquo;apprentissage authentiques. Ainsi, elles maximisent leur exposition \u00e0 leurs int\u00e9r\u00eats et \u00e0 la culture francophone gr\u00e2ce \u00e0 un enseignement explicite, structur\u00e9 et mod\u00e9lis\u00e9.<\/p>\n<\/div>\n\n<div class=\"g-container\">\n<p>Ces programmes sont align\u00e9s avec le Cadre europ\u00e9en commun de r\u00e9f\u00e9rence pour les langues (CECRL), qui est un syst\u00e8me utilis\u00e9 pour d\u00e9crire et mesurer les comp\u00e9tences linguistiques des apprenants de langues. En 6<sup>e<\/sup> ann\u00e9e, les personnes apprenantes commencent \u00e0 un niveau de base (A1.2) et progressent vers un niveau pr\u00e9-interm\u00e9diaire (A2.2) \u00e0 la fin de la 8e ann\u00e9e.<\/p>\n<\/div>\n\n<div class=\"g-container\">\n<ul class=\"wp-block-list\">\n<li><a href=\"https:\/\/curriculum.nbed.ca\/fr\/domaines-dapprentissage\/intermediaire\/francais-langue-seconde\/art-du-langage-en-immersion-francaise\/\">Art du langage en immersion fran\u00e7aise (point d&rsquo;entr\u00e9e en 1e ann\u00e9e)<\/a><\/li>\n<\/ul>\n<\/div>\n\n<div class=\"g-container\">\n<div style=\"height:34px\" aria-hidden=\"true\" class=\"wp-block-spacer\"><\/div>\n<\/div>","protected":false},"excerpt":{"rendered":"<p>Le cours Arts du langage en immersion fran\u00e7aise (point d&rsquo;entr\u00e9e en 6e ann\u00e9e) engage les personnes apprenantes qui commencent le programme d&rsquo;immersion fran\u00e7aise en 6e ann\u00e9e. Les personnes apprenantes sont encourag\u00e9es \u00e0 transf\u00e9rer leurs comp\u00e9tences linguistiques et \u00e0 d\u00e9velopper leurs comp\u00e9tences en langue seconde ou additionnelle gr\u00e2ce \u00e0 des exp\u00e9riences d&rsquo;apprentissage authentiques. Ainsi, elles maximisent [&hellip;]<\/p>\n","protected":false},"author":8,"featured_media":0,"parent":8781,"menu_order":0,"comment_status":"open","ping_status":"closed","template":"pages\/template-subject.php","meta":{"_acf_changed":false,"footnotes":""},"class_list":["post-5221","page","type-page","status-publish","hentry"],"acf":[],"_links":{"self":[{"href":"https:\/\/curriculum.nbed.ca\/fr\/wp-json\/wp\/v2\/pages\/5221","targetHints":{"allow":["GET"]}}],"collection":[{"href":"https:\/\/curriculum.nbed.ca\/fr\/wp-json\/wp\/v2\/pages"}],"about":[{"href":"https:\/\/curriculum.nbed.ca\/fr\/wp-json\/wp\/v2\/types\/page"}],"author":[{"embeddable":true,"href":"https:\/\/curriculum.nbed.ca\/fr\/wp-json\/wp\/v2\/users\/8"}],"replies":[{"embeddable":true,"href":"https:\/\/curriculum.nbed.ca\/fr\/wp-json\/wp\/v2\/comments?post=5221"}],"version-history":[{"count":42,"href":"https:\/\/curriculum.nbed.ca\/fr\/wp-json\/wp\/v2\/pages\/5221\/revisions"}],"predecessor-version":[{"id":11358,"href":"https:\/\/curriculum.nbed.ca\/fr\/wp-json\/wp\/v2\/pages\/5221\/revisions\/11358"}],"up":[{"embeddable":true,"href":"https:\/\/curriculum.nbed.ca\/fr\/wp-json\/wp\/v2\/pages\/8781"}],"wp:attachment":[{"href":"https:\/\/curriculum.nbed.ca\/fr\/wp-json\/wp\/v2\/media?parent=5221"}],"curies":[{"name":"wp","href":"https:\/\/api.w.org\/{rel}","templated":true}]}}