{"id":5204,"date":"2023-04-03T14:41:39","date_gmt":"2023-04-03T14:41:39","guid":{"rendered":"https:\/\/curriculum.nbed.ca\/?page_id=5204"},"modified":"2023-08-27T14:47:39","modified_gmt":"2023-08-27T14:47:39","slug":"redaction-110","status":"publish","type":"page","link":"https:\/\/curriculum.nbed.ca\/fr\/domaines-dapprentissage\/secondaire\/langues-et-arts-de-la-langue\/redaction-110\/","title":{"rendered":"R\u00e9daction\u00a0110"},"content":{"rendered":"<div class=\"g-container\">\n<p>Dans le cours\u00a0<strong>R\u00e9daction\u00a0110<\/strong>, les apprenants auront de nombreuses occasions d\u2019\u00e9crire dans un \u00e9ventail de modes avec des intentions pertinentes et vari\u00e9es pour un vrai lectorat et pour eux-m\u00eames. Le processus de r\u00e9daction comporte des \u00e9tapes identifiables\u00a0: la pr\u00e9paration de la r\u00e9daction, la r\u00e9daction de l\u2019\u00e9bauche, la r\u00e9vision, l\u2019\u00e9dition et la publication. L\u2019\u00e9volution de chaque apprenant d\u2019une \u00e9tape \u00e0 une autre variera.<\/p>\n<\/div>\n\n<div class=\"g-container\">\n<p>Pendant le cours<strong>\u00a0R\u00e9daction\u00a0110<\/strong>, les apprenants auront des occasions de faire progresser des textes en fonction de leurs int\u00e9r\u00eats personnels et de l\u2019identit\u00e9 d\u2019auteur dans l\u2019ensemble des \u00e9tapes du processus, mais cela n\u2019est pas toujours n\u00e9cessaire en fonction de l\u2019intention. L\u2019\u00e9valuation de la r\u00e9daction ne concerne pas que le produit, le cheminement est tout aussi important. Le processus tout comme le produit doivent \u00eatre valoris\u00e9s.<\/p>\n<\/div>\n\n<div class=\"g-container\">\n<p>En cr\u00e9ant leurs \u0153uvres, les apprenants auront des occasions structur\u00e9es de solliciter une r\u00e9troaction et de l\u2019aide dans le cadre de conf\u00e9rences avec leurs pairs et leur enseignant. Les discussions cibl\u00e9es lors des conf\u00e9rences sont l\u2019une des parties les plus importantes du processus de r\u00e9daction; elles visent \u00e0 aider les apprenants \u00e0 ajuster, \u00e0 pr\u00e9ciser et \u00e0 approfondir leur r\u00e9flexion sur des aspects pr\u00e9cis de la r\u00e9daction. Le concept de l\u2019enseignant en tant que mentor en r\u00e9daction de chaque apprenant est essentiel alors que les apprenants s\u2019efforcent atteindre des buts individuels pr\u00e9cis.<\/p>\n<\/div>","protected":false},"excerpt":{"rendered":"<p>Dans le cours\u00a0R\u00e9daction\u00a0110, les apprenants auront de nombreuses occasions d\u2019\u00e9crire dans un \u00e9ventail de modes avec des intentions pertinentes et vari\u00e9es pour un vrai lectorat et pour eux-m\u00eames. Le processus de r\u00e9daction comporte des \u00e9tapes identifiables\u00a0: la pr\u00e9paration de la r\u00e9daction, la r\u00e9daction de l\u2019\u00e9bauche, la r\u00e9vision, l\u2019\u00e9dition et la publication. L\u2019\u00e9volution de chaque apprenant [&hellip;]<\/p>\n","protected":false},"author":6,"featured_media":0,"parent":2464,"menu_order":0,"comment_status":"closed","ping_status":"closed","template":"pages\/template-subject.php","meta":{"_acf_changed":false,"footnotes":""},"class_list":["post-5204","page","type-page","status-publish","hentry"],"acf":[],"_links":{"self":[{"href":"https:\/\/curriculum.nbed.ca\/fr\/wp-json\/wp\/v2\/pages\/5204","targetHints":{"allow":["GET"]}}],"collection":[{"href":"https:\/\/curriculum.nbed.ca\/fr\/wp-json\/wp\/v2\/pages"}],"about":[{"href":"https:\/\/curriculum.nbed.ca\/fr\/wp-json\/wp\/v2\/types\/page"}],"author":[{"embeddable":true,"href":"https:\/\/curriculum.nbed.ca\/fr\/wp-json\/wp\/v2\/users\/6"}],"replies":[{"embeddable":true,"href":"https:\/\/curriculum.nbed.ca\/fr\/wp-json\/wp\/v2\/comments?post=5204"}],"version-history":[{"count":6,"href":"https:\/\/curriculum.nbed.ca\/fr\/wp-json\/wp\/v2\/pages\/5204\/revisions"}],"predecessor-version":[{"id":6145,"href":"https:\/\/curriculum.nbed.ca\/fr\/wp-json\/wp\/v2\/pages\/5204\/revisions\/6145"}],"up":[{"embeddable":true,"href":"https:\/\/curriculum.nbed.ca\/fr\/wp-json\/wp\/v2\/pages\/2464"}],"wp:attachment":[{"href":"https:\/\/curriculum.nbed.ca\/fr\/wp-json\/wp\/v2\/media?parent=5204"}],"curies":[{"name":"wp","href":"https:\/\/api.w.org\/{rel}","templated":true}]}}