{"id":4808,"date":"2023-04-03T14:57:14","date_gmt":"2023-04-03T14:57:14","guid":{"rendered":"https:\/\/curriculum.nbed.ca\/?page_id=4808"},"modified":"2023-08-31T03:08:04","modified_gmt":"2023-08-31T03:08:04","slug":"musique-9","status":"publish","type":"page","link":"https:\/\/curriculum.nbed.ca\/fr\/domaines-dapprentissage\/secondaire\/arts-creatifs\/musique-9\/","title":{"rendered":"Musique 9"},"content":{"rendered":"<div class=\"g-container\">\n<p>En 9<sup>e<\/sup>&nbsp;ann\u00e9e, les apprenants consolident leurs concepts et leurs comp\u00e9tences afin d\u2019\u00eatre pr\u00eats \u00e0 poursuivre leur apprentissage des arts. Les apprenants continuent de relier l\u2019apprentissage de la musique et des arts visuels \u00e0 des exp\u00e9riences personnelles; ils explorent le r\u00f4le des arts dans la soci\u00e9t\u00e9 et leur pouvoir de la changer; ils utilisent la musique et les arts visuels pour communiquer, cr\u00e9er et composer avec intention; ils renforcent des comp\u00e9tences dans certains domaines tout en acqu\u00e9rant de nouvelles aptitudes dans d\u2019autres; ils utilisent des comp\u00e9tences transf\u00e9rables pour cr\u00e9er, tisser des liens et communiquer; ils font preuve d\u2019une confiance accrue en tant qu\u2019artistes et cr\u00e9ateurs; et ils respectent les opinions et les go\u00fbts vari\u00e9s.<\/p>\n<\/div>","protected":false},"excerpt":{"rendered":"<p>En 9e&nbsp;ann\u00e9e, les apprenants consolident leurs concepts et leurs comp\u00e9tences afin d\u2019\u00eatre pr\u00eats \u00e0 poursuivre leur apprentissage des arts. Les apprenants continuent de relier l\u2019apprentissage de la musique et des arts visuels \u00e0 des exp\u00e9riences personnelles; ils explorent le r\u00f4le des arts dans la soci\u00e9t\u00e9 et leur pouvoir de la changer; ils utilisent la musique [&hellip;]<\/p>\n","protected":false},"author":8,"featured_media":0,"parent":2517,"menu_order":0,"comment_status":"closed","ping_status":"closed","template":"pages\/template-subject.php","meta":{"_acf_changed":false,"footnotes":""},"class_list":["post-4808","page","type-page","status-publish","hentry"],"acf":[],"_links":{"self":[{"href":"https:\/\/curriculum.nbed.ca\/fr\/wp-json\/wp\/v2\/pages\/4808","targetHints":{"allow":["GET"]}}],"collection":[{"href":"https:\/\/curriculum.nbed.ca\/fr\/wp-json\/wp\/v2\/pages"}],"about":[{"href":"https:\/\/curriculum.nbed.ca\/fr\/wp-json\/wp\/v2\/types\/page"}],"author":[{"embeddable":true,"href":"https:\/\/curriculum.nbed.ca\/fr\/wp-json\/wp\/v2\/users\/8"}],"replies":[{"embeddable":true,"href":"https:\/\/curriculum.nbed.ca\/fr\/wp-json\/wp\/v2\/comments?post=4808"}],"version-history":[{"count":7,"href":"https:\/\/curriculum.nbed.ca\/fr\/wp-json\/wp\/v2\/pages\/4808\/revisions"}],"predecessor-version":[{"id":6531,"href":"https:\/\/curriculum.nbed.ca\/fr\/wp-json\/wp\/v2\/pages\/4808\/revisions\/6531"}],"up":[{"embeddable":true,"href":"https:\/\/curriculum.nbed.ca\/fr\/wp-json\/wp\/v2\/pages\/2517"}],"wp:attachment":[{"href":"https:\/\/curriculum.nbed.ca\/fr\/wp-json\/wp\/v2\/media?parent=4808"}],"curies":[{"name":"wp","href":"https:\/\/api.w.org\/{rel}","templated":true}]}}