{"id":4698,"date":"2023-04-03T13:52:19","date_gmt":"2023-04-03T13:52:19","guid":{"rendered":"https:\/\/curriculum.nbed.ca\/?page_id=4698"},"modified":"2025-08-28T13:08:03","modified_gmt":"2025-08-28T13:08:03","slug":"mathematiques","status":"publish","type":"page","link":"https:\/\/curriculum.nbed.ca\/fr\/domaines-dapprentissage\/primaire\/mathematiques\/","title":{"rendered":"Math\u00e9matiques"},"content":{"rendered":"<div class=\"g-container\">\n<p>Les premi\u00e8res exp\u00e9riences en num\u00e9ratie sont con\u00e7ues pour nourrir la curiosit\u00e9, renforcer la confiance et aider \u00e0 d\u00e9velopper une attitude positive envers les math\u00e9matiques. Au primaire, l&rsquo;accent est mis sur l&rsquo;acquisition d&rsquo;une compr\u00e9hension approfondie et coh\u00e9rente des concepts math\u00e9matiques tels que le comptage, la comparaison de quantit\u00e9s, la reconnaissance de r\u00e9gularit\u00e9s et l&rsquo;\u00e9tude des relations entre les nombres. Les concepts abstraits deviennent visibles lorsque les personnes apprenantes participent \u00e0 des activit\u00e9s pratiques et ont acc\u00e8s \u00e0 une vari\u00e9t\u00e9 de mat\u00e9riel concret. En posant des questions, en faisant des pr\u00e9dictions et en expliquant leur raisonnement, les personnes apprenantes renforcent leurs capacit\u00e9s de raisonnement et de r\u00e9solution de probl\u00e8mes. Discuter avec leurs pairs et utiliser un langage math\u00e9matique pr\u00e9cis les aide \u00e9galement \u00e0 donner un sens \u00e0 leurs id\u00e9es et \u00e0 approfondir leur compr\u00e9hension. Collectivement, ces exp\u00e9riences garantissent que les math\u00e9matiques sont per\u00e7ues comme significatives, coh\u00e9rentes et pertinentes dans la vie quotidienne.<\/p>\n<\/div>\n\n<div class=\"g-container\">\n<p>Le document mis \u00e0 jour sur le programme holistique de math\u00e9matiques du Nouveau-Brunswick est disponible ici :<\/p>\n<\/div>\n\n<div class=\"g-container\">\n<div style=\"height:22px\" aria-hidden=\"true\" class=\"wp-block-spacer\"><\/div>\n<\/div>\n\n<div class=\"g-container\">\n<div class=\"wp-block-columns is-layout-flex wp-container-core-columns-is-layout-9d6595d7 wp-block-columns-is-layout-flex\">\n<div class=\"wp-block-column is-layout-flow wp-block-column-is-layout-flow\" style=\"flex-basis:66.66%\"><div class=\"g-container\">\n<div class=\"wp-block-buttons is-content-justification-center is-layout-flex wp-container-core-buttons-is-layout-8057eaf3 wp-block-buttons-is-layout-flex\">\n<div class=\"wp-block-button has-custom-width wp-block-button__width-75\"><a class=\"wp-block-button__link has-cyan-bluish-gray-background-color has-background has-custom-font-size wp-element-button\" href=\"https:\/\/nbed.sharepoint.com\/:b:\/r\/sites\/InDevelopment\/Mathematics\/Curriculum%20Drafts\/FI1-2Maths%20Curr%2020250818%20V0.2%20FinalDraft%20ForRelease%202028._FR.pdf?csf=1&amp;web=1&amp;e=T6Knkx\" style=\"font-size:14px\" target=\"_blank\" rel=\"noreferrer noopener\"><strong>Programme de math\u00e9matiques <\/strong>: <strong>primaire [NBED]<\/strong><\/a><\/div>\n<\/div>\n<\/div><\/div>\n\n\n\n<div class=\"wp-block-column is-layout-flow wp-block-column-is-layout-flow\" style=\"flex-basis:33.33%\"><div class=\"g-container\">\n<ul class=\"wp-block-list\">\n<li><a href=\"https:\/\/nbed.sharepoint.com\/sites\/mip\" data-type=\"link\" data-id=\"https:\/\/forms.office.com\/pages\/responsepage.aspx?id=318rTdLEEUmHCWjML0Zcn6f85OTY9M9MlYlUlKNqLslUOU5RRlI5T0tWNUtTSUVLQ0JHUUpMV1RGNC4u&amp;route=shorturl\" target=\"_blank\" rel=\"noreferrer noopener\">Ressources M \u00e0 8<\/a> [NBED]<\/li>\n<\/ul>\n<\/div><\/div>\n<\/div>\n<\/div>\n\n<div class=\"g-container\">\n<div style=\"height:39px\" aria-hidden=\"true\" class=\"wp-block-spacer\"><\/div>\n<\/div>","protected":false},"excerpt":{"rendered":"<p>Les premi\u00e8res exp\u00e9riences en num\u00e9ratie sont con\u00e7ues pour nourrir la curiosit\u00e9, renforcer la confiance et aider \u00e0 d\u00e9velopper une attitude positive envers les math\u00e9matiques. Au primaire, l&rsquo;accent est mis sur l&rsquo;acquisition d&rsquo;une compr\u00e9hension approfondie et coh\u00e9rente des concepts math\u00e9matiques tels que le comptage, la comparaison de quantit\u00e9s, la reconnaissance de r\u00e9gularit\u00e9s et l&rsquo;\u00e9tude des relations [&hellip;]<\/p>\n","protected":false},"author":8,"featured_media":0,"parent":1737,"menu_order":0,"comment_status":"closed","ping_status":"closed","template":"pages\/template-subject.php","meta":{"_acf_changed":false,"footnotes":""},"class_list":["post-4698","page","type-page","status-publish","hentry"],"acf":[],"_links":{"self":[{"href":"https:\/\/curriculum.nbed.ca\/fr\/wp-json\/wp\/v2\/pages\/4698","targetHints":{"allow":["GET"]}}],"collection":[{"href":"https:\/\/curriculum.nbed.ca\/fr\/wp-json\/wp\/v2\/pages"}],"about":[{"href":"https:\/\/curriculum.nbed.ca\/fr\/wp-json\/wp\/v2\/types\/page"}],"author":[{"embeddable":true,"href":"https:\/\/curriculum.nbed.ca\/fr\/wp-json\/wp\/v2\/users\/8"}],"replies":[{"embeddable":true,"href":"https:\/\/curriculum.nbed.ca\/fr\/wp-json\/wp\/v2\/comments?post=4698"}],"version-history":[{"count":18,"href":"https:\/\/curriculum.nbed.ca\/fr\/wp-json\/wp\/v2\/pages\/4698\/revisions"}],"predecessor-version":[{"id":10766,"href":"https:\/\/curriculum.nbed.ca\/fr\/wp-json\/wp\/v2\/pages\/4698\/revisions\/10766"}],"up":[{"embeddable":true,"href":"https:\/\/curriculum.nbed.ca\/fr\/wp-json\/wp\/v2\/pages\/1737"}],"wp:attachment":[{"href":"https:\/\/curriculum.nbed.ca\/fr\/wp-json\/wp\/v2\/media?parent=4698"}],"curies":[{"name":"wp","href":"https:\/\/api.w.org\/{rel}","templated":true}]}}