{"id":4444,"date":"2023-05-17T18:50:51","date_gmt":"2023-05-17T18:50:51","guid":{"rendered":"https:\/\/curriculum.nbed.ca\/?page_id=4444"},"modified":"2025-06-18T19:00:39","modified_gmt":"2025-06-18T19:00:39","slug":"les-metiers-specialises","status":"publish","type":"page","link":"https:\/\/curriculum.nbed.ca\/fr\/domaines-dapprentissage\/secondaire\/apprentissage-lie-a-la-carriere\/les-metiers-specialises\/","title":{"rendered":"Sous-groupe &#8211; Les m\u00e9tiers sp\u00e9cialis\u00e9s"},"content":{"rendered":"<div class=\"g-container\">\n<p><strong>Les cours sur les m\u00e9tiers sp\u00e9cialis\u00e9s<\/strong> pr\u00e9parent les apprenants \u00e0 devenir autonomes; \u00e0 comprendre les principes appliqu\u00e9s des math\u00e9matiques et des sciences; \u00e0 d\u00e9velopper leur cr\u00e9ativit\u00e9; \u00e0 trouver leurs points forts et \u00e0 acqu\u00e9rir des comp\u00e9tences qui peuvent mener \u00e0 une carri\u00e8re dans les m\u00e9tiers. Les composantes d\u2019un cours sur les m\u00e9tiers sp\u00e9cialis\u00e9s comprennent le d\u00e9veloppement de pratiques de soins autoadministr\u00e9s, la lecture de dessins et de plans, la manipulation de formes et de mod\u00e8les, l\u2019acquisition de comp\u00e9tences sp\u00e9cifiques au m\u00e9tier, la construction d\u2019un produit pour r\u00e9pondre \u00e0 un besoin ou r\u00e9soudre un probl\u00e8me, et l\u2019exploration de carri\u00e8res.<\/p>\n<\/div>\n\n<div class=\"g-container\">\n<p class=\"has-white-color has-text-color has-background has-link-color wp-elements-fbde66af71bc0acbcd122401cda88a11\" style=\"background:linear-gradient(135deg,rgb(1,105,96) 0%,rgb(255,255,255) 100%)\"><strong>Pour les \u00e9ducateurs.trices :<\/strong><\/p>\n<\/div>\n\n<div class=\"g-container\">\n<div class=\"wp-block-columns is-layout-flex wp-container-core-columns-is-layout-9d6595d7 wp-block-columns-is-layout-flex\">\n<div class=\"wp-block-column is-layout-flow wp-block-column-is-layout-flow\"><div class=\"g-container\">\n<ul class=\"wp-block-list\">\n<li>Ressources : <a href=\"https:\/\/www.stepupyoursafety.com\/nbteach\/\" target=\"_blank\" rel=\"noreferrer noopener\">La s\u00e9curit\u00e9 un pas \u00e0 la fois<\/a><\/li>\n<\/ul>\n<\/div><\/div>\n\n\n\n<div class=\"wp-block-column is-layout-flow wp-block-column-is-layout-flow\"><\/div>\n<\/div>\n<\/div>\n\n<div class=\"g-container\">\n<h2 class=\"wp-block-heading has-medium-font-size\">Options de cours<\/h2>\n<\/div>\n\n<div class=\"g-container\">\n<p><strong>M\u00e9tiers qualifi\u00e9s 4 heures-cr\u00e9dits minimum: <\/strong>Syst\u00e8mes \u00e9lectriques automobiles 120*; Technologie culinaire 110\/120 (IF\/FLS); C\u00e2blage \u00e9lectrique 110\/120; Charpente et rev\u00eatement 110; Moteurs \u00e0 combustion interne 110; Introduction aux m\u00e9tiers sp\u00e9cialis\u00e9s 110; Fabrication de m\u00e9taux\/soudage 110 (IF\/FLS) \/120; Transformation des m\u00e9taux 110\/120 (IF\/FLS); Menuiserie et \u00e9b\u00e9nisterie 120; Groupe motopropulseur et ch\u00e2ssis 110; Finition r\u00e9sidentielle 120, Mise au point et \u00e9missions 120<\/p>\n<\/div>\n\n<div class=\"g-container\">\n<p><em>*Les cours marqu\u00e9s d&rsquo;un ast\u00e9risque ne peuvent \u00eatre utilis\u00e9s pour satisfaire aux exigences que d&rsquo;un seul groupe de cours.<\/em><\/p>\n<\/div>","protected":false},"excerpt":{"rendered":"<p>Les cours sur les m\u00e9tiers sp\u00e9cialis\u00e9s pr\u00e9parent les apprenants \u00e0 devenir autonomes; \u00e0 comprendre les principes appliqu\u00e9s des math\u00e9matiques et des sciences; \u00e0 d\u00e9velopper leur cr\u00e9ativit\u00e9; \u00e0 trouver leurs points forts et \u00e0 acqu\u00e9rir des comp\u00e9tences qui peuvent mener \u00e0 une carri\u00e8re dans les m\u00e9tiers. Les composantes d\u2019un cours sur les m\u00e9tiers sp\u00e9cialis\u00e9s comprennent le [&hellip;]<\/p>\n","protected":false},"author":8,"featured_media":0,"parent":1852,"menu_order":0,"comment_status":"closed","ping_status":"closed","template":"pages\/template-subject.php","meta":{"_acf_changed":false,"footnotes":""},"class_list":["post-4444","page","type-page","status-publish","hentry"],"acf":[],"_links":{"self":[{"href":"https:\/\/curriculum.nbed.ca\/fr\/wp-json\/wp\/v2\/pages\/4444","targetHints":{"allow":["GET"]}}],"collection":[{"href":"https:\/\/curriculum.nbed.ca\/fr\/wp-json\/wp\/v2\/pages"}],"about":[{"href":"https:\/\/curriculum.nbed.ca\/fr\/wp-json\/wp\/v2\/types\/page"}],"author":[{"embeddable":true,"href":"https:\/\/curriculum.nbed.ca\/fr\/wp-json\/wp\/v2\/users\/8"}],"replies":[{"embeddable":true,"href":"https:\/\/curriculum.nbed.ca\/fr\/wp-json\/wp\/v2\/comments?post=4444"}],"version-history":[{"count":8,"href":"https:\/\/curriculum.nbed.ca\/fr\/wp-json\/wp\/v2\/pages\/4444\/revisions"}],"predecessor-version":[{"id":10118,"href":"https:\/\/curriculum.nbed.ca\/fr\/wp-json\/wp\/v2\/pages\/4444\/revisions\/10118"}],"up":[{"embeddable":true,"href":"https:\/\/curriculum.nbed.ca\/fr\/wp-json\/wp\/v2\/pages\/1852"}],"wp:attachment":[{"href":"https:\/\/curriculum.nbed.ca\/fr\/wp-json\/wp\/v2\/media?parent=4444"}],"curies":[{"name":"wp","href":"https:\/\/api.w.org\/{rel}","templated":true}]}}