{"id":4411,"date":"2023-05-17T18:48:34","date_gmt":"2023-05-17T18:48:34","guid":{"rendered":"https:\/\/curriculum.nbed.ca\/?page_id=4411"},"modified":"2024-01-18T18:20:42","modified_gmt":"2024-01-18T18:20:42","slug":"technologies-numeriques-et-de-l-information","status":"publish","type":"page","link":"https:\/\/curriculum.nbed.ca\/fr\/domaines-dapprentissage\/secondaire\/apprentissage-lie-a-la-carriere\/technologies-numeriques-et-de-l-information\/","title":{"rendered":"Sous-groupe &#8211; Technologies num\u00e9riques et de l&rsquo;information"},"content":{"rendered":"<div class=\"g-container\">\n<p><strong>Les cours de Technologies num\u00e9riques et de l&rsquo;information<\/strong> sont con\u00e7us pour permettre aux \u00e9l\u00e8ves de se familiariser avec un ensemble vari\u00e9 de technologies num\u00e9riques utilis\u00e9es pour cr\u00e9er, stocker, partager ou \u00e9changer des informations. Les technologies comprennent \u00e0 la fois le mat\u00e9riel (dispositifs physiques) et les logiciels (instructions pour les dispositifs). Les technologies les plus famili\u00e8res sont les ordinateurs, les langages informatiques, l\u2019Internet et les communications num\u00e9riques, la cybers\u00e9curit\u00e9 et les logiciels (applications) associ\u00e9s \u00e0 ces appareils.<\/p>\n<\/div>\n\n<div class=\"g-container\">\n<h2 class=\"wp-block-heading has-medium-font-size\">Options de cours<\/h2>\n<\/div>\n\n<div class=\"g-container\">\n<p><strong>Technologies num\u00e9riques et de l&rsquo;information \u2013 4 heures-cr\u00e9dits minimum : <\/strong>Conception assist\u00e9e par ordinateur 110; Sciences informatiques 110\/120, Cybers\u00e9curit\u00e9 et assistance technique 110; Cybers\u00e9curit\u00e9 120, Production num\u00e9rique 120* (IF\/FLS); Informatique 120; Robotique et technologie automatis\u00e9e 120<\/p>\n<\/div>\n\n<div class=\"g-container\">\n<p><em>*Les cours marqu\u00e9s d&rsquo;un ast\u00e9risque ne peuvent \u00eatre utilis\u00e9s pour satisfaire aux exigences que d&rsquo;un seul groupe de cours.<\/em><\/p>\n<\/div>","protected":false},"excerpt":{"rendered":"<p>Les cours de Technologies num\u00e9riques et de l&rsquo;information sont con\u00e7us pour permettre aux \u00e9l\u00e8ves de se familiariser avec un ensemble vari\u00e9 de technologies num\u00e9riques utilis\u00e9es pour cr\u00e9er, stocker, partager ou \u00e9changer des informations. Les technologies comprennent \u00e0 la fois le mat\u00e9riel (dispositifs physiques) et les logiciels (instructions pour les dispositifs). Les technologies les plus famili\u00e8res [&hellip;]<\/p>\n","protected":false},"author":8,"featured_media":0,"parent":1852,"menu_order":0,"comment_status":"closed","ping_status":"closed","template":"pages\/template-subject.php","meta":{"_acf_changed":false,"footnotes":""},"class_list":["post-4411","page","type-page","status-publish","hentry"],"acf":[],"_links":{"self":[{"href":"https:\/\/curriculum.nbed.ca\/fr\/wp-json\/wp\/v2\/pages\/4411","targetHints":{"allow":["GET"]}}],"collection":[{"href":"https:\/\/curriculum.nbed.ca\/fr\/wp-json\/wp\/v2\/pages"}],"about":[{"href":"https:\/\/curriculum.nbed.ca\/fr\/wp-json\/wp\/v2\/types\/page"}],"author":[{"embeddable":true,"href":"https:\/\/curriculum.nbed.ca\/fr\/wp-json\/wp\/v2\/users\/8"}],"replies":[{"embeddable":true,"href":"https:\/\/curriculum.nbed.ca\/fr\/wp-json\/wp\/v2\/comments?post=4411"}],"version-history":[{"count":7,"href":"https:\/\/curriculum.nbed.ca\/fr\/wp-json\/wp\/v2\/pages\/4411\/revisions"}],"predecessor-version":[{"id":7955,"href":"https:\/\/curriculum.nbed.ca\/fr\/wp-json\/wp\/v2\/pages\/4411\/revisions\/7955"}],"up":[{"embeddable":true,"href":"https:\/\/curriculum.nbed.ca\/fr\/wp-json\/wp\/v2\/pages\/1852"}],"wp:attachment":[{"href":"https:\/\/curriculum.nbed.ca\/fr\/wp-json\/wp\/v2\/media?parent=4411"}],"curies":[{"name":"wp","href":"https:\/\/api.w.org\/{rel}","templated":true}]}}