{"id":4404,"date":"2023-04-03T14:57:50","date_gmt":"2023-04-03T14:57:50","guid":{"rendered":"https:\/\/curriculum.nbed.ca\/?page_id=4404"},"modified":"2023-08-27T03:25:12","modified_gmt":"2023-08-27T03:25:12","slug":"entrepreneuriat-110","status":"publish","type":"page","link":"https:\/\/curriculum.nbed.ca\/fr\/domaines-dapprentissage\/secondaire\/apprentissage-lie-a-la-carriere\/lapprentissage-professionnel-et-lie-a-la-carriere\/entrepreneuriat-110\/","title":{"rendered":"Entrepreneuriat\u00a011"},"content":{"rendered":"<div class=\"g-container\">\n<p>La vision de ce cours est de permettre aux apprenants d\u2019explorer le domaine de l\u2019entrepreneuriat en mettant l\u2019accent sur les gens, le processus, les r\u00e9percussions et les actions d\u2019entrepreneurs. Le cours am\u00e9liorera la capacit\u00e9 des apprenants \u00e0 acc\u00e9der \u00e0 des occasions et \u00e0 reconna\u00eetre l\u2019esprit entrepreneurial et les efforts n\u00e9cessaires pour exploiter une entreprise gr\u00e2ce \u00e0 l\u2019acquisition de comp\u00e9tences en pens\u00e9e critique et en r\u00e9solution de probl\u00e8mes. Ce cours est con\u00e7u pour exiger un niveau \u00e9lev\u00e9 de participation et d\u2019exploration de la part des apprenants. Les concepts pr\u00e9sent\u00e9s dans ce programme d\u2019\u00e9tudes pr\u00e9pareront les \u00e9l\u00e8ves \u00e0 appliquer leurs connaissances dans des situations r\u00e9elles et impr\u00e9visibles. Les connaissances et les comp\u00e9tences acquises dans ce cours sont transf\u00e9rables aux possibilit\u00e9s de cheminements de vie et de carri\u00e8re.<\/p>\n<\/div>\n\n<div class=\"g-container\">\n<p>Les apprenants du cours\u00a0<strong>Entrepreneuriat\u00a0110<\/strong> exploreront divers domaines li\u00e9s aux comp\u00e9tences, aux connaissances et aux strat\u00e9gies des entrepreneurs. Les apprenants cr\u00e9eront un plan d\u2019affaires en explorant les ressources mises \u00e0 la disposition des entrepreneurs. Les sujets incluront l\u2019influence entrepreneuriale sur les personnes, le processus entrepreneurial, les r\u00e9percussions externes de l\u2019entrepreneuriat, le d\u00e9veloppement des affaires et l\u2019\u00e9tablissement de liens avec la carri\u00e8re.<\/p>\n<\/div>","protected":false},"excerpt":{"rendered":"<p>La vision de ce cours est de permettre aux apprenants d\u2019explorer le domaine de l\u2019entrepreneuriat en mettant l\u2019accent sur les gens, le processus, les r\u00e9percussions et les actions d\u2019entrepreneurs. Le cours am\u00e9liorera la capacit\u00e9 des apprenants \u00e0 acc\u00e9der \u00e0 des occasions et \u00e0 reconna\u00eetre l\u2019esprit entrepreneurial et les efforts n\u00e9cessaires pour exploiter une entreprise gr\u00e2ce [&hellip;]<\/p>\n","protected":false},"author":8,"featured_media":0,"parent":4384,"menu_order":0,"comment_status":"closed","ping_status":"closed","template":"pages\/template-subject.php","meta":{"_acf_changed":false,"footnotes":""},"class_list":["post-4404","page","type-page","status-publish","hentry"],"acf":[],"_links":{"self":[{"href":"https:\/\/curriculum.nbed.ca\/fr\/wp-json\/wp\/v2\/pages\/4404","targetHints":{"allow":["GET"]}}],"collection":[{"href":"https:\/\/curriculum.nbed.ca\/fr\/wp-json\/wp\/v2\/pages"}],"about":[{"href":"https:\/\/curriculum.nbed.ca\/fr\/wp-json\/wp\/v2\/types\/page"}],"author":[{"embeddable":true,"href":"https:\/\/curriculum.nbed.ca\/fr\/wp-json\/wp\/v2\/users\/8"}],"replies":[{"embeddable":true,"href":"https:\/\/curriculum.nbed.ca\/fr\/wp-json\/wp\/v2\/comments?post=4404"}],"version-history":[{"count":4,"href":"https:\/\/curriculum.nbed.ca\/fr\/wp-json\/wp\/v2\/pages\/4404\/revisions"}],"predecessor-version":[{"id":6119,"href":"https:\/\/curriculum.nbed.ca\/fr\/wp-json\/wp\/v2\/pages\/4404\/revisions\/6119"}],"up":[{"embeddable":true,"href":"https:\/\/curriculum.nbed.ca\/fr\/wp-json\/wp\/v2\/pages\/4384"}],"wp:attachment":[{"href":"https:\/\/curriculum.nbed.ca\/fr\/wp-json\/wp\/v2\/media?parent=4404"}],"curies":[{"name":"wp","href":"https:\/\/api.w.org\/{rel}","templated":true}]}}